{"id":4426,"date":"2019-11-22T12:55:16","date_gmt":"2019-11-22T11:55:16","guid":{"rendered":"https:\/\/nova.depoles.com\/trgovina\/delovna-miza-wt06\/"},"modified":"2026-02-12T13:47:06","modified_gmt":"2026-02-12T12:47:06","slug":"delovna-miza-wt06","status":"publish","type":"product","link":"https:\/\/www.depoles.com\/hr\/trgovina\/delovna-miza-wt06\/","title":{"rendered":"Radni stol WT06"},"content":{"rendered":"<p><strong>Tehni\u010dni podatki:<\/strong><\/p>\n<ul>\n<li><strong>Dimenzije (v mm):<\/strong> 1210 x 610 x 1500<\/li>\n<li><strong>Nosilnost (v kg):<\/strong> 100<\/li>\n<li><strong>Te\u017ea bruto (v kg):<\/strong> 36,50<\/li>\n<li><strong>Te\u017ea neto (v kg):<\/strong> 35<\/li>\n<li><strong>Dimenzije embala\u017ee (v mm):<\/strong>\n<ul>\n<li>\u0160irina: 655<\/li>\n<li>Dol\u017eina: 1245<\/li>\n<li>Vi\u0161ina: 90<\/li>\n<\/ul>\n<\/li>\n<li><strong>EAN koda:<\/strong> 9120058376870<\/li>\n<\/ul>\n","protected":false},"excerpt":{"rendered":"<h3>Poudarki izdelka<\/h3>\n<ul>\n<li>Zelo enostavna monta\u017ea zahvaljujo\u010d vti\u010dnemu sistemu.<\/li>\n<li>Velika delovna plo\u0161\u010da iz MDF na trdnem okvirju iz plo\u010devine.<\/li>\n<li>Vklju\u010duje 20 posami\u010dnih kavljev za hrbet.<\/li>\n<li>Dimenzije: 121 x 61 x 150 cm (D x \u0160 x V).<\/li>\n<li>Dva predala s krogli\u010dnimi le\u017eaji.<\/li>\n<li>Maksimalna nosilnost 100 kg.<\/li>\n<\/ul>\n","protected":false},"featured_media":4427,"template":"","meta":[],"product_brand":[],"product_cat":[1063,1041,1062],"product_tag":[],"class_list":{"0":"post-4426","1":"product","2":"type-product","3":"status-publish","4":"has-post-thumbnail","6":"product_cat-deloven-mize-ponki","7":"product_cat-oprema-za-delavnice-delovne-mize-ponki-in-police","8":"product_cat-oprema-za-delavnice-delovne-mize-ponki","10":"first","11":"instock","12":"shipping-taxable","13":"purchasable","14":"product-type-simple"},"_links":{"self":[{"href":"https:\/\/www.depoles.com\/hr\/wp-json\/wp\/v2\/product\/4426","targetHints":{"allow":["GET"]}}],"collection":[{"href":"https:\/\/www.depoles.com\/hr\/wp-json\/wp\/v2\/product"}],"about":[{"href":"https:\/\/www.depoles.com\/hr\/wp-json\/wp\/v2\/types\/product"}],"wp:featuredmedia":[{"embeddable":true,"href":"https:\/\/www.depoles.com\/hr\/wp-json\/wp\/v2\/media\/4427"}],"wp:attachment":[{"href":"https:\/\/www.depoles.com\/hr\/wp-json\/wp\/v2\/media?parent=4426"}],"wp:term":[{"taxonomy":"product_brand","embeddable":true,"href":"https:\/\/www.depoles.com\/hr\/wp-json\/wp\/v2\/product_brand?post=4426"},{"taxonomy":"product_cat","embeddable":true,"href":"https:\/\/www.depoles.com\/hr\/wp-json\/wp\/v2\/product_cat?post=4426"},{"taxonomy":"product_tag","embeddable":true,"href":"https:\/\/www.depoles.com\/hr\/wp-json\/wp\/v2\/product_tag?post=4426"}],"curies":[{"name":"wp","href":"https:\/\/api.w.org\/{rel}","templated":true}]}}