{"id":4432,"date":"2019-11-22T12:55:12","date_gmt":"2019-11-22T11:55:12","guid":{"rendered":"https:\/\/nova.depoles.com\/trgovina\/mizarski-delovni-ponk-miza-s-predali-wb155twin\/"},"modified":"2026-02-12T13:45:06","modified_gmt":"2026-02-12T12:45:06","slug":"mizarski-delovni-ponk-miza-s-predali-wb155twin","status":"publish","type":"product","link":"https:\/\/www.depoles.com\/hr\/trgovina\/mizarski-delovni-ponk-miza-s-predali-wb155twin\/","title":{"rendered":"STOL ZA STOLARSKI RAD\/TABLICA S LADICAMA WB155TWIN"},"content":{"rendered":"<p><strong>Specifikacije izdelka<\/strong><\/p>\n<ul>\n<li><strong>Dimenzije (mm):<\/strong> 1550 x 1170 x 860<\/li>\n<li><strong>Nosilnost (kg):<\/strong> 150<\/li>\n<li><strong>Te\u017ea:<\/strong>\n<ul>\n<li>Bruto te\u017ea (kg): 64<\/li>\n<li>Netto te\u017ea (kg): 58<\/li>\n<\/ul>\n<\/li>\n<li><strong>Embala\u017ea (mm):<\/strong>\n<ul>\n<li>\u0160irina: 880<\/li>\n<li>Dol\u017eina: 1280<\/li>\n<li>Vi\u0161ina: 240<\/li>\n<\/ul>\n<\/li>\n<li><strong>Splo\u0161ni podatki:<\/strong>\n<ul>\n<li>EAN koda: 9120058377891<\/li>\n<\/ul>\n<\/li>\n<\/ul>\n","protected":false},"excerpt":{"rendered":"<h3>Opis izdelka<\/h3>\n<p>Delovna miza iz masivnega lesa je primerna za razli\u010dne namene, idealna za samostojne strokovne delavnice in usposabljanja, saj omogo\u010da delo dvema osebama hkrati. Pona\u0161a se z gumijasto delovno plo\u0161\u010do debeline 20 mm, \u0161tirimi vizumi, prostorom za shranjevanje (pladenj) ter dvema kovinskima klopoma.<\/p>\n","protected":false},"featured_media":4433,"template":"","meta":[],"product_brand":[],"product_cat":[1041,1062,1012],"product_tag":[],"class_list":{"0":"post-4432","1":"product","2":"type-product","3":"status-publish","4":"has-post-thumbnail","6":"product_cat-oprema-za-delavnice-delovne-mize-ponki-in-police","7":"product_cat-oprema-za-delavnice-delovne-mize-ponki","8":"product_cat-stroji-za-les","10":"first","11":"instock","12":"shipping-taxable","13":"purchasable","14":"product-type-simple"},"_links":{"self":[{"href":"https:\/\/www.depoles.com\/hr\/wp-json\/wp\/v2\/product\/4432","targetHints":{"allow":["GET"]}}],"collection":[{"href":"https:\/\/www.depoles.com\/hr\/wp-json\/wp\/v2\/product"}],"about":[{"href":"https:\/\/www.depoles.com\/hr\/wp-json\/wp\/v2\/types\/product"}],"wp:featuredmedia":[{"embeddable":true,"href":"https:\/\/www.depoles.com\/hr\/wp-json\/wp\/v2\/media\/4433"}],"wp:attachment":[{"href":"https:\/\/www.depoles.com\/hr\/wp-json\/wp\/v2\/media?parent=4432"}],"wp:term":[{"taxonomy":"product_brand","embeddable":true,"href":"https:\/\/www.depoles.com\/hr\/wp-json\/wp\/v2\/product_brand?post=4432"},{"taxonomy":"product_cat","embeddable":true,"href":"https:\/\/www.depoles.com\/hr\/wp-json\/wp\/v2\/product_cat?post=4432"},{"taxonomy":"product_tag","embeddable":true,"href":"https:\/\/www.depoles.com\/hr\/wp-json\/wp\/v2\/product_tag?post=4432"}],"curies":[{"name":"wp","href":"https:\/\/api.w.org\/{rel}","templated":true}]}}