{"id":4438,"date":"2019-11-22T12:55:09","date_gmt":"2019-11-22T11:55:09","guid":{"rendered":"https:\/\/nova.depoles.com\/trgovina\/stojalo-do-dsm-serije-dsmms1\/"},"modified":"2026-02-12T13:49:18","modified_gmt":"2026-02-12T12:49:18","slug":"stojalo-do-dsm-serije-dsmms1","status":"publish","type":"product","link":"https:\/\/www.depoles.com\/hr\/trgovina\/stojalo-do-dsm-serije-dsmms1\/","title":{"rendered":"Stalak za DSM seriju DSMMS1"},"content":{"rendered":"<p><strong>Tehni\u010dne specifikacije<\/strong><\/p>\n<ul>\n<li><strong>Dimenzije (\u0160 x V x G):<\/strong> 320 x 206 x 990 mm<\/li>\n<li><strong>Te\u017ea:<\/strong>\n<ul>\n<li>Bruto te\u017ea: 14 kg<\/li>\n<li>Netto te\u017ea: 12,30 kg<\/li>\n<\/ul>\n<\/li>\n<li><strong>Embala\u017ea:<\/strong>\n<ul>\n<li>\u0160irina embala\u017ee: 325 mm<\/li>\n<li>Vi\u0161ina embala\u017ee: 206 mm<\/li>\n<li>Dol\u017eina embala\u017ee: 710 mm<\/li>\n<\/ul>\n<\/li>\n<li><strong>EAN koda:<\/strong> 9120039900827<\/li>\n<\/ul>\n","protected":false},"excerpt":{"rendered":"<h3>Poudarki izdelka<\/h3>\n<ul>\n<li>Industrijski razred<\/li>\n<li>Po\u010dasi vrte\u010di mokri brusni disk<\/li>\n<li>Popoln za bru\u0161enje ali ostrenje no\u017eev, \u0161karj in podobnih orodij<\/li>\n<li>Ognji\u0161\u010de: zrno 80, 134 vrt.\/min<\/li>\n<li>Brusni disk: zrno 60, 2950 vrt.\/min<\/li>\n<\/ul>\n","protected":false},"featured_media":4439,"template":"","meta":[],"product_brand":[],"product_cat":[1066,1062],"product_tag":[],"class_list":{"0":"post-4438","1":"product","2":"type-product","3":"status-publish","4":"has-post-thumbnail","6":"product_cat-brusilniki-poliranje-brusenje","7":"product_cat-oprema-za-delavnice-delovne-mize-ponki","9":"first","10":"instock","11":"shipping-taxable","12":"purchasable","13":"product-type-simple"},"_links":{"self":[{"href":"https:\/\/www.depoles.com\/hr\/wp-json\/wp\/v2\/product\/4438","targetHints":{"allow":["GET"]}}],"collection":[{"href":"https:\/\/www.depoles.com\/hr\/wp-json\/wp\/v2\/product"}],"about":[{"href":"https:\/\/www.depoles.com\/hr\/wp-json\/wp\/v2\/types\/product"}],"wp:featuredmedia":[{"embeddable":true,"href":"https:\/\/www.depoles.com\/hr\/wp-json\/wp\/v2\/media\/4439"}],"wp:attachment":[{"href":"https:\/\/www.depoles.com\/hr\/wp-json\/wp\/v2\/media?parent=4438"}],"wp:term":[{"taxonomy":"product_brand","embeddable":true,"href":"https:\/\/www.depoles.com\/hr\/wp-json\/wp\/v2\/product_brand?post=4438"},{"taxonomy":"product_cat","embeddable":true,"href":"https:\/\/www.depoles.com\/hr\/wp-json\/wp\/v2\/product_cat?post=4438"},{"taxonomy":"product_tag","embeddable":true,"href":"https:\/\/www.depoles.com\/hr\/wp-json\/wp\/v2\/product_tag?post=4438"}],"curies":[{"name":"wp","href":"https:\/\/api.w.org\/{rel}","templated":true}]}}