{"id":4440,"date":"2019-11-22T12:55:09","date_gmt":"2019-11-22T11:55:09","guid":{"rendered":"https:\/\/nova.depoles.com\/trgovina\/2pcs-drzalo-orodja-za-dleta-nts200hs2\/"},"modified":"2026-02-12T13:48:19","modified_gmt":"2026-02-12T12:48:19","slug":"2pcs-drzalo-orodja-za-dleta-nts200hs2","status":"publish","type":"product","link":"https:\/\/www.depoles.com\/hr\/trgovina\/2pcs-drzalo-orodja-za-dleta-nts200hs2\/","title":{"rendered":"2 kom dr\u017ea\u010d alata za dlijeta NTS200HS2"},"content":{"rendered":"<p><strong>Specifikacija izdelka:<\/strong><\/p>\n<table>\n<tbody>\n<tr>\n<th colspan=\"2\">Te\u017ea<\/th>\n<\/tr>\n<tr>\n<td>Bruto te\u017ea (kg)<\/td>\n<td>0,97<\/td>\n<\/tr>\n<tr>\n<td>Neto te\u017ea (kg)<\/td>\n<td>0,95<\/td>\n<\/tr>\n<tr>\n<th colspan=\"2\">Embala\u017ea<\/th>\n<\/tr>\n<tr>\n<td>Dol\u017eina embala\u017ee (mm)<\/td>\n<td>100<\/td>\n<\/tr>\n<tr>\n<td>\u0160irina embala\u017ee (mm)<\/td>\n<td>100<\/td>\n<\/tr>\n<tr>\n<td>Vi\u0161ina embala\u017ee (mm)<\/td>\n<td>50<\/td>\n<\/tr>\n<tr>\n<th colspan=\"2\">Splo\u0161ni podatki<\/th>\n<\/tr>\n<tr>\n<td>EAN koda<\/td>\n<td>9120039900735<\/td>\n<\/tr>\n<\/tbody>\n<\/table>\n","protected":false},"excerpt":{"rendered":"<h3>Poudarki izdelka<\/h3>\n<ul>\n<li>Industrijski razred<\/li>\n<li>Po\u010dasi te\u010de mokri brusni disk<\/li>\n<li>Primeren za bru\u0161enje ali ostrenje no\u017eev, \u0161karj in podobnih predmetov<\/li>\n<li>Ognji\u0161\u010de: zrno 80, 134 vrt.\/min<\/li>\n<li>Brusni disk: zrno 60, 2950 vrt.\/min<\/li>\n<\/ul>\n","protected":false},"featured_media":4441,"template":"","meta":[],"product_brand":[],"product_cat":[1066,1062],"product_tag":[],"class_list":{"0":"post-4440","1":"product","2":"type-product","3":"status-publish","4":"has-post-thumbnail","6":"product_cat-brusilniki-poliranje-brusenje","7":"product_cat-oprema-za-delavnice-delovne-mize-ponki","9":"first","10":"instock","11":"shipping-taxable","12":"purchasable","13":"product-type-simple"},"_links":{"self":[{"href":"https:\/\/www.depoles.com\/hr\/wp-json\/wp\/v2\/product\/4440","targetHints":{"allow":["GET"]}}],"collection":[{"href":"https:\/\/www.depoles.com\/hr\/wp-json\/wp\/v2\/product"}],"about":[{"href":"https:\/\/www.depoles.com\/hr\/wp-json\/wp\/v2\/types\/product"}],"wp:featuredmedia":[{"embeddable":true,"href":"https:\/\/www.depoles.com\/hr\/wp-json\/wp\/v2\/media\/4441"}],"wp:attachment":[{"href":"https:\/\/www.depoles.com\/hr\/wp-json\/wp\/v2\/media?parent=4440"}],"wp:term":[{"taxonomy":"product_brand","embeddable":true,"href":"https:\/\/www.depoles.com\/hr\/wp-json\/wp\/v2\/product_brand?post=4440"},{"taxonomy":"product_cat","embeddable":true,"href":"https:\/\/www.depoles.com\/hr\/wp-json\/wp\/v2\/product_cat?post=4440"},{"taxonomy":"product_tag","embeddable":true,"href":"https:\/\/www.depoles.com\/hr\/wp-json\/wp\/v2\/product_tag?post=4440"}],"curies":[{"name":"wp","href":"https:\/\/api.w.org\/{rel}","templated":true}]}}