{"id":4463,"date":"2019-11-22T12:54:57","date_gmt":"2019-11-22T11:54:57","guid":{"rendered":"https:\/\/nova.depoles.com\/trgovina\/drzala-set-za-nts250set\/"},"modified":"2026-03-06T14:01:36","modified_gmt":"2026-03-06T13:01:36","slug":"drzala-set-za-nts250set","status":"publish","type":"product","link":"https:\/\/www.depoles.com\/hr\/trgovina\/drzala-set-za-nts250set\/","title":{"rendered":"DR\u017dA\u010cI SET za NTS250SET"},"content":{"rendered":"<p><strong>Tehni\u010dne specifikacije<\/strong><\/p>\n<ul>\n<li><strong>Te\u017ea<\/strong>\n<ul>\n<li>Neto te\u017ea: 0,95 kg<\/li>\n<li>Bruto te\u017ea: 0,97 kg<\/li>\n<\/ul>\n<\/li>\n<li><strong>Embala\u017ea<\/strong>\n<ul>\n<li>Vi\u0161ina embala\u017ee: 50 mm<\/li>\n<li>Dol\u017eina embala\u017ee: 100 mm<\/li>\n<li>\u0160irina embala\u017ee: 100 mm<\/li>\n<\/ul>\n<\/li>\n<li><strong>Splo\u0161ni podatki<\/strong>\n<ul>\n<li>EAN koda: 9120058375972<\/li>\n<\/ul>\n<\/li>\n<\/ul>\n","protected":false},"excerpt":{"rendered":"<h3>Poudarki<\/h3>\n<p>Komplet \u0161tirih dr\u017eal za ostrenje no\u017eev, primeren za rezanje lesa in rezbarske no\u017ee.<\/p>\n","protected":false},"featured_media":4464,"template":"","meta":[],"product_brand":[],"product_cat":[1066,1062],"product_tag":[236,314,334,441,566,595,599,615,805],"class_list":{"0":"post-4463","1":"product","2":"type-product","3":"status-publish","4":"has-post-thumbnail","6":"product_cat-brusilniki-poliranje-brusenje","7":"product_cat-oprema-za-delavnice-delovne-mize-ponki","8":"product_tag-brusilnik","9":"product_tag-depoles","10":"product_tag-drzala","11":"product_tag-holzmann","12":"product_tag-mokro","13":"product_tag-nozev","14":"product_tag-nts250set","15":"product_tag-orodja","16":"product_tag-suhi","18":"first","19":"instock","20":"shipping-taxable","21":"purchasable","22":"product-type-simple"},"_links":{"self":[{"href":"https:\/\/www.depoles.com\/hr\/wp-json\/wp\/v2\/product\/4463","targetHints":{"allow":["GET"]}}],"collection":[{"href":"https:\/\/www.depoles.com\/hr\/wp-json\/wp\/v2\/product"}],"about":[{"href":"https:\/\/www.depoles.com\/hr\/wp-json\/wp\/v2\/types\/product"}],"wp:featuredmedia":[{"embeddable":true,"href":"https:\/\/www.depoles.com\/hr\/wp-json\/wp\/v2\/media\/4464"}],"wp:attachment":[{"href":"https:\/\/www.depoles.com\/hr\/wp-json\/wp\/v2\/media?parent=4463"}],"wp:term":[{"taxonomy":"product_brand","embeddable":true,"href":"https:\/\/www.depoles.com\/hr\/wp-json\/wp\/v2\/product_brand?post=4463"},{"taxonomy":"product_cat","embeddable":true,"href":"https:\/\/www.depoles.com\/hr\/wp-json\/wp\/v2\/product_cat?post=4463"},{"taxonomy":"product_tag","embeddable":true,"href":"https:\/\/www.depoles.com\/hr\/wp-json\/wp\/v2\/product_tag?post=4463"}],"curies":[{"name":"wp","href":"https:\/\/api.w.org\/{rel}","templated":true}]}}