{"id":4469,"date":"2019-11-22T12:54:55","date_gmt":"2019-11-22T11:54:55","guid":{"rendered":"https:\/\/nova.depoles.com\/trgovina\/brusilka-krozne-zage-mty8-70_230v\/"},"modified":"2026-02-12T13:52:53","modified_gmt":"2026-02-12T12:52:53","slug":"brusilka-krozne-zage-mty8-70_230v","status":"publish","type":"product","link":"https:\/\/www.depoles.com\/hr\/trgovina\/brusilka-krozne-zage-mty8-70_230v\/","title":{"rendered":"Brusilica za kru\u017ene pile MTY8-70_230V"},"content":{"rendered":"<p><strong>Tehni\u010dna specifikacija<\/strong><\/p>\n<ul>\n<li><strong>Podatki o motorju:<\/strong>\n<ul>\n<li>Mo\u010d motorja S1: 250 W<\/li>\n<li>Hitrost: 2850 min\u207b\u00b9<\/li>\n<li>Napetost: 230 V<\/li>\n<\/ul>\n<\/li>\n<li><strong>Dimenzije:<\/strong>\n<ul>\n<li>Skupne dimenzije: 750 x 750 x 350 mm<\/li>\n<\/ul>\n<\/li>\n<li><strong>Kro\u017ene \u017eage:<\/strong>\n<ul>\n<li>Premer \u017eaginega lista: 80 &#8211; 700 mm<\/li>\n<\/ul>\n<\/li>\n<li><strong>Bru\u0161enje:<\/strong>\n<ul>\n<li>Horizontalni zamah nosilca \u017eaginega lista: -30\u00b0 do +45\u00b0<\/li>\n<li>Specifikacije brusnega kolesa: 125 x 10 x 13 mm<\/li>\n<li>Brusni kot: -20\u00b0 do +20\u00b0<\/li>\n<\/ul>\n<\/li>\n<li><strong>Te\u017ea:<\/strong>\n<ul>\n<li>Bruto te\u017ea: 23 kg<\/li>\n<li>Netto te\u017ea: 20 kg<\/li>\n<\/ul>\n<\/li>\n<li><strong>Embala\u017ea:<\/strong>\n<ul>\n<li>Dol\u017eina embala\u017ee: 430 mm<\/li>\n<li>\u0160irina embala\u017ee: 430 mm<\/li>\n<li>Vi\u0161ina embala\u017ee: 345 mm<\/li>\n<\/ul>\n<\/li>\n<li><strong>Splo\u0161ni podatki:<\/strong>\n<ul>\n<li>EAN koda: 9120039900377<\/li>\n<\/ul>\n<\/li>\n<\/ul>\n","protected":false},"excerpt":{"rendered":"<h3>Poudarki brusilne kro\u017ene \u017eage MTY 8-70<\/h3>\n<p>Brusilna kro\u017ena \u017eaga MTY 8-70 omogo\u010da hitro in natan\u010dno ostrenje va\u0161e \u017eage. Njene glavne zna\u010dilnosti so:<\/p>\n<ul>\n<li>diamantni disk za \u017eage HSS<\/li>\n<li>sivo stojalo iz litega materiala za visoko natan\u010dnost<\/li>\n<li>brusno kolo z nastavitvijo kota za ostrenje razli\u010dnih rezil<\/li>\n<li>dr\u017ealo \u017eage za nastavitev kota za razli\u010dne robove<\/li>\n<li>gumijasta stopala za bla\u017eeno in tiho delovanje<\/li>\n<li>enostavno ro\u010dno rokovanje z visokim izkoristkom<\/li>\n<\/ul>\n<p><strong>Vklju\u010deno v dobavo:<\/strong> diamantni disk za ostrenje \u017eag TCT ter diski za razli\u010dne vrste vrtalnih \u017eag.<\/p>\n","protected":false},"featured_media":4470,"template":"","meta":[],"product_brand":[],"product_cat":[1066,1062],"product_tag":[],"class_list":{"0":"post-4469","1":"product","2":"type-product","3":"status-publish","4":"has-post-thumbnail","6":"product_cat-brusilniki-poliranje-brusenje","7":"product_cat-oprema-za-delavnice-delovne-mize-ponki","9":"first","10":"instock","11":"shipping-taxable","12":"purchasable","13":"product-type-simple"},"_links":{"self":[{"href":"https:\/\/www.depoles.com\/hr\/wp-json\/wp\/v2\/product\/4469","targetHints":{"allow":["GET"]}}],"collection":[{"href":"https:\/\/www.depoles.com\/hr\/wp-json\/wp\/v2\/product"}],"about":[{"href":"https:\/\/www.depoles.com\/hr\/wp-json\/wp\/v2\/types\/product"}],"wp:featuredmedia":[{"embeddable":true,"href":"https:\/\/www.depoles.com\/hr\/wp-json\/wp\/v2\/media\/4470"}],"wp:attachment":[{"href":"https:\/\/www.depoles.com\/hr\/wp-json\/wp\/v2\/media?parent=4469"}],"wp:term":[{"taxonomy":"product_brand","embeddable":true,"href":"https:\/\/www.depoles.com\/hr\/wp-json\/wp\/v2\/product_brand?post=4469"},{"taxonomy":"product_cat","embeddable":true,"href":"https:\/\/www.depoles.com\/hr\/wp-json\/wp\/v2\/product_cat?post=4469"},{"taxonomy":"product_tag","embeddable":true,"href":"https:\/\/www.depoles.com\/hr\/wp-json\/wp\/v2\/product_tag?post=4469"}],"curies":[{"name":"wp","href":"https:\/\/api.w.org\/{rel}","templated":true}]}}