{"id":4480,"date":"2019-11-22T12:54:44","date_gmt":"2019-11-22T11:54:44","guid":{"rendered":"https:\/\/nova.depoles.com\/trgovina\/elektricni-vrtalnik-2-13mm-bsg13pro_230v\/"},"modified":"2026-02-12T13:57:50","modified_gmt":"2026-02-12T12:57:50","slug":"elektricni-vrtalnik-2-13mm-bsg13pro_230v","status":"publish","type":"product","link":"https:\/\/www.depoles.com\/hr\/trgovina\/elektricni-vrtalnik-2-13mm-bsg13pro_230v\/","title":{"rendered":"BRUSILICA\/\u0160ILJILO ZA SVRDLA BSG13PRO_230V"},"content":{"rendered":"<p><strong>Specifikacije izdelka:<\/strong><\/p>\n<ul>\n<li><strong>Motor:<\/strong>\n<ul>\n<li>Mo\u010d motorja S1: 180 W<\/li>\n<li>Hitrost: 5300 min\u207b\u00b9<\/li>\n<li>Napetost: 230 V \/ 50 Hz<\/li>\n<\/ul>\n<\/li>\n<li><strong>Bru\u0161enje:<\/strong>\n<ul>\n<li>Premer svedra: 3-13 mm<\/li>\n<\/ul>\n<\/li>\n<li><strong>Te\u017ea:<\/strong>\n<ul>\n<li>Bruto te\u017ea: 10 kg<\/li>\n<li>Netto te\u017ea: 9,5 kg<\/li>\n<\/ul>\n<\/li>\n<li><strong>Embala\u017ea:<\/strong>\n<ul>\n<li>Dol\u017eina embala\u017ee: 310 mm<\/li>\n<li>\u0160irina embala\u017ee: 170 mm<\/li>\n<li>Vi\u0161ina embala\u017ee: 180 mm<\/li>\n<\/ul>\n<\/li>\n<li><strong>Splo\u0161ni podatki:<\/strong>\n<ul>\n<li>EAN koda: 9120058371851<\/li>\n<\/ul>\n<\/li>\n<\/ul>\n","protected":false},"excerpt":{"rendered":"<h3>Poudarki izdelka<\/h3>\n<p>Odkrijte odli\u010dno orodje, ki zdru\u017euje natan\u010dnost in enostavnost uporabe:<\/p>\n<ul>\n<li>Hitro in natan\u010dno ostrenje<\/li>\n<li>Enostaven za uporabo<\/li>\n<li>Diamantni disk kot standard \u2013 zagotavlja natan\u010den kot<\/li>\n<li>Zmogljiv in zanesljiv motor z dolgo \u017eivljenjsko dobo<\/li>\n<li>Enostavna menjava ostrilnih obro\u010dev<\/li>\n<li>Krogli\u010dni le\u017eaj za bolj\u0161o stabilnost<\/li>\n<li>Blokirne naprave za natan\u010den kot bru\u0161enja (90 \u00b0\u2013135 \u00b0)<\/li>\n<\/ul>\n<p><strong>Vsebina izdelka:<\/strong> CBN disk, vpenjalna glava<\/p>\n","protected":false},"featured_media":4481,"template":"","meta":[],"product_brand":[],"product_cat":[1066,1062],"product_tag":[],"class_list":{"0":"post-4480","1":"product","2":"type-product","3":"status-publish","4":"has-post-thumbnail","6":"product_cat-brusilniki-poliranje-brusenje","7":"product_cat-oprema-za-delavnice-delovne-mize-ponki","9":"first","10":"instock","11":"shipping-taxable","12":"purchasable","13":"product-type-simple"},"_links":{"self":[{"href":"https:\/\/www.depoles.com\/hr\/wp-json\/wp\/v2\/product\/4480","targetHints":{"allow":["GET"]}}],"collection":[{"href":"https:\/\/www.depoles.com\/hr\/wp-json\/wp\/v2\/product"}],"about":[{"href":"https:\/\/www.depoles.com\/hr\/wp-json\/wp\/v2\/types\/product"}],"wp:featuredmedia":[{"embeddable":true,"href":"https:\/\/www.depoles.com\/hr\/wp-json\/wp\/v2\/media\/4481"}],"wp:attachment":[{"href":"https:\/\/www.depoles.com\/hr\/wp-json\/wp\/v2\/media?parent=4480"}],"wp:term":[{"taxonomy":"product_brand","embeddable":true,"href":"https:\/\/www.depoles.com\/hr\/wp-json\/wp\/v2\/product_brand?post=4480"},{"taxonomy":"product_cat","embeddable":true,"href":"https:\/\/www.depoles.com\/hr\/wp-json\/wp\/v2\/product_cat?post=4480"},{"taxonomy":"product_tag","embeddable":true,"href":"https:\/\/www.depoles.com\/hr\/wp-json\/wp\/v2\/product_tag?post=4480"}],"curies":[{"name":"wp","href":"https:\/\/api.w.org\/{rel}","templated":true}]}}