{"id":4483,"date":"2019-11-22T12:54:43","date_gmt":"2019-11-22T11:54:43","guid":{"rendered":"https:\/\/nova.depoles.com\/trgovina\/brusilnik-za-skobeljne-noze-ms7000_230v\/"},"modified":"2025-12-17T16:11:07","modified_gmt":"2025-12-17T15:11:07","slug":"brusilnik-za-skobeljne-noze-ms7000_230v","status":"publish","type":"product","link":"https:\/\/www.depoles.com\/hr\/trgovina\/brusilnik-za-skobeljne-noze-ms7000_230v\/","title":{"rendered":"Brusilica za glodalice MS7000_230V"},"content":{"rendered":"<p><strong>Tehni\u010dni podatki<\/strong><\/p>\n<ul>\n<li><strong>Motor<\/strong>\n<ul>\n<li>Mo\u010d motorja S1: 550 W<\/li>\n<li>Hitrost: 2800 min\u207b\u00b9<\/li>\n<li>Napetost: 230 V<\/li>\n<\/ul>\n<\/li>\n<li><strong>Dimenzije<\/strong>\n<ul>\n<li>Obseg vrtenja: 0\u00b0 &#8211; 90\u00b0<\/li>\n<\/ul>\n<\/li>\n<li><strong>Bru\u0161enje<\/strong>\n<ul>\n<li>Specifikacije brusilnega kolesa: 100 x 50 x 20 mm<\/li>\n<\/ul>\n<\/li>\n<li><strong>Te\u017ea<\/strong>\n<ul>\n<li>Bruto te\u017ea: 85 kg<\/li>\n<li>Netto te\u017ea: 65 kg<\/li>\n<\/ul>\n<\/li>\n<li><strong>Pakiranje<\/strong>\n<ul>\n<li>Dol\u017eina pakiranja: 900 mm<\/li>\n<li>\u0160irina pakiranja: 480 mm<\/li>\n<li>Vi\u0161ina pakiranja: 460 mm<\/li>\n<\/ul>\n<\/li>\n<li><strong>Splo\u0161ni podatki<\/strong>\n<ul>\n<li>EAN koda: 9120039904504<\/li>\n<\/ul>\n<\/li>\n<\/ul>\n","protected":false},"excerpt":{"rendered":"<h3><\/h3>\n<ul>\n<li><strong>MS7000 brusilnik s hlajenjem<\/strong><\/li>\n<li>vklj. hladilni sistem<\/li>\n<li>do 630 mm skobeljne no\u017ee<\/li>\n<li>nastavitev brez ve\u010djih lastnosti in vibracij omogo\u010da popolne rezultate bru\u0161enja<\/li>\n<li>enostaven in u\u010dinkovit sistem vpenjanja skobeljnega no\u017ea<\/li>\n<li>nastavljiv je vsak kot rezanja<\/li>\n<li>brusni disk: \u00f8100 mm, izvrtina: 20 mm, 2800 vrt.\/min<\/li>\n<\/ul>\n","protected":false},"featured_media":4484,"template":"","meta":[],"product_brand":[],"product_cat":[1066,1062],"product_tag":[223,234,236,314,441,577,595,653,753],"class_list":{"0":"post-4483","1":"product","2":"type-product","3":"status-publish","4":"has-post-thumbnail","6":"product_cat-brusilniki-poliranje-brusenje","7":"product_cat-oprema-za-delavnice-delovne-mize-ponki","8":"product_tag-blanja","9":"product_tag-brusilica","10":"product_tag-brusilnik","11":"product_tag-depoles","12":"product_tag-holzmann","13":"product_tag-ms7000","14":"product_tag-nozev","15":"product_tag-poravnalka","16":"product_tag-skobeljnih","18":"first","19":"instock","20":"shipping-taxable","21":"purchasable","22":"product-type-simple"},"_links":{"self":[{"href":"https:\/\/www.depoles.com\/hr\/wp-json\/wp\/v2\/product\/4483","targetHints":{"allow":["GET"]}}],"collection":[{"href":"https:\/\/www.depoles.com\/hr\/wp-json\/wp\/v2\/product"}],"about":[{"href":"https:\/\/www.depoles.com\/hr\/wp-json\/wp\/v2\/types\/product"}],"wp:featuredmedia":[{"embeddable":true,"href":"https:\/\/www.depoles.com\/hr\/wp-json\/wp\/v2\/media\/4484"}],"wp:attachment":[{"href":"https:\/\/www.depoles.com\/hr\/wp-json\/wp\/v2\/media?parent=4483"}],"wp:term":[{"taxonomy":"product_brand","embeddable":true,"href":"https:\/\/www.depoles.com\/hr\/wp-json\/wp\/v2\/product_brand?post=4483"},{"taxonomy":"product_cat","embeddable":true,"href":"https:\/\/www.depoles.com\/hr\/wp-json\/wp\/v2\/product_cat?post=4483"},{"taxonomy":"product_tag","embeddable":true,"href":"https:\/\/www.depoles.com\/hr\/wp-json\/wp\/v2\/product_tag?post=4483"}],"curies":[{"name":"wp","href":"https:\/\/api.w.org\/{rel}","templated":true}]}}