{"id":4486,"date":"2019-11-22T12:54:42","date_gmt":"2019-11-22T11:54:42","guid":{"rendered":"https:\/\/nova.depoles.com\/trgovina\/skobeljni-noz-hms700_400v\/"},"modified":"2026-02-12T13:45:34","modified_gmt":"2026-02-12T12:45:34","slug":"skobeljni-noz-hms700_400v","status":"publish","type":"product","link":"https:\/\/www.depoles.com\/hr\/trgovina\/skobeljni-noz-hms700_400v\/","title":{"rendered":"Brusilica za glodalice i ostale no\u017eeve HMS700_400V"},"content":{"rendered":"<p><strong>Specifikacije izdelka<\/strong><\/p>\n<table>\n<tbody>\n<tr>\n<th colspan=\"2\">Podatki o motorju<\/th>\n<\/tr>\n<tr>\n<td>Mo\u010d motorja S1 (W)<\/td>\n<td>1500<\/td>\n<\/tr>\n<tr>\n<td>Hitrost (min-1)<\/td>\n<td>2800<\/td>\n<\/tr>\n<tr>\n<td>Napetost<\/td>\n<td>400V \/ 3 \/ 50Hz<\/td>\n<\/tr>\n<tr>\n<th colspan=\"2\">Bru\u0161enje<\/th>\n<\/tr>\n<tr>\n<td>Max. dol\u017eina bru\u0161enja no\u017ea (mm)<\/td>\n<td>700<\/td>\n<\/tr>\n<tr>\n<td>Kot bru\u0161enja<\/td>\n<td>0-90\u00b0<\/td>\n<\/tr>\n<tr>\n<td>Dimenzije brusnega kolesa (mm)<\/td>\n<td>\u00d8 150 x 50 x 32<\/td>\n<\/tr>\n<tr>\n<th colspan=\"2\">Te\u017ea<\/th>\n<\/tr>\n<tr>\n<td>Bruto te\u017ea (kg)<\/td>\n<td>220<\/td>\n<\/tr>\n<tr>\n<td>Netto te\u017ea (kg)<\/td>\n<td>180<\/td>\n<\/tr>\n<tr>\n<th colspan=\"2\">Embala\u017ea<\/th>\n<\/tr>\n<tr>\n<td>Vi\u0161ina embala\u017ee (mm)<\/td>\n<td>1130<\/td>\n<\/tr>\n<tr>\n<td>\u0160irina embala\u017ee (mm)<\/td>\n<td>545<\/td>\n<\/tr>\n<tr>\n<td>Dol\u017eina embala\u017ee (mm)<\/td>\n<td>1160<\/td>\n<\/tr>\n<tr>\n<th colspan=\"2\">Splo\u0161ni podatki<\/th>\n<\/tr>\n<tr>\n<td>EAN koda<\/td>\n<td>9120058372421<\/td>\n<\/tr>\n<\/tbody>\n<\/table>\n","protected":false},"excerpt":{"rendered":"<h3>Lastnosti izdelka<\/h3>\n<p>Orodje omogo\u010da bru\u0161enje razli\u010dnih ravnih rezil pod razli\u010dnimi koti, na primer skobeljnega no\u017ea. Namenjeno je mletju do \u0161tirih rezil hkrati in je primerno za ostrenje rezil iz HSS jekla. Posebej je prilagojeno za uporabo v pohi\u0161tveni industriji ter vklju\u010duje napravo za hladilno teko\u010dino.<\/p>\n<ul>\n<li>Omogo\u010da bru\u0161enje razli\u010dnih ravnih rezil pod razli\u010dnimi koti<\/li>\n<li>Za mletje do 4 rezil hkrati<\/li>\n<li>Primerno za ostrenje rezil HSS<\/li>\n<li>Prilagojeno za pohi\u0161tveno industrijo<\/li>\n<li>Vklju\u010dena naprava za hladilno teko\u010dino<\/li>\n<li><strong>Maksimalne mere no\u017ea: 700 x 150 x 15 mm<\/strong><\/li>\n<\/ul>\n","protected":false},"featured_media":4487,"template":"","meta":[],"product_brand":[],"product_cat":[1066,1062],"product_tag":[],"class_list":{"0":"post-4486","1":"product","2":"type-product","3":"status-publish","4":"has-post-thumbnail","6":"product_cat-brusilniki-poliranje-brusenje","7":"product_cat-oprema-za-delavnice-delovne-mize-ponki","9":"first","10":"instock","11":"shipping-taxable","12":"purchasable","13":"product-type-simple"},"_links":{"self":[{"href":"https:\/\/www.depoles.com\/hr\/wp-json\/wp\/v2\/product\/4486","targetHints":{"allow":["GET"]}}],"collection":[{"href":"https:\/\/www.depoles.com\/hr\/wp-json\/wp\/v2\/product"}],"about":[{"href":"https:\/\/www.depoles.com\/hr\/wp-json\/wp\/v2\/types\/product"}],"wp:featuredmedia":[{"embeddable":true,"href":"https:\/\/www.depoles.com\/hr\/wp-json\/wp\/v2\/media\/4487"}],"wp:attachment":[{"href":"https:\/\/www.depoles.com\/hr\/wp-json\/wp\/v2\/media?parent=4486"}],"wp:term":[{"taxonomy":"product_brand","embeddable":true,"href":"https:\/\/www.depoles.com\/hr\/wp-json\/wp\/v2\/product_brand?post=4486"},{"taxonomy":"product_cat","embeddable":true,"href":"https:\/\/www.depoles.com\/hr\/wp-json\/wp\/v2\/product_cat?post=4486"},{"taxonomy":"product_tag","embeddable":true,"href":"https:\/\/www.depoles.com\/hr\/wp-json\/wp\/v2\/product_tag?post=4486"}],"curies":[{"name":"wp","href":"https:\/\/api.w.org\/{rel}","templated":true}]}}