{"id":4488,"date":"2019-11-22T12:54:31","date_gmt":"2019-11-22T11:54:31","guid":{"rendered":"https:\/\/nova.depoles.com\/trgovina\/brusilnik-za-skobeljne-noze-ms6000_230v\/"},"modified":"2026-02-22T10:34:37","modified_gmt":"2026-02-22T09:34:37","slug":"brusilnik-za-skobeljne-noze-ms6000_230v","status":"publish","type":"product","link":"https:\/\/www.depoles.com\/hr\/trgovina\/brusilnik-za-skobeljne-noze-ms6000_230v\/","title":{"rendered":"Brusilica za glodalice MS6000_230V"},"content":{"rendered":"<p><strong>Specifikacija izdelka<\/strong><\/p>\n<ul>\n<li><strong>Motor<\/strong>\n<ul>\n<li>Mo\u010d motorja S1: 375 W<\/li>\n<li>Napetost: 230 V<\/li>\n<\/ul>\n<\/li>\n<li><strong>Dimenzije<\/strong>\n<ul>\n<li>Obseg vrtenja: 15\u00b0 &#8211; 90\u00b0<\/li>\n<\/ul>\n<\/li>\n<li><strong>Te\u017ea<\/strong>\n<ul>\n<li>Bruto te\u017ea: 40 kg<\/li>\n<li>Netto te\u017ea: 36 kg<\/li>\n<\/ul>\n<\/li>\n<li><strong>Embala\u017ea<\/strong>\n<ul>\n<li>Dol\u017eina embala\u017ee: 510 mm<\/li>\n<li>\u0160irina embala\u017ee: 340 mm<\/li>\n<li>Vi\u0161ina embala\u017ee: 380 mm<\/li>\n<\/ul>\n<\/li>\n<li><strong>Splo\u0161ni podatki<\/strong>\n<ul>\n<li>EAN koda: 9120039901343<\/li>\n<\/ul>\n<\/li>\n<\/ul>\n","protected":false},"excerpt":{"rendered":"<h3>Poudarki<\/h3>\n<p>Primerno za skobeljne no\u017ee do 600 mm, dodatno uporabno tudi za zvite vrtalnike in dleta. Opremljeno je s trdnim stojalom za visoko natan\u010dnost, brusnim kamnom z nastavitvijo vi\u0161ine ter nastavljivim kotom ro\u010dnega kolesa za razli\u010dne kote ustnic. Enostavno upravljanje zagotavlja visok izkoristek.<\/p>\n<ul>\n<li>Primerno za skobeljne no\u017ee do 600 mm<\/li>\n<li>Dodatno uporabno za zvite vrtalnike in dleta<\/li>\n<li>Trdno stojalo za visoko natan\u010dnost<\/li>\n<li>Brusni kamen z nastavitvijo vi\u0161ine<\/li>\n<li>Nastavljiv kot ro\u010dnega kolesa za razli\u010dne kote ustnic<\/li>\n<li>Enostavno upravljanje in visok izkoristek<\/li>\n<\/ul>\n<p><strong>Vklju\u010deno v dobavo:<\/strong> brusni kamen, 2x dr\u017ealo za no\u017ee<\/p>\n","protected":false},"featured_media":4489,"template":"","meta":[],"product_brand":[],"product_cat":[1066,1062],"product_tag":[],"class_list":{"0":"post-4488","1":"product","2":"type-product","3":"status-publish","4":"has-post-thumbnail","6":"product_cat-brusilniki-poliranje-brusenje","7":"product_cat-oprema-za-delavnice-delovne-mize-ponki","9":"first","10":"instock","11":"shipping-taxable","12":"purchasable","13":"product-type-simple"},"_links":{"self":[{"href":"https:\/\/www.depoles.com\/hr\/wp-json\/wp\/v2\/product\/4488","targetHints":{"allow":["GET"]}}],"collection":[{"href":"https:\/\/www.depoles.com\/hr\/wp-json\/wp\/v2\/product"}],"about":[{"href":"https:\/\/www.depoles.com\/hr\/wp-json\/wp\/v2\/types\/product"}],"wp:featuredmedia":[{"embeddable":true,"href":"https:\/\/www.depoles.com\/hr\/wp-json\/wp\/v2\/media\/4489"}],"wp:attachment":[{"href":"https:\/\/www.depoles.com\/hr\/wp-json\/wp\/v2\/media?parent=4488"}],"wp:term":[{"taxonomy":"product_brand","embeddable":true,"href":"https:\/\/www.depoles.com\/hr\/wp-json\/wp\/v2\/product_brand?post=4488"},{"taxonomy":"product_cat","embeddable":true,"href":"https:\/\/www.depoles.com\/hr\/wp-json\/wp\/v2\/product_cat?post=4488"},{"taxonomy":"product_tag","embeddable":true,"href":"https:\/\/www.depoles.com\/hr\/wp-json\/wp\/v2\/product_tag?post=4488"}],"curies":[{"name":"wp","href":"https:\/\/api.w.org\/{rel}","templated":true}]}}