{"id":4490,"date":"2019-11-22T12:54:27","date_gmt":"2019-11-22T11:54:27","guid":{"rendered":"https:\/\/nova.depoles.com\/trgovina\/brusilnik-za-skobeljne-noze-hms1000_400v\/"},"modified":"2025-12-17T16:11:58","modified_gmt":"2025-12-17T15:11:58","slug":"brusilnik-za-skobeljne-noze-hms1000_400v","status":"publish","type":"product","link":"https:\/\/www.depoles.com\/hr\/trgovina\/brusilnik-za-skobeljne-noze-hms1000_400v\/","title":{"rendered":"Brusilica za glodalice HMS1000_400V"},"content":{"rendered":"<p><strong>Tehni\u010dna specifikacija<\/strong><\/p>\n<ul>\n<li><strong>Motor:<\/strong>\n<ul>\n<li>Mo\u010d motorja S1: 1500 W<\/li>\n<li>Napetost: 400 V<\/li>\n<li>Hitrost: 2800 min\u207b\u00b9<\/li>\n<\/ul>\n<\/li>\n<li><strong>Dimenzije:<\/strong>\n<ul>\n<li>Skupne dimenzije: 1480 x 620 x 1300 mm<\/li>\n<\/ul>\n<\/li>\n<li><strong>Bru\u0161enje:<\/strong>\n<ul>\n<li>Maksimalna dol\u017eina bru\u0161enja no\u017ea: 1000 x 150 x 15 mm<\/li>\n<li>Kot bru\u0161enja: 0-90\u00b0<\/li>\n<li>Specifikacije brusnega kolesa: \u00d8150 x 50 x \u00d832 mm<\/li>\n<\/ul>\n<\/li>\n<li><strong>Te\u017ea:<\/strong>\n<ul>\n<li>Bruto te\u017ea: 400 kg<\/li>\n<li>Netto te\u017ea: 370 kg<\/li>\n<\/ul>\n<\/li>\n<li><strong>Embal\u017ea:<\/strong>\n<ul>\n<li>\u0160irina embala\u017ee: 760 mm<\/li>\n<li>Dol\u017eina embala\u017ee: 1480 mm<\/li>\n<li>Vi\u0161ina embala\u017ee: 1130 mm<\/li>\n<\/ul>\n<\/li>\n<li><strong>Splo\u0161ni podatki:<\/strong>\n<ul>\n<li>EAN koda: 9120058376498<\/li>\n<\/ul>\n<\/li>\n<\/ul>\n","protected":false},"excerpt":{"rendered":"<h3>Poudarki izdelka<\/h3>\n<p>Napredna naprava za bru\u0161enje razli\u010dnih ravnih rezil omogo\u010da u\u010dinkovito ostrenje in pripravo rezil za razli\u010dne industrijske potrebe:<\/p>\n<ul>\n<li>Omogo\u010da bru\u0161enje rezil pod razli\u010dnimi koti, na primer skobeljnih no\u017eev.<\/li>\n<li>Mo\u017enost mletja do 4 rezil hkrati.<\/li>\n<li>Primerna za ostrenje rezil iz HSS (hitroreznega jekla).<\/li>\n<li>Prednastavljena za uporabo v pohi\u0161tveni industriji.<\/li>\n<li>Vklju\u010dena naprava za hlajenje z uporabo hladilne teko\u010dine.<\/li>\n<li><strong>Maksimalne mere no\u017ea: 1000 x 150 x 15 mm.<\/strong><\/li>\n<\/ul>\n","protected":false},"featured_media":4491,"template":"","meta":[],"product_brand":[],"product_cat":[1066,1062],"product_tag":[],"class_list":{"0":"post-4490","1":"product","2":"type-product","3":"status-publish","4":"has-post-thumbnail","6":"product_cat-brusilniki-poliranje-brusenje","7":"product_cat-oprema-za-delavnice-delovne-mize-ponki","9":"first","10":"instock","11":"shipping-taxable","12":"purchasable","13":"product-type-simple"},"_links":{"self":[{"href":"https:\/\/www.depoles.com\/hr\/wp-json\/wp\/v2\/product\/4490","targetHints":{"allow":["GET"]}}],"collection":[{"href":"https:\/\/www.depoles.com\/hr\/wp-json\/wp\/v2\/product"}],"about":[{"href":"https:\/\/www.depoles.com\/hr\/wp-json\/wp\/v2\/types\/product"}],"wp:featuredmedia":[{"embeddable":true,"href":"https:\/\/www.depoles.com\/hr\/wp-json\/wp\/v2\/media\/4491"}],"wp:attachment":[{"href":"https:\/\/www.depoles.com\/hr\/wp-json\/wp\/v2\/media?parent=4490"}],"wp:term":[{"taxonomy":"product_brand","embeddable":true,"href":"https:\/\/www.depoles.com\/hr\/wp-json\/wp\/v2\/product_brand?post=4490"},{"taxonomy":"product_cat","embeddable":true,"href":"https:\/\/www.depoles.com\/hr\/wp-json\/wp\/v2\/product_cat?post=4490"},{"taxonomy":"product_tag","embeddable":true,"href":"https:\/\/www.depoles.com\/hr\/wp-json\/wp\/v2\/product_tag?post=4490"}],"curies":[{"name":"wp","href":"https:\/\/api.w.org\/{rel}","templated":true}]}}