{"id":4495,"date":"2019-11-22T12:54:24","date_gmt":"2019-11-22T11:54:24","guid":{"rendered":"https:\/\/nova.depoles.com\/trgovina\/kovinski-zbiralnik-prahu-mabs1500_400v\/"},"modified":"2025-12-17T16:12:28","modified_gmt":"2025-12-17T15:12:28","slug":"kovinski-zbiralnik-prahu-mabs1500_400v","status":"publish","type":"product","link":"https:\/\/www.depoles.com\/hr\/trgovina\/kovinski-zbiralnik-prahu-mabs1500_400v\/","title":{"rendered":"Usisava\u010d za metal MABS1500_400V"},"content":{"rendered":"<p><strong>Tehni\u010dni podatki<\/strong><\/p>\n<ul>\n<li><strong>Motor<\/strong>\n<ul>\n<li>Mo\u010d motorja S1: 1500 W<\/li>\n<li>Napetost: 400V \/ 50Hz<\/li>\n<li>Hitrost: 2850 min\u207b\u00b9<\/li>\n<\/ul>\n<\/li>\n<li><strong>Dimenzije<\/strong>\n<ul>\n<li>Premer sesalne cevi: \u00f8 100 mm<\/li>\n<li>Skupne dimenzije: 860 x 680 x 770 mm<\/li>\n<\/ul>\n<\/li>\n<li><strong>Sesalci prahu<\/strong>\n<ul>\n<li>Sesalna zmogljivost: 1500 m\u00b3\/h<\/li>\n<\/ul>\n<\/li>\n<li><strong>Nivo glasnosti in vibracije<\/strong>\n<ul>\n<li>Ravni zvo\u010dne mo\u010di: 88 dB(A)<\/li>\n<li>Ravni zvo\u010dnega tlaka: 73 dB(A)<\/li>\n<\/ul>\n<\/li>\n<li><strong>Te\u017ea<\/strong>\n<ul>\n<li>Bruto te\u017ea: 75 kg<\/li>\n<li>Netto te\u017ea: 72 kg<\/li>\n<\/ul>\n<\/li>\n<li><strong>Pakiranje<\/strong>\n<ul>\n<li>\u0160irina pakiranja: 220 mm<\/li>\n<li>Dol\u017eina pakiranja: 840 mm<\/li>\n<li>Vi\u0161ina pakiranja: 710 mm<\/li>\n<\/ul>\n<\/li>\n<li><strong>Splo\u0161ni podatki<\/strong>\n<ul>\n<li>EAN koda: 9120058377204<\/li>\n<\/ul>\n<\/li>\n<\/ul>\n","protected":false},"excerpt":{"rendered":"<h3>Poudarki izdelka<\/h3>\n<p>Ta zbiralnik prahu za kovinske sekance je zasnovan za u\u010dinkovito in enostavno uporabo. Ponuja prakti\u010dne lastnosti, ki olaj\u0161ajo delo in vzdr\u017eevanje.<\/p>\n<ul>\n<li>Zbiralnik prahu za kovinske sekance<\/li>\n<li>Enostavna menjava filtra<\/li>\n<li>Velik pladenj s predalom<\/li>\n<li>Vklju\u010dno z vre\u010dko za prah<\/li>\n<li>Dva priklju\u010dka za delovanje ve\u010d strojev<\/li>\n<li>Kompaktna zasnova<\/li>\n<li>Kolesa za hitro premikanje<\/li>\n<\/ul>\n","protected":false},"featured_media":4496,"template":"","meta":[],"product_brand":[],"product_cat":[1057,1043],"product_tag":[],"class_list":{"0":"post-4495","1":"product","2":"type-product","3":"status-publish","4":"has-post-thumbnail","6":"product_cat-sesalci-za-kovine","7":"product_cat-stroji-za-kovine","9":"first","10":"instock","11":"shipping-taxable","12":"purchasable","13":"product-type-simple"},"_links":{"self":[{"href":"https:\/\/www.depoles.com\/hr\/wp-json\/wp\/v2\/product\/4495","targetHints":{"allow":["GET"]}}],"collection":[{"href":"https:\/\/www.depoles.com\/hr\/wp-json\/wp\/v2\/product"}],"about":[{"href":"https:\/\/www.depoles.com\/hr\/wp-json\/wp\/v2\/types\/product"}],"wp:featuredmedia":[{"embeddable":true,"href":"https:\/\/www.depoles.com\/hr\/wp-json\/wp\/v2\/media\/4496"}],"wp:attachment":[{"href":"https:\/\/www.depoles.com\/hr\/wp-json\/wp\/v2\/media?parent=4495"}],"wp:term":[{"taxonomy":"product_brand","embeddable":true,"href":"https:\/\/www.depoles.com\/hr\/wp-json\/wp\/v2\/product_brand?post=4495"},{"taxonomy":"product_cat","embeddable":true,"href":"https:\/\/www.depoles.com\/hr\/wp-json\/wp\/v2\/product_cat?post=4495"},{"taxonomy":"product_tag","embeddable":true,"href":"https:\/\/www.depoles.com\/hr\/wp-json\/wp\/v2\/product_tag?post=4495"}],"curies":[{"name":"wp","href":"https:\/\/api.w.org\/{rel}","templated":true}]}}