{"id":4506,"date":"2019-11-22T12:54:18","date_gmt":"2019-11-22T11:54:18","guid":{"rendered":"https:\/\/nova.depoles.com\/trgovina\/kotna-brusilka-ws125_230v\/"},"modified":"2026-02-12T13:48:37","modified_gmt":"2026-02-12T12:48:37","slug":"kotna-brusilka-ws125_230v","status":"publish","type":"product","link":"https:\/\/www.depoles.com\/hr\/trgovina\/kotna-brusilka-ws125_230v\/","title":{"rendered":"Kutna brusilica WS125_230V"},"content":{"rendered":"<p><strong>Tehni\u010dni podatki<\/strong><\/p>\n<table>\n<tbody>\n<tr>\n<th colspan=\"2\">Motor<\/th>\n<\/tr>\n<tr>\n<td>Mo\u010d motorja S1<\/td>\n<td>1,2 kW<\/td>\n<\/tr>\n<tr>\n<td>Napetost<\/td>\n<td>230 V \/ 50 Hz<\/td>\n<\/tr>\n<tr>\n<td>Hitrost (v min-1)<\/td>\n<td>3000 &#8211; 12000<\/td>\n<\/tr>\n<tr>\n<th colspan=\"2\">Bru\u0161enje<\/th>\n<\/tr>\n<tr>\n<td>Specifikacija brusnega kolesa (v mm)<\/td>\n<td>125 \/ 22<\/td>\n<\/tr>\n<tr>\n<th colspan=\"2\">Raven hrupa in vibracije<\/th>\n<\/tr>\n<tr>\n<td>Raven zvo\u010dne mo\u010di (dB(A))<\/td>\n<td>97<\/td>\n<\/tr>\n<tr>\n<td>Raven zvo\u010dnega tlaka (dB(A))<\/td>\n<td>86<\/td>\n<\/tr>\n<tr>\n<td>Vibracije ro\u010daja (m\/s\u00b2)<\/td>\n<td>5,46<\/td>\n<\/tr>\n<tr>\n<th colspan=\"2\">Te\u017ea<\/th>\n<\/tr>\n<tr>\n<td>Bruto te\u017ea (kg)<\/td>\n<td>3<\/td>\n<\/tr>\n<tr>\n<td>Netto te\u017ea (kg)<\/td>\n<td>2<\/td>\n<\/tr>\n<tr>\n<th colspan=\"2\">Embala\u017ea<\/th>\n<\/tr>\n<tr>\n<td>\u0160irina embala\u017ee (mm)<\/td>\n<td>260<\/td>\n<\/tr>\n<tr>\n<td>Dol\u017eina embala\u017ee (mm)<\/td>\n<td>470<\/td>\n<\/tr>\n<tr>\n<td>Vi\u0161ina embala\u017ee (mm)<\/td>\n<td>140<\/td>\n<\/tr>\n<tr>\n<th colspan=\"2\">Splo\u0161ni podatki<\/th>\n<\/tr>\n<tr>\n<td>EAN koda<\/td>\n<td>9120058376610<\/td>\n<\/tr>\n<\/tbody>\n<\/table>\n","protected":false},"excerpt":{"rendered":"<h3>Poudarki izdelka<\/h3>\n<p>Primerno za bru\u0161enje, rezanje in lo\u010devanje z nastavljivo hitrostjo od 3000 do 12000 min-1. Opremljen je s hitro menjljivimi ogljikovimi \u0161\u010detkami, vretenom M14 in udobnim mehkim oprijemom.<\/p>\n<ul>\n<li>Bru\u0161enje, rezanje in lo\u010devanje<\/li>\n<li>Spremenljiva hitrost (3000\u201312000 min-1)<\/li>\n<li>Hitro menjljive ogljikove \u0161\u010detke<\/li>\n<li>Vreteno M14<\/li>\n<li>Udoben mehak oprijem<\/li>\n<li><strong>Brez diskov!<\/strong><\/li>\n<\/ul>\n<p><strong>V dostavi:<\/strong> transportna torba BMC in 2 razli\u010dni za\u0161\u010ditni prevleki (za bru\u0161enje in lo\u010devanje)<\/p>\n","protected":false},"featured_media":4507,"template":"","meta":[],"product_brand":[],"product_cat":[1054,1043],"product_tag":[],"class_list":{"0":"post-4506","1":"product","2":"type-product","3":"status-publish","4":"has-post-thumbnail","6":"product_cat-brusilniki-za-kovine","7":"product_cat-stroji-za-kovine","9":"first","10":"instock","11":"shipping-taxable","12":"purchasable","13":"product-type-simple"},"_links":{"self":[{"href":"https:\/\/www.depoles.com\/hr\/wp-json\/wp\/v2\/product\/4506","targetHints":{"allow":["GET"]}}],"collection":[{"href":"https:\/\/www.depoles.com\/hr\/wp-json\/wp\/v2\/product"}],"about":[{"href":"https:\/\/www.depoles.com\/hr\/wp-json\/wp\/v2\/types\/product"}],"wp:featuredmedia":[{"embeddable":true,"href":"https:\/\/www.depoles.com\/hr\/wp-json\/wp\/v2\/media\/4507"}],"wp:attachment":[{"href":"https:\/\/www.depoles.com\/hr\/wp-json\/wp\/v2\/media?parent=4506"}],"wp:term":[{"taxonomy":"product_brand","embeddable":true,"href":"https:\/\/www.depoles.com\/hr\/wp-json\/wp\/v2\/product_brand?post=4506"},{"taxonomy":"product_cat","embeddable":true,"href":"https:\/\/www.depoles.com\/hr\/wp-json\/wp\/v2\/product_cat?post=4506"},{"taxonomy":"product_tag","embeddable":true,"href":"https:\/\/www.depoles.com\/hr\/wp-json\/wp\/v2\/product_tag?post=4506"}],"curies":[{"name":"wp","href":"https:\/\/api.w.org\/{rel}","templated":true}]}}