{"id":4548,"date":"2019-11-22T12:51:44","date_gmt":"2019-11-22T11:51:44","guid":{"rendered":"https:\/\/nova.depoles.com\/trgovina\/brusni-trak-40x760mm-k80-sbrsg760k80\/"},"modified":"2026-03-20T09:11:53","modified_gmt":"2026-03-20T08:11:53","slug":"brusni-trak-40x760mm-k80-sbrsg760k80","status":"publish","type":"product","link":"https:\/\/www.depoles.com\/hr\/trgovina\/brusni-trak-40x760mm-k80-sbrsg760k80\/","title":{"rendered":"Brusni trak 40x760mm K80 SBRSG760K80"},"content":{"rendered":"<table>\n<tr>\n<th colspan=\"2\"><strong>Tehni\u010dni podatki<\/strong><\/th>\n<\/tr>\n<tr>\n<td><strong>Te\u017ea<\/strong><\/td>\n<td><\/td>\n<\/tr>\n<tr>\n<td>Bruto te\u017ea (kg)<\/td>\n<td>1<\/td>\n<\/tr>\n<tr>\n<td>Netto te\u017ea (kg)<\/td>\n<td>0,04<\/td>\n<\/tr>\n<tr>\n<td><strong>Embala\u017ea<\/strong><\/td>\n<td><\/td>\n<\/tr>\n<tr>\n<td>Dol\u017eina embala\u017ee (mm)<\/td>\n<td>0<\/td>\n<\/tr>\n<tr>\n<td>\u0160irina embala\u017ee (mm)<\/td>\n<td>0<\/td>\n<\/tr>\n<tr>\n<td>Vi\u0161ina embala\u017ee (mm)<\/td>\n<td>0<\/td>\n<\/tr>\n<tr>\n<td><strong>Splo\u0161ni podatki<\/strong><\/td>\n<td><\/td>\n<\/tr>\n<tr>\n<td>EAN koda<\/td>\n<td>9120058372599<\/td>\n<\/tr>\n<\/table>\n","protected":false},"excerpt":{"rendered":"<h3>Poudarki izdelka<\/h3>\n<p>Brusilni stroj zagotavlja visoko hitrost jermena za optimalne rezultate bru\u0161enja. Menjava jermena je udobna in hitra zaradi mehanizma za hitro zapenjanje. Vrtilna brusilna naprava z ro\u010dico omogo\u010da enostavno uporabo, mo\u010dan motor pa zagotavlja konstanten navor za najbolj\u0161e rezultate mletja. Gumirani brusilni valji in grafitne podporne blazinice skrbijo za gladek in natan\u010den transport jermena, medtem ko fin nastavitveni gumb omogo\u010da popolnoma uravnote\u017een tek pasu.<\/p>\n<ul>\n<li>Visoka hitrost jermena za optimalne rezultate bru\u0161enja<\/li>\n<li>Udobna menjava jermena zaradi mehanizma za hitro zapenjanje<\/li>\n<li>Vrtilna brusilna naprava s hitro ro\u010dico<\/li>\n<li>Mo\u010dan motor z konstantnim navorom<\/li>\n<li>Gumirani brusilni valji in grafitne podporne blazinice za natan\u010den transport<\/li>\n<li>Fin nastavitveni gumb za uravnote\u017een tek pasu<\/li>\n<\/ul>\n<p><strong>Vklju\u010deno v dostavo:<\/strong> stojalo, brusilni pas, za\u0161\u010dita pred iskricami, kapuca za prah<\/p>\n","protected":false},"featured_media":4549,"template":"","meta":[],"product_brand":[],"product_cat":[1054,1043],"product_tag":[],"class_list":{"0":"post-4548","1":"product","2":"type-product","3":"status-publish","4":"has-post-thumbnail","6":"product_cat-brusilniki-za-kovine","7":"product_cat-stroji-za-kovine","9":"first","10":"instock","11":"shipping-taxable","12":"purchasable","13":"product-type-simple"},"_links":{"self":[{"href":"https:\/\/www.depoles.com\/hr\/wp-json\/wp\/v2\/product\/4548","targetHints":{"allow":["GET"]}}],"collection":[{"href":"https:\/\/www.depoles.com\/hr\/wp-json\/wp\/v2\/product"}],"about":[{"href":"https:\/\/www.depoles.com\/hr\/wp-json\/wp\/v2\/types\/product"}],"wp:featuredmedia":[{"embeddable":true,"href":"https:\/\/www.depoles.com\/hr\/wp-json\/wp\/v2\/media\/4549"}],"wp:attachment":[{"href":"https:\/\/www.depoles.com\/hr\/wp-json\/wp\/v2\/media?parent=4548"}],"wp:term":[{"taxonomy":"product_brand","embeddable":true,"href":"https:\/\/www.depoles.com\/hr\/wp-json\/wp\/v2\/product_brand?post=4548"},{"taxonomy":"product_cat","embeddable":true,"href":"https:\/\/www.depoles.com\/hr\/wp-json\/wp\/v2\/product_cat?post=4548"},{"taxonomy":"product_tag","embeddable":true,"href":"https:\/\/www.depoles.com\/hr\/wp-json\/wp\/v2\/product_tag?post=4548"}],"curies":[{"name":"wp","href":"https:\/\/api.w.org\/{rel}","templated":true}]}}