{"id":4554,"date":"2019-11-22T12:51:42","date_gmt":"2019-11-22T11:51:42","guid":{"rendered":"https:\/\/nova.depoles.com\/trgovina\/brusni-trak-40x760mm-k240-sbrsg760k240\/"},"modified":"2026-02-12T13:57:44","modified_gmt":"2026-02-12T12:57:44","slug":"brusni-trak-40x760mm-k240-sbrsg760k240","status":"publish","type":"product","link":"https:\/\/www.depoles.com\/hr\/trgovina\/brusni-trak-40x760mm-k240-sbrsg760k240\/","title":{"rendered":"Brusni trak 40x760mm K240 SBRSG760K240"},"content":{"rendered":"<p><strong>Specifikacije izdelka:<\/strong><\/p>\n<ul>\n<li><strong>Te\u017ea:<\/strong>\n<ul>\n<li>Bruto te\u017ea: 1 kg<\/li>\n<li>Neto te\u017ea: 0,03 kg<\/li>\n<\/ul>\n<\/li>\n<li><strong>Embala\u017ea:<\/strong>\n<ul>\n<li>Dol\u017eina embala\u017ee: 0 mm<\/li>\n<li>\u0160irina embala\u017ee: 0 mm<\/li>\n<li>Vi\u0161ina embala\u017ee: 0 mm<\/li>\n<\/ul>\n<\/li>\n<li><strong>Splo\u0161ni podatki:<\/strong>\n<ul>\n<li>EAN koda: 9120058372612<\/li>\n<\/ul>\n<\/li>\n<\/ul>\n","protected":false},"excerpt":{"rendered":"<h3>Poudarki izdelka<\/h3>\n<p>Brusilni stroj izstopa po visoki hitrosti jermena, ki zagotavlja optimalne rezultate bru\u0161enja. Udobna menjava jermena je omogo\u010dena z mehanizmom za hitro zapenjanje, medtem ko vrtilna brusilna naprava s hitro ro\u010dico poskrbi za enostavno uporabo. Mo\u010dan motor zagotavlja stalen navor za najbolj\u0161e rezultate mletja. Gumirani brusilni valji in grafitne podporne blazinice omogo\u010dajo gladek in natan\u010den transport jermena, fin nastavitveni gumb pa omogo\u010da popolnoma uravnote\u017een tek pasu.<\/p>\n<ul>\n<li>Visoka hitrost jermena za optimalne rezultate bru\u0161enja<\/li>\n<li>Udobna menjava jermena z mehanizmom za hitro zapenjanje<\/li>\n<li>Vrtilna brusilna naprava s hitro ro\u010dico<\/li>\n<li>Mo\u010dan motor za konstanten navor in najbolj\u0161e rezultate mletja<\/li>\n<li>Gumirani brusilni valji in grafitne podporne blazinice za gladek in natan\u010den transport jermena<\/li>\n<li>Fin nastavitveni gumb za popolnoma uravnote\u017een tek pasu<\/li>\n<\/ul>\n<p><strong>Vklju\u010deno v dostavo:<\/strong> stojalo, brusilni pas, za\u0161\u010dita pred iskricami, kapuca za prah.<\/p>\n","protected":false},"featured_media":4555,"template":"","meta":[],"product_brand":[],"product_cat":[1054,1043],"product_tag":[],"class_list":{"0":"post-4554","1":"product","2":"type-product","3":"status-publish","4":"has-post-thumbnail","6":"product_cat-brusilniki-za-kovine","7":"product_cat-stroji-za-kovine","9":"first","10":"instock","11":"shipping-taxable","12":"purchasable","13":"product-type-simple"},"_links":{"self":[{"href":"https:\/\/www.depoles.com\/hr\/wp-json\/wp\/v2\/product\/4554","targetHints":{"allow":["GET"]}}],"collection":[{"href":"https:\/\/www.depoles.com\/hr\/wp-json\/wp\/v2\/product"}],"about":[{"href":"https:\/\/www.depoles.com\/hr\/wp-json\/wp\/v2\/types\/product"}],"wp:featuredmedia":[{"embeddable":true,"href":"https:\/\/www.depoles.com\/hr\/wp-json\/wp\/v2\/media\/4555"}],"wp:attachment":[{"href":"https:\/\/www.depoles.com\/hr\/wp-json\/wp\/v2\/media?parent=4554"}],"wp:term":[{"taxonomy":"product_brand","embeddable":true,"href":"https:\/\/www.depoles.com\/hr\/wp-json\/wp\/v2\/product_brand?post=4554"},{"taxonomy":"product_cat","embeddable":true,"href":"https:\/\/www.depoles.com\/hr\/wp-json\/wp\/v2\/product_cat?post=4554"},{"taxonomy":"product_tag","embeddable":true,"href":"https:\/\/www.depoles.com\/hr\/wp-json\/wp\/v2\/product_tag?post=4554"}],"curies":[{"name":"wp","href":"https:\/\/api.w.org\/{rel}","templated":true}]}}