{"id":4558,"date":"2019-11-22T12:51:37","date_gmt":"2019-11-22T11:51:37","guid":{"rendered":"https:\/\/nova.depoles.com\/trgovina\/kovinski-brusilni-stroj-2-hitrosti-msm150_400v\/"},"modified":"2026-02-12T13:38:10","modified_gmt":"2026-02-12T12:38:10","slug":"kovinski-brusilni-stroj-2-hitrosti-msm150_400v","status":"publish","type":"product","link":"https:\/\/www.depoles.com\/hr\/trgovina\/kovinski-brusilni-stroj-2-hitrosti-msm150_400v\/","title":{"rendered":"Metalna brusilica s 2 brzine MSM150_400V"},"content":{"rendered":"<p><strong>Tehni\u010dni podatki<\/strong><\/p>\n<ul>\n<li><strong>Motor:<\/strong>\n<ul>\n<li>Napetost: 400V<\/li>\n<li>Mo\u010d motorja S1: 4000 W<\/li>\n<li>Mo\u010d motorja S6: 5900 W<\/li>\n<\/ul>\n<\/li>\n<li><strong>Mletje:<\/strong>\n<ul>\n<li>Hitrost pasu: 18\/37 m\/s<\/li>\n<li>Dimenzije pasu: 2000 x 150 mm<\/li>\n<\/ul>\n<\/li>\n<li><strong>Te\u017ea:<\/strong>\n<ul>\n<li>Bruto te\u017ea: 116 kg<\/li>\n<li>Netto te\u017ea: 110 kg<\/li>\n<\/ul>\n<\/li>\n<li><strong>Pakiranje:<\/strong>\n<ul>\n<li>Dol\u017eina pakiranja: 1100 mm<\/li>\n<li>\u0160irina pakiranja: 540 mm<\/li>\n<li>Vi\u0161ina pakiranja: 650 mm<\/li>\n<\/ul>\n<\/li>\n<li><strong>Splo\u0161ni podatki:<\/strong>\n<ul>\n<li>EAN koda: 9120039905464<\/li>\n<\/ul>\n<\/li>\n<\/ul>\n","protected":false},"excerpt":{"rendered":"<h3>Poudarki izdelka<\/h3>\n<p>Brusilni stroj se pona\u0161a z visoko hitrostjo jermena, ki zagotavlja optimalne rezultate bru\u0161enja, ter udobno menjavo jermena zaradi mehanizma za hitro zapenjanje. Vrtilna brusilna naprava s hitro ro\u010dico in mo\u010dan motor omogo\u010data konstanten navor in najbolj\u0161e rezultate mletja. Gumirani brusilni valji ter grafitne podporne blazinice zagotavljajo gladek in natan\u010den transport jermena, medtem ko fin nastavitveni gumb omogo\u010da popolnoma uravnote\u017een tek pasu.<\/p>\n<ul>\n<li>Visoka hitrost jermena za optimalne rezultate bru\u0161enja<\/li>\n<li>Udobna menjava jermena zaradi mehanizma za hitro zapenjanje<\/li>\n<li>Vrtilna brusilna naprava s hitro ro\u010dico<\/li>\n<li>Mo\u010dan motor s konstantnim navorom<\/li>\n<li>Gumirani brusilni valji in grafitne podporne blazinice za gladek transport jermena<\/li>\n<li>Fin nastavitveni gumb za uravnote\u017een tek pasu<\/li>\n<\/ul>\n<p><strong>Vklju\u010deno v dostavo:<\/strong> stojalo, brusilni pas, za\u0161\u010dita pred iskricami, kapuca za prah.<\/p>\n","protected":false},"featured_media":4559,"template":"","meta":[],"product_brand":[],"product_cat":[1054,1043],"product_tag":[],"class_list":{"0":"post-4558","1":"product","2":"type-product","3":"status-publish","4":"has-post-thumbnail","6":"product_cat-brusilniki-za-kovine","7":"product_cat-stroji-za-kovine","9":"first","10":"instock","11":"shipping-taxable","12":"purchasable","13":"product-type-simple"},"_links":{"self":[{"href":"https:\/\/www.depoles.com\/hr\/wp-json\/wp\/v2\/product\/4558","targetHints":{"allow":["GET"]}}],"collection":[{"href":"https:\/\/www.depoles.com\/hr\/wp-json\/wp\/v2\/product"}],"about":[{"href":"https:\/\/www.depoles.com\/hr\/wp-json\/wp\/v2\/types\/product"}],"wp:featuredmedia":[{"embeddable":true,"href":"https:\/\/www.depoles.com\/hr\/wp-json\/wp\/v2\/media\/4559"}],"wp:attachment":[{"href":"https:\/\/www.depoles.com\/hr\/wp-json\/wp\/v2\/media?parent=4558"}],"wp:term":[{"taxonomy":"product_brand","embeddable":true,"href":"https:\/\/www.depoles.com\/hr\/wp-json\/wp\/v2\/product_brand?post=4558"},{"taxonomy":"product_cat","embeddable":true,"href":"https:\/\/www.depoles.com\/hr\/wp-json\/wp\/v2\/product_cat?post=4558"},{"taxonomy":"product_tag","embeddable":true,"href":"https:\/\/www.depoles.com\/hr\/wp-json\/wp\/v2\/product_tag?post=4558"}],"curies":[{"name":"wp","href":"https:\/\/api.w.org\/{rel}","templated":true}]}}