{"id":4567,"date":"2019-11-22T12:51:30","date_gmt":"2019-11-22T11:51:30","guid":{"rendered":"https:\/\/nova.depoles.com\/trgovina\/kovinski-brusilni-stroj-msm100pro_400v\/"},"modified":"2026-02-12T13:57:35","modified_gmt":"2026-02-12T12:57:35","slug":"kovinski-brusilni-stroj-msm100pro_400v","status":"publish","type":"product","link":"https:\/\/www.depoles.com\/hr\/trgovina\/kovinski-brusilni-stroj-msm100pro_400v\/","title":{"rendered":"Metalni brusilni stroj MSM100PRO_400V"},"content":{"rendered":"<p><strong>Specifikacija izdelka<\/strong><\/p>\n<ul>\n<li><strong>Motor:<\/strong>\n<ul>\n<li>Mo\u010d motorja S1: 2500 W<\/li>\n<li>Mo\u010d motorja S6: 3300 W<\/li>\n<li>Napetost: 400 V<\/li>\n<\/ul>\n<\/li>\n<li><strong>Bru\u0161enje:<\/strong>\n<ul>\n<li>Dimenzije pasu: 2000 x 100 mm<\/li>\n<li>Hitrost pasu: 15\/30 m\/s<\/li>\n<\/ul>\n<\/li>\n<li><strong>Te\u017ea:<\/strong>\n<ul>\n<li>Bruto te\u017ea: 196 kg<\/li>\n<li>Netto te\u017ea: 159 kg<\/li>\n<\/ul>\n<\/li>\n<li><strong>Embal\u017ea\u017ea:<\/strong>\n<ul>\n<li>Dol\u017eina embala\u017ee: 1330 mm<\/li>\n<li>\u0160irina embala\u017ee: 730 mm<\/li>\n<li>Vi\u0161ina embala\u017ee: 640 mm<\/li>\n<\/ul>\n<\/li>\n<li><strong>Splo\u0161ni podatki:<\/strong>\n<ul>\n<li>EAN koda: 9120058371554<\/li>\n<\/ul>\n<\/li>\n<\/ul>\n","protected":false},"excerpt":{"rendered":"<h3>Poudarki<\/h3>\n<p>Brusilnik z mo\u010dnim motorjem in ve\u010d mo\u017enostmi uporabe ponuja izjemno vsestranskost. Preklapljanje med razli\u010dnimi na\u010dini bru\u0161enja je hitro in enostavno, kot bru\u0161enja pa je nastavljiv od 30\u00b0 do 90\u00b0. Zaradi mo\u010dne vpenjalne naprave so rezultati bru\u0161enja vrhunski.<\/p>\n<ul>\n<li>Ve\u010d mo\u017enosti bru\u0161enja: sprednja stran za bru\u0161enje cevi in profila, zgornja stran za ravninsko bru\u0161enje, zadnja stran za odstranjevanje<\/li>\n<li>Hitro in enostavno preklapljanje med na\u010dini bru\u0161enja<\/li>\n<li>Nastavljiv kot bru\u0161enja od 30\u00b0 do 90\u00b0<\/li>\n<li>Mo\u010dna vpenjalna naprava za odli\u010dne rezultate<\/li>\n<li>Standardni brusni pas K36<\/li>\n<li>Minimalna uporaba orodja pri nastavitvah<\/li>\n<li>Zlo\u017eljiv za\u0161\u010ditni zaslon<\/li>\n<li>Integrirana podpora za bru\u0161enje valjev razli\u010dnih premerov<\/li>\n<li>Dve hitrosti jermena za bru\u0161enje jekla in nerjave\u010dega jekla<\/li>\n<li>Dva enostavno odstranljiva pladnja za sekance za \u010disto delovno okolje<\/li>\n<\/ul>\n<p><strong>Vklju\u010deno v dobavo:<\/strong> 2 brusilna jermena, brusni valj \u00d842,4 mm<\/p>\n","protected":false},"featured_media":4568,"template":"","meta":[],"product_brand":[],"product_cat":[1054,1043],"product_tag":[],"class_list":{"0":"post-4567","1":"product","2":"type-product","3":"status-publish","4":"has-post-thumbnail","6":"product_cat-brusilniki-za-kovine","7":"product_cat-stroji-za-kovine","9":"first","10":"instock","11":"shipping-taxable","12":"purchasable","13":"product-type-simple"},"_links":{"self":[{"href":"https:\/\/www.depoles.com\/hr\/wp-json\/wp\/v2\/product\/4567","targetHints":{"allow":["GET"]}}],"collection":[{"href":"https:\/\/www.depoles.com\/hr\/wp-json\/wp\/v2\/product"}],"about":[{"href":"https:\/\/www.depoles.com\/hr\/wp-json\/wp\/v2\/types\/product"}],"wp:featuredmedia":[{"embeddable":true,"href":"https:\/\/www.depoles.com\/hr\/wp-json\/wp\/v2\/media\/4568"}],"wp:attachment":[{"href":"https:\/\/www.depoles.com\/hr\/wp-json\/wp\/v2\/media?parent=4567"}],"wp:term":[{"taxonomy":"product_brand","embeddable":true,"href":"https:\/\/www.depoles.com\/hr\/wp-json\/wp\/v2\/product_brand?post=4567"},{"taxonomy":"product_cat","embeddable":true,"href":"https:\/\/www.depoles.com\/hr\/wp-json\/wp\/v2\/product_cat?post=4567"},{"taxonomy":"product_tag","embeddable":true,"href":"https:\/\/www.depoles.com\/hr\/wp-json\/wp\/v2\/product_tag?post=4567"}],"curies":[{"name":"wp","href":"https:\/\/api.w.org\/{rel}","templated":true}]}}