{"id":4570,"date":"2019-11-22T12:51:28","date_gmt":"2019-11-22T11:51:28","guid":{"rendered":"https:\/\/nova.depoles.com\/trgovina\/anreisset-za-metall-asm7tlg\/"},"modified":"2026-02-12T13:53:07","modified_gmt":"2026-02-12T12:53:07","slug":"anreisset-za-metall-asm7tlg","status":"publish","type":"product","link":"https:\/\/www.depoles.com\/hr\/trgovina\/anreisset-za-metall-asm7tlg\/","title":{"rendered":"Set za ozna\u010davanje metala ASM7TLG"},"content":{"rendered":"<table>\n<tbody>\n<tr>\n<th colspan=\"2\">Tehni\u010dni podatki<\/th>\n<\/tr>\n<tr>\n<td><strong>Te\u017ea<\/strong><\/td>\n<td><\/td>\n<\/tr>\n<tr>\n<td>Bruto te\u017ea (kg)<\/td>\n<td>1<\/td>\n<\/tr>\n<tr>\n<td>Netto te\u017ea (kg)<\/td>\n<td>0,80<\/td>\n<\/tr>\n<tr>\n<td><strong>Embala\u017ea<\/strong><\/td>\n<td><\/td>\n<\/tr>\n<tr>\n<td>Dol\u017eina embala\u017ee (mm)<\/td>\n<td>230<\/td>\n<\/tr>\n<tr>\n<td>\u0160irina embala\u017ee (mm)<\/td>\n<td>180<\/td>\n<\/tr>\n<tr>\n<td>Vi\u0161ina embala\u017ee (mm)<\/td>\n<td>50<\/td>\n<\/tr>\n<\/tbody>\n<\/table>\n","protected":false},"excerpt":{"rendered":"<p>Tehni\u010dni podatki Te\u017ea Bruto te\u017ea (kg) 1 Netto te\u017ea (kg) 0,80 Embala\u017ea Dol\u017eina embala\u017ee (mm) 230 \u0160irina embala\u017ee (mm) 180 Vi\u0161ina embala\u017ee (mm) 50<\/p>\n","protected":false},"featured_media":4571,"template":"","meta":[],"product_brand":[],"product_cat":[1043,1060],"product_tag":[],"class_list":{"0":"post-4570","1":"product","2":"type-product","3":"status-publish","4":"has-post-thumbnail","6":"product_cat-stroji-za-kovine","7":"product_cat-tracne-zage-za-kovino","9":"first","10":"instock","11":"shipping-taxable","12":"purchasable","13":"product-type-simple"},"_links":{"self":[{"href":"https:\/\/www.depoles.com\/hr\/wp-json\/wp\/v2\/product\/4570","targetHints":{"allow":["GET"]}}],"collection":[{"href":"https:\/\/www.depoles.com\/hr\/wp-json\/wp\/v2\/product"}],"about":[{"href":"https:\/\/www.depoles.com\/hr\/wp-json\/wp\/v2\/types\/product"}],"wp:featuredmedia":[{"embeddable":true,"href":"https:\/\/www.depoles.com\/hr\/wp-json\/wp\/v2\/media\/4571"}],"wp:attachment":[{"href":"https:\/\/www.depoles.com\/hr\/wp-json\/wp\/v2\/media?parent=4570"}],"wp:term":[{"taxonomy":"product_brand","embeddable":true,"href":"https:\/\/www.depoles.com\/hr\/wp-json\/wp\/v2\/product_brand?post=4570"},{"taxonomy":"product_cat","embeddable":true,"href":"https:\/\/www.depoles.com\/hr\/wp-json\/wp\/v2\/product_cat?post=4570"},{"taxonomy":"product_tag","embeddable":true,"href":"https:\/\/www.depoles.com\/hr\/wp-json\/wp\/v2\/product_tag?post=4570"}],"curies":[{"name":"wp","href":"https:\/\/api.w.org\/{rel}","templated":true}]}}