{"id":4572,"date":"2019-11-22T12:51:27","date_gmt":"2019-11-22T11:51:27","guid":{"rendered":"https:\/\/nova.depoles.com\/trgovina\/zaga-za-kovine-bs115_400v\/"},"modified":"2026-04-28T13:59:07","modified_gmt":"2026-04-28T11:59:07","slug":"zaga-za-kovine-bs115_400v","status":"publish","type":"product","link":"https:\/\/www.depoles.com\/hr\/trgovina\/zaga-za-kovine-bs115_400v\/","title":{"rendered":"Tra\u010dna pila za metal HOLZMANN BS115 400V"},"content":{"rendered":"<p><strong>Tehni\u010dne specifikacije<\/strong><\/p>\n<ul>\n<li><strong>Motor:<\/strong>\n<ul>\n<li>Mo\u010d motorja S1: 550 W<\/li>\n<li>Napetost: 400 V \/ 3 \/ 50 Hz<\/li>\n<\/ul>\n<\/li>\n<li><strong>Meritve:<\/strong>\n<ul>\n<li>Obmo\u010dje nagiba: 0\u00b0-45\u00b0<\/li>\n<\/ul>\n<\/li>\n<li><strong>Rezanje:<\/strong>\n<ul>\n<li>Rezanje okroglega materiala \u00d8 90\u00b0: 110 mm<\/li>\n<li>Rezanje okroglega materiala \u00d8 45\u00b0: 75 mm<\/li>\n<li>Rezanje lxh 90\u00b0: 110 x 140 mm<\/li>\n<li>Rezanje lxh 45\u00b0: 110 x 75 mm<\/li>\n<\/ul>\n<\/li>\n<li><strong>Tra\u010dne \u017eage:<\/strong>\n<ul>\n<li>Dimenzije tra\u010dne \u017eage: 1638 x 12,5 x 0,6 mm<\/li>\n<li>Hitrost tra\u010dne \u017eage: 20\/29\/50 m\/min<\/li>\n<\/ul>\n<\/li>\n<li><strong>Te\u017ea:<\/strong>\n<ul>\n<li>Bruto te\u017ea: 60 kg<\/li>\n<li>Netto te\u017ea: 56 kg<\/li>\n<\/ul>\n<\/li>\n<li><strong>Embala\u017ea:<\/strong>\n<ul>\n<li>Vi\u0161ina embala\u017ee: 385 mm<\/li>\n<li>\u0160irina embala\u017ee: 382 mm<\/li>\n<li>Dol\u017eina embala\u017ee: 1.020 mm<\/li>\n<\/ul>\n<\/li>\n<li><strong>Splo\u0161ni podatki:<\/strong>\n<ul>\n<li>EAN koda: 9120058372827<\/li>\n<\/ul>\n<\/li>\n<\/ul>\n","protected":false},"excerpt":{"rendered":"<h3>Lastnosti izdelka<\/h3>\n<ul>\n<li>Dimenzija rezila: 1638 x 0,6 x 13 mm<\/li>\n<li>Stroj iz masivnega sivega litega \u017eeleza z vodnikom krogli\u010dnega le\u017eaja<\/li>\n<li>Samodejni kon\u010dni postanek<\/li>\n<li>Hitrost spu\u0161\u010danja nastavljiva prek vzmeti<\/li>\n<li>Vrtilni prime\u017e z nastavitvijo od 0\u00b0 do 45\u00b0<\/li>\n<li>Polica za orodje<\/li>\n<\/ul>\n<p><strong>Vklju\u010deno v dobavo:<\/strong> \u017eaga, premi\u010dna naprava, avtomatski izklop<\/p>\n","protected":false},"featured_media":4573,"template":"","meta":[],"product_brand":[],"product_cat":[1043,1060],"product_tag":[],"class_list":{"0":"post-4572","1":"product","2":"type-product","3":"status-publish","4":"has-post-thumbnail","6":"product_cat-stroji-za-kovine","7":"product_cat-tracne-zage-za-kovino","9":"first","10":"instock","11":"shipping-taxable","12":"purchasable","13":"product-type-simple"},"_links":{"self":[{"href":"https:\/\/www.depoles.com\/hr\/wp-json\/wp\/v2\/product\/4572","targetHints":{"allow":["GET"]}}],"collection":[{"href":"https:\/\/www.depoles.com\/hr\/wp-json\/wp\/v2\/product"}],"about":[{"href":"https:\/\/www.depoles.com\/hr\/wp-json\/wp\/v2\/types\/product"}],"wp:featuredmedia":[{"embeddable":true,"href":"https:\/\/www.depoles.com\/hr\/wp-json\/wp\/v2\/media\/4573"}],"wp:attachment":[{"href":"https:\/\/www.depoles.com\/hr\/wp-json\/wp\/v2\/media?parent=4572"}],"wp:term":[{"taxonomy":"product_brand","embeddable":true,"href":"https:\/\/www.depoles.com\/hr\/wp-json\/wp\/v2\/product_brand?post=4572"},{"taxonomy":"product_cat","embeddable":true,"href":"https:\/\/www.depoles.com\/hr\/wp-json\/wp\/v2\/product_cat?post=4572"},{"taxonomy":"product_tag","embeddable":true,"href":"https:\/\/www.depoles.com\/hr\/wp-json\/wp\/v2\/product_tag?post=4572"}],"curies":[{"name":"wp","href":"https:\/\/api.w.org\/{rel}","templated":true}]}}