{"id":4578,"date":"2019-11-22T12:51:25","date_gmt":"2019-11-22T11:51:25","guid":{"rendered":"https:\/\/nova.depoles.com\/trgovina\/mobilna-tracna-zaga-bs125m_230v\/"},"modified":"2026-03-03T20:14:12","modified_gmt":"2026-03-03T19:14:12","slug":"mobilna-tracna-zaga-bs125m_230v","status":"publish","type":"product","link":"https:\/\/www.depoles.com\/hr\/trgovina\/mobilna-tracna-zaga-bs125m_230v\/","title":{"rendered":"Mobilna tra\u010dna pila za metal BS125M_230V"},"content":{"rendered":"<p><strong>Tehni\u010dna specifikacija<\/strong><\/p>\n<ul>\n<li><strong>Podatki o motorju<\/strong>\n<ul>\n<li>Mo\u010d motorja S1: 400 W<\/li>\n<li>Hitrost: 2000-4200 min\u207b\u00b9<\/li>\n<li>Napetost: 230 V<\/li>\n<\/ul>\n<\/li>\n<li><strong>Rezanje<\/strong>\n<ul>\n<li>Rezanje okroglo \u00d8 90\u00b0: 125 mm<\/li>\n<li>Rezanje okroglo \u00d8 45\u00b0: 76 mm<\/li>\n<li>Rezanje pravokotno (l\u00d7\u0161) 45\u00b0: 76\u00d776 mm<\/li>\n<li>Rezanje pravokotno (l\u00d7\u0161) 90\u00b0: 130\u00d7125 mm<\/li>\n<\/ul>\n<\/li>\n<li><strong>Tra\u010dne \u017eage<\/strong>\n<ul>\n<li>Hitrost tra\u010dne \u017eage: 35-80 m\/min<\/li>\n<li>Dimenzije tra\u010dne \u017eage: 1435\u00d712,5\u00d70,6 mm<\/li>\n<\/ul>\n<\/li>\n<li><strong>Raven hrupa in vibracije<\/strong>\n<ul>\n<li>Raven zvo\u010dne mo\u010di: 90 dB(A)<\/li>\n<li>Raven zvo\u010dnega tlaka: 77 dB(A)<\/li>\n<\/ul>\n<\/li>\n<li><strong>Te\u017ea<\/strong>\n<ul>\n<li>Bruto te\u017ea: 25 kg<\/li>\n<li>Netto te\u017ea: 22 kg<\/li>\n<\/ul>\n<\/li>\n<li><strong>Embala\u017ea<\/strong>\n<ul>\n<li>Dol\u017eina embala\u017ee: 720 mm<\/li>\n<li>\u0160irina embala\u017ee: 380 mm<\/li>\n<li>Vi\u0161ina embala\u017ee: 450 mm<\/li>\n<\/ul>\n<\/li>\n<li><strong>Splo\u0161ni podatki<\/strong>\n<ul>\n<li>EAN koda: 9120039901190<\/li>\n<\/ul>\n<\/li>\n<\/ul>\n","protected":false},"excerpt":{"rendered":"<h3>Poudarki izdelka<\/h3>\n<p>Ta vsestranska in priro\u010dna rezalna \u017eaga je enostavna za prenos do delovnega mesta in omogo\u010da natan\u010dne reze razli\u010dnih materialov, od PVC-ja in medenine do nerjave\u010dega jekla. Opremljena je z nastavljivim vodnikom rezila z valj\u010dnimi le\u017eaji ter brezstopenjskim prilagajanjem hitrosti rezanja, kar zagotavlja nemoteno in prilagodljivo delo.<\/p>\n<ul>\n<li>Vsestranska in priro\u010dna za lahek prevoz<\/li>\n<li>Rezanje materialov od PVC-ja do nerjave\u010dega jekla<\/li>\n<li>Nastavljiv vodnik rezila z valj\u010dnimi le\u017eaji<\/li>\n<li>Brezstopenjsko prilagajanje hitrosti rezanja<\/li>\n<li>Robusten talni kro\u017enik z gumijastimi nogami za nemoten tek<\/li>\n<li>Ro\u010dno prilagajanje napetosti rezila preko kolesa spredaj<\/li>\n<li>Vzmetno podprto krmilje \u017eage<\/li>\n<li>Rezanje mitre do 60 \u00b0<\/li>\n<li>Trdna ro\u010dica z transportnim zaklepom in vzmetnim krmiljenjem<\/li>\n<\/ul>\n<p><strong>Vklju\u010deno v dobavo:<\/strong> rezalna \u017eaga, vretena in omejitev obdelovanca.<\/p>\n","protected":false},"featured_media":4579,"template":"","meta":[],"product_brand":[],"product_cat":[1043,1060],"product_tag":[],"class_list":{"0":"post-4578","1":"product","2":"type-product","3":"status-publish","4":"has-post-thumbnail","6":"product_cat-stroji-za-kovine","7":"product_cat-tracne-zage-za-kovino","9":"first","10":"instock","11":"shipping-taxable","12":"purchasable","13":"product-type-simple"},"_links":{"self":[{"href":"https:\/\/www.depoles.com\/hr\/wp-json\/wp\/v2\/product\/4578","targetHints":{"allow":["GET"]}}],"collection":[{"href":"https:\/\/www.depoles.com\/hr\/wp-json\/wp\/v2\/product"}],"about":[{"href":"https:\/\/www.depoles.com\/hr\/wp-json\/wp\/v2\/types\/product"}],"wp:featuredmedia":[{"embeddable":true,"href":"https:\/\/www.depoles.com\/hr\/wp-json\/wp\/v2\/media\/4579"}],"wp:attachment":[{"href":"https:\/\/www.depoles.com\/hr\/wp-json\/wp\/v2\/media?parent=4578"}],"wp:term":[{"taxonomy":"product_brand","embeddable":true,"href":"https:\/\/www.depoles.com\/hr\/wp-json\/wp\/v2\/product_brand?post=4578"},{"taxonomy":"product_cat","embeddable":true,"href":"https:\/\/www.depoles.com\/hr\/wp-json\/wp\/v2\/product_cat?post=4578"},{"taxonomy":"product_tag","embeddable":true,"href":"https:\/\/www.depoles.com\/hr\/wp-json\/wp\/v2\/product_tag?post=4578"}],"curies":[{"name":"wp","href":"https:\/\/api.w.org\/{rel}","templated":true}]}}