{"id":4580,"date":"2019-11-22T12:51:20","date_gmt":"2019-11-22T11:51:20","guid":{"rendered":"https:\/\/nova.depoles.com\/trgovina\/ttracna-zaga-bs-712-turn-230v\/"},"modified":"2026-02-12T13:51:59","modified_gmt":"2026-02-12T12:51:59","slug":"ttracna-zaga-bs-712-turn-230v","status":"publish","type":"product","link":"https:\/\/www.depoles.com\/hr\/trgovina\/ttracna-zaga-bs-712-turn-230v\/","title":{"rendered":"TRA\u010cNA PILA BS 712 TURN 230V"},"content":{"rendered":"<p><strong>Tehni\u010dne specifikacije:<\/strong><\/p>\n<ul>\n<li><strong>Motor<\/strong>\n<ul>\n<li>Mo\u010d motorja S1: 1100 W<\/li>\n<li>Napetost: 230 V<\/li>\n<\/ul>\n<\/li>\n<li><strong>Dimenzije<\/strong>\n<ul>\n<li>Obseg vrtenja: -45\u00b0 do +45\u00b0<\/li>\n<\/ul>\n<\/li>\n<li><strong>Rezalne zmogljivosti<\/strong>\n<ul>\n<li>Rezanje kroga \u00d8 90\u00b0: 205 mm<\/li>\n<li>Rezanje kroga \u00d8 45\u00b0: 140 mm<\/li>\n<li>Rezanje kroga \u00d8 -45\u00b0: 150 mm<\/li>\n<li>Rezanje pravokotnika (d x v) 90\u00b0: 215 x 205 mm<\/li>\n<li>Rezanje pravokotnika (d x v) 45\u00b0: 140 x 90 mm<\/li>\n<li>Rezanje pravokotnika (d x v) -45\u00b0: 100 x 200 mm<\/li>\n<\/ul>\n<\/li>\n<li><strong>Tra\u010dne \u017eage<\/strong>\n<ul>\n<li>Dol\u017eina tra\u010dne \u017eage: 2360 mm<\/li>\n<li>\u0160irina tra\u010dne \u017eage: 20 mm<\/li>\n<li>Hitrost tra\u010dne \u017eage: 22 \/ 33 \/ 45 \/ 65 m\/min<\/li>\n<\/ul>\n<\/li>\n<li><strong>Te\u017ea<\/strong>\n<ul>\n<li>Bruto te\u017ea: 190 kg<\/li>\n<li>Netto te\u017ea: 170 kg<\/li>\n<\/ul>\n<\/li>\n<li><strong>Embala\u017ea<\/strong>\n<ul>\n<li>\u0160irina embala\u017ee: 460 mm<\/li>\n<li>Dol\u017eina embala\u017ee: 1280 mm<\/li>\n<li>Vi\u0161ina embala\u017ee: 1120 mm<\/li>\n<\/ul>\n<\/li>\n<li><strong>Splo\u0161ni podatki<\/strong>\n<ul>\n<li>EAN koda: 9120058377389<\/li>\n<\/ul>\n<\/li>\n<\/ul>\n","protected":false},"excerpt":{"rendered":"<h5>uredimo pla\u010dilo na obroke brez obioska banke za vse, TAKOJ<\/h5>\n<ul>\n<li>prihrani prostor zaradi podvozja<\/li>\n<li>samodejno kon\u010dno stikalo<\/li>\n<li>trden stroj za litje s krogli\u010dnim le\u017eajem<\/li>\n<li>separator \u010dipov in \u010drpalka za mazanje<\/li>\n<li>profesionalni vrtljivi vise\u010di tulci in obdelovanci<\/li>\n<li>roko za spu\u0161\u010danje \u017eage nad hidravli\u010dnimi jeklenkami brezstopenjsko nastavljiv<\/li>\n<\/ul>\n<p><strong>vklju\u010deno v dobavo:<\/strong> bimetalni tra\u010dni \u017eag, premikajo\u010da se naprava, avtomatski kon\u010dni zapor, mejna zapora obdelovanca, \u010drpalka za hlajenje teko\u010dine<\/p>\n","protected":false},"featured_media":4581,"template":"","meta":[],"product_brand":[],"product_cat":[1043,1060],"product_tag":[238,314,441,513,555,632,837,851,918],"class_list":{"0":"post-4580","1":"product","2":"type-product","3":"status-publish","4":"has-post-thumbnail","6":"product_cat-stroji-za-kovine","7":"product_cat-tracne-zage-za-kovino","8":"product_tag-bs712","9":"product_tag-depoles","10":"product_tag-holzmann","11":"product_tag-kovine","12":"product_tag-metal","13":"product_tag-pila","14":"product_tag-tracna","15":"product_tag-turn","16":"product_tag-zaga","18":"first","19":"instock","20":"shipping-taxable","21":"purchasable","22":"product-type-simple"},"_links":{"self":[{"href":"https:\/\/www.depoles.com\/hr\/wp-json\/wp\/v2\/product\/4580","targetHints":{"allow":["GET"]}}],"collection":[{"href":"https:\/\/www.depoles.com\/hr\/wp-json\/wp\/v2\/product"}],"about":[{"href":"https:\/\/www.depoles.com\/hr\/wp-json\/wp\/v2\/types\/product"}],"wp:featuredmedia":[{"embeddable":true,"href":"https:\/\/www.depoles.com\/hr\/wp-json\/wp\/v2\/media\/4581"}],"wp:attachment":[{"href":"https:\/\/www.depoles.com\/hr\/wp-json\/wp\/v2\/media?parent=4580"}],"wp:term":[{"taxonomy":"product_brand","embeddable":true,"href":"https:\/\/www.depoles.com\/hr\/wp-json\/wp\/v2\/product_brand?post=4580"},{"taxonomy":"product_cat","embeddable":true,"href":"https:\/\/www.depoles.com\/hr\/wp-json\/wp\/v2\/product_cat?post=4580"},{"taxonomy":"product_tag","embeddable":true,"href":"https:\/\/www.depoles.com\/hr\/wp-json\/wp\/v2\/product_tag?post=4580"}],"curies":[{"name":"wp","href":"https:\/\/api.w.org\/{rel}","templated":true}]}}