{"id":4583,"date":"2019-11-22T12:51:16","date_gmt":"2019-11-22T11:51:16","guid":{"rendered":"https:\/\/nova.depoles.com\/trgovina\/tracna-zaga-bs-712-turn-400v\/"},"modified":"2026-02-12T13:57:45","modified_gmt":"2026-02-12T12:57:45","slug":"tracna-zaga-bs-712-turn-400v","status":"publish","type":"product","link":"https:\/\/www.depoles.com\/hr\/trgovina\/tracna-zaga-bs-712-turn-400v\/","title":{"rendered":"TRA\u010cNA PILA BS 712 TURN 400V"},"content":{"rendered":"<p><strong>Tehni\u010dni podatki<\/strong><\/p>\n<ul>\n<li><strong>Motor<\/strong>\n<ul>\n<li>Moc motorja S1: 1100 W<\/li>\n<li>Napetost: 400 V<\/li>\n<\/ul>\n<\/li>\n<li><strong>Mere<\/strong>\n<ul>\n<li>Obmo\u010dje vrtenja: -45\u00b0 do +45\u00b0<\/li>\n<\/ul>\n<\/li>\n<li><strong>Rezanje<\/strong>\n<ul>\n<li>Rezanje okroglo \u00d8 90\u00b0: 205 mm<\/li>\n<li>Rezanje okroglo \u00d8 45\u00b0: 140 mm<\/li>\n<li>Rezanje okroglo \u00d8 -45\u00b0: 150 mm<\/li>\n<li>Rezanje pravokotno (L x V) 90\u00b0: 215 x 205 mm<\/li>\n<li>Rezanje pravokotno (L x V) 45\u00b0: 140 x 90 mm<\/li>\n<li>Rezanje pravokotno (L x V) -45\u00b0: 100 x 200 mm<\/li>\n<\/ul>\n<\/li>\n<li><strong>Tra\u010dne \u017eage<\/strong>\n<ul>\n<li>Dol\u017eina tra\u010dne \u017eage: 2360 mm<\/li>\n<li>\u0160irina tra\u010dne \u017eage: 20 mm<\/li>\n<li>Hitrost tra\u010dne \u017eage: 22 \/ 33 \/ 45 \/ 65 m\/min<\/li>\n<\/ul>\n<\/li>\n<li><strong>Te\u017ea<\/strong>\n<ul>\n<li>Bruto te\u017ea: 190 kg<\/li>\n<li>Netto te\u017ea: 170 kg<\/li>\n<\/ul>\n<\/li>\n<li><strong>Pakiranje<\/strong>\n<ul>\n<li>\u0160irina pakiranja: 460 mm<\/li>\n<li>Dol\u017eina pakiranja: 1280 mm<\/li>\n<li>Vi\u0161ina pakiranja: 1120 mm<\/li>\n<\/ul>\n<\/li>\n<li><strong>Splo\u0161ni podatki<\/strong>\n<ul>\n<li>EAN koda: 9120058376818<\/li>\n<\/ul>\n<\/li>\n<\/ul>\n","protected":false},"excerpt":{"rendered":"<h5>uredimo pla\u010dilo na obroke za vse TAKOJ brez obiska banke<\/h5>\n<ul>\n<li>prihrani prostor zaradi podvozja<\/li>\n<li>samodejno kon\u010dno stikalo<\/li>\n<li>trden stroj za litje s krogli\u010dnim le\u017eajem<\/li>\n<li>separator \u010dipov in \u010drpalka za mazanje<\/li>\n<li>profesionalni vrtljivi vise\u010di tulci in obdelovanci<\/li>\n<li>roko za spu\u0161\u010danje \u017eage nad hidravli\u010dnimi jeklenkami brezstopenjsko nastavljiv<\/li>\n<\/ul>\n<p><strong>vklju\u010deno v dobavo:<\/strong> bimetalni tra\u010dni \u017eag, premikajo\u010da se naprava, avtomatski kon\u010dni zapor, mejna zapora obdelovanca, \u010drpalka za hlajenje teko\u010dine<\/p>\n","protected":false},"featured_media":4584,"template":"","meta":[],"product_brand":[],"product_cat":[1043,1060],"product_tag":[314,441,632,837,851,918],"class_list":{"0":"post-4583","1":"product","2":"type-product","3":"status-publish","4":"has-post-thumbnail","6":"product_cat-stroji-za-kovine","7":"product_cat-tracne-zage-za-kovino","8":"product_tag-depoles","9":"product_tag-holzmann","10":"product_tag-pila","11":"product_tag-tracna","12":"product_tag-turn","13":"product_tag-zaga","15":"first","16":"instock","17":"shipping-taxable","18":"purchasable","19":"product-type-simple"},"_links":{"self":[{"href":"https:\/\/www.depoles.com\/hr\/wp-json\/wp\/v2\/product\/4583","targetHints":{"allow":["GET"]}}],"collection":[{"href":"https:\/\/www.depoles.com\/hr\/wp-json\/wp\/v2\/product"}],"about":[{"href":"https:\/\/www.depoles.com\/hr\/wp-json\/wp\/v2\/types\/product"}],"wp:featuredmedia":[{"embeddable":true,"href":"https:\/\/www.depoles.com\/hr\/wp-json\/wp\/v2\/media\/4584"}],"wp:attachment":[{"href":"https:\/\/www.depoles.com\/hr\/wp-json\/wp\/v2\/media?parent=4583"}],"wp:term":[{"taxonomy":"product_brand","embeddable":true,"href":"https:\/\/www.depoles.com\/hr\/wp-json\/wp\/v2\/product_brand?post=4583"},{"taxonomy":"product_cat","embeddable":true,"href":"https:\/\/www.depoles.com\/hr\/wp-json\/wp\/v2\/product_cat?post=4583"},{"taxonomy":"product_tag","embeddable":true,"href":"https:\/\/www.depoles.com\/hr\/wp-json\/wp\/v2\/product_tag?post=4583"}],"curies":[{"name":"wp","href":"https:\/\/api.w.org\/{rel}","templated":true}]}}