{"id":4586,"date":"2019-11-22T12:51:12","date_gmt":"2019-11-22T11:51:12","guid":{"rendered":"https:\/\/nova.depoles.com\/trgovina\/tracna-zaga-bs-712-top-400v-holzmann\/"},"modified":"2026-03-03T20:17:08","modified_gmt":"2026-03-03T19:17:08","slug":"tracna-zaga-bs-712-top-400v-holzmann","status":"publish","type":"product","link":"https:\/\/www.depoles.com\/hr\/trgovina\/tracna-zaga-bs-712-top-400v-holzmann\/","title":{"rendered":"TRA\u010cNA PILA BS 712 TOP 400V HOLZMANN"},"content":{"rendered":"<p><strong>Tehni\u010dni podatki<\/strong><\/p>\n<ul>\n<li><strong>Mo\u010d motorja (S1):<\/strong> 1,1 kW<\/li>\n<li><strong>Napetost:<\/strong> 400V \/ 3 \/ 50 Hz<\/li>\n<li><strong>Obseg vrtljivosti:<\/strong> -45\u00b0<\/li>\n<li><strong>Kapaciteta rezanja okroglega materiala \u00d8 90\u00b0:<\/strong> 180 mm<\/li>\n<li><strong>Kapaciteta rezanja okroglega materiala \u00d8 45\u00b0:<\/strong> 110 mm<\/li>\n<li><strong>Kapaciteta rezanja pravokotnega materiala (D x V) 90\u00b0:<\/strong> 180 x 300 mm<\/li>\n<li><strong>Kapaciteta rezanja pravokotnega materiala (D x V) 45\u00b0:<\/strong> 110 x 180 mm<\/li>\n<li><strong>Pas \u017eage (\u0161irina x debelina):<\/strong> 2360 x 20 x 0,9 mm<\/li>\n<li><strong>Hitrost pasu \u017eage:<\/strong> 22 \/ 33 \/ 45 \/ 65 m\/min<\/li>\n<li><strong>Bruto te\u017ea:<\/strong> 190 kg<\/li>\n<li><strong>Netto te\u017ea:<\/strong> 170 kg<\/li>\n<li><strong>Dimenzije embala\u017ee (\u0160 x V x D):<\/strong> 460 x 1120 x 1280 mm<\/li>\n<li><strong>EAN koda:<\/strong> 9120058375316<\/li>\n<\/ul>\n","protected":false},"excerpt":{"rendered":"<h6>UREDIMO PLA\u010cILO NA OBROKE TAKOJ ZA VSE<\/h6>\n<ul>\n<li>dimenzija rezila 2360x20x0,9mm<\/li>\n<li>stroj za var\u010devanje s prostorom zaradi zasuka ro\u010dice<\/li>\n<li>samodejni kon\u010dni postanek<\/li>\n<li>stroj iz masivnega sivega litega \u017eeleza z vodnikom krogli\u010dnega le\u017eaja<\/li>\n<li>oborjevalec kovinskih sekancev in serijska \u010drpalka za mazanje<\/li>\n<li>hitrost spu\u0161\u010danja, brezstopenjsko nastavljivo s hidravli\u010dnim cilindrom<\/li>\n<li>vrtenje profesionalnega prime\u017ea in omejitve delovnega dela<\/li>\n<\/ul>\n<p><strong>vklju\u010deno v dobavo:<\/strong> bimetalni tra\u010dni \u017eag, premikajo\u010da se naprava, avtomatski kon\u010dni zapor, mejna zapora obdelovanca, \u010drpalka za hlajenje teko\u010dine<\/p>\n","protected":false},"featured_media":4587,"template":"","meta":[],"product_brand":[],"product_cat":[1043,1060],"product_tag":[],"class_list":{"0":"post-4586","1":"product","2":"type-product","3":"status-publish","4":"has-post-thumbnail","6":"product_cat-stroji-za-kovine","7":"product_cat-tracne-zage-za-kovino","9":"first","10":"instock","11":"shipping-taxable","12":"purchasable","13":"product-type-simple"},"_links":{"self":[{"href":"https:\/\/www.depoles.com\/hr\/wp-json\/wp\/v2\/product\/4586","targetHints":{"allow":["GET"]}}],"collection":[{"href":"https:\/\/www.depoles.com\/hr\/wp-json\/wp\/v2\/product"}],"about":[{"href":"https:\/\/www.depoles.com\/hr\/wp-json\/wp\/v2\/types\/product"}],"wp:featuredmedia":[{"embeddable":true,"href":"https:\/\/www.depoles.com\/hr\/wp-json\/wp\/v2\/media\/4587"}],"wp:attachment":[{"href":"https:\/\/www.depoles.com\/hr\/wp-json\/wp\/v2\/media?parent=4586"}],"wp:term":[{"taxonomy":"product_brand","embeddable":true,"href":"https:\/\/www.depoles.com\/hr\/wp-json\/wp\/v2\/product_brand?post=4586"},{"taxonomy":"product_cat","embeddable":true,"href":"https:\/\/www.depoles.com\/hr\/wp-json\/wp\/v2\/product_cat?post=4586"},{"taxonomy":"product_tag","embeddable":true,"href":"https:\/\/www.depoles.com\/hr\/wp-json\/wp\/v2\/product_tag?post=4586"}],"curies":[{"name":"wp","href":"https:\/\/api.w.org\/{rel}","templated":true}]}}