{"id":4595,"date":"2019-11-22T12:51:04","date_gmt":"2019-11-22T11:51:04","guid":{"rendered":"https:\/\/nova.depoles.com\/trgovina\/tracna-zaga-holzmann-bs-275-top-230v\/"},"modified":"2026-03-03T20:15:40","modified_gmt":"2026-03-03T19:15:40","slug":"tracna-zaga-holzmann-bs-275-top-230v","status":"publish","type":"product","link":"https:\/\/www.depoles.com\/hr\/trgovina\/tracna-zaga-holzmann-bs-275-top-230v\/","title":{"rendered":"TRA\u010cNA PILA HOLZMANN BS 275 TOP 230V"},"content":{"rendered":"<p><strong>Tehni\u010dna specifikacija:<\/strong><\/p>\n<table>\n<tbody>\n<tr>\n<td><strong>Mo\u010d motorja S1<\/strong><\/td>\n<td>1,1 kW<\/td>\n<\/tr>\n<tr>\n<td><strong>Napetost<\/strong><\/td>\n<td>230 V \/ 50 Hz<\/td>\n<\/tr>\n<tr>\n<td><strong>Obseg vrtenja<\/strong><\/td>\n<td>0\u00b0\u201360\u00b0<\/td>\n<\/tr>\n<tr>\n<td><strong>Rezanje okroglih materialov \u00d8 90\u00b0<\/strong><\/td>\n<td>225 mm<\/td>\n<\/tr>\n<tr>\n<td><strong>Rezanje okroglih materialov \u00d8 45\u00b0<\/strong><\/td>\n<td>160 mm<\/td>\n<\/tr>\n<tr>\n<td><strong>Rezanje okroglih materialov \u00d8 60\u00b0<\/strong><\/td>\n<td>100 mm<\/td>\n<\/tr>\n<tr>\n<td><strong>Rezanje pravokotnih materialov (\u0161 x v) 90\u00b0<\/strong><\/td>\n<td>200 x 200 mm<\/td>\n<\/tr>\n<tr>\n<td><strong>Rezanje pravokotnih materialov (\u0161 x v) 45\u00b0<\/strong><\/td>\n<td>160 x 160 mm<\/td>\n<\/tr>\n<tr>\n<td><strong>Rezanje pravokotnih materialov (\u0161 x v) 60\u00b0<\/strong><\/td>\n<td>100 x 100 mm<\/td>\n<\/tr>\n<tr>\n<td><strong>Dimenzije \u017eaginega traku<\/strong><\/td>\n<td>2480 x 27 x 0,9 mm<\/td>\n<\/tr>\n<tr>\n<td><strong>Hitrost \u017eaginega traku<\/strong><\/td>\n<td>75 m\/min<\/td>\n<\/tr>\n<tr>\n<td><strong>Bruto te\u017ea<\/strong><\/td>\n<td>235 kg<\/td>\n<\/tr>\n<tr>\n<td><strong>Netto te\u017ea<\/strong><\/td>\n<td>195 kg<\/td>\n<\/tr>\n<tr>\n<td><strong>\u0160irina embala\u017ee<\/strong><\/td>\n<td>580 mm<\/td>\n<\/tr>\n<tr>\n<td><strong>Vi\u0161ina embala\u017ee<\/strong><\/td>\n<td>970 mm<\/td>\n<\/tr>\n<tr>\n<td><strong>Dol\u017eina embala\u017ee<\/strong><\/td>\n<td>1.350 mm<\/td>\n<\/tr>\n<tr>\n<td><strong>EAN koda<\/strong><\/td>\n<td>9120058374265<\/td>\n<\/tr>\n<\/tbody>\n<\/table>\n","protected":false},"excerpt":{"rendered":"<h5>uredimo pla\u010dilo na obroke takoj za vse brez obiska banke<\/h5>\n<ul>\n<li>dimenzija \u017eage: 2480x27x0,9mm<\/li>\n<li>visoka vrednost, natan\u010dna tra\u010dna \u017eaga za kovine z ro\u010dno nastavitvijo litega \u017eeleza<\/li>\n<li>Okvir \u017eage se zasuka do 60 \u00b0, kar omogo\u010da rezanje mitre<\/li>\n<li>nastavljiv vodnik rezila krogli\u010dnega le\u017eaja s 5 to\u010dkami, ki zagotavlja najve\u010djo natan\u010dnost rezanja, samodejni kon\u010dni zaustav<\/li>\n<li>robusten vijak iz litega \u017eeleza z ro\u010dico za hitro odpenjanje in omejitvijo obdelovanca<\/li>\n<li>popolnoma nastavljiv okvir \u017eage, spu\u0161\u010den preko ventila hidravli\u010dnega valja<\/li>\n<li>trdna nastavitev stroja s posebej torzijsko odpornim okvirjem \u017eage zagotavlja brez vibracij in optimalne rezalne rezultate<\/li>\n<li>manometer omogo\u010da natan\u010dno nastavitev napetosti rezila<\/li>\n<\/ul>\n<div><strong>vklju\u010deno v dobavo:<\/strong> list \u017eage, stojalo, omejitev obdelovanca, avtomatska naprava za zapiranje, naprava za hlajenje, manometer<\/div>\n","protected":false},"featured_media":763,"template":"","meta":[],"product_brand":[],"product_cat":[1043,1060],"product_tag":[237,314,441,513,555,632,835,837,918],"class_list":{"0":"post-4595","1":"product","2":"type-product","3":"status-publish","4":"has-post-thumbnail","6":"product_cat-stroji-za-kovine","7":"product_cat-tracne-zage-za-kovino","8":"product_tag-bs275","9":"product_tag-depoles","10":"product_tag-holzmann","11":"product_tag-kovine","12":"product_tag-metal","13":"product_tag-pila","14":"product_tag-top","15":"product_tag-tracna","16":"product_tag-zaga","18":"first","19":"instock","20":"shipping-taxable","21":"purchasable","22":"product-type-simple"},"_links":{"self":[{"href":"https:\/\/www.depoles.com\/hr\/wp-json\/wp\/v2\/product\/4595","targetHints":{"allow":["GET"]}}],"collection":[{"href":"https:\/\/www.depoles.com\/hr\/wp-json\/wp\/v2\/product"}],"about":[{"href":"https:\/\/www.depoles.com\/hr\/wp-json\/wp\/v2\/types\/product"}],"wp:featuredmedia":[{"embeddable":true,"href":"https:\/\/www.depoles.com\/hr\/wp-json\/wp\/v2\/media\/763"}],"wp:attachment":[{"href":"https:\/\/www.depoles.com\/hr\/wp-json\/wp\/v2\/media?parent=4595"}],"wp:term":[{"taxonomy":"product_brand","embeddable":true,"href":"https:\/\/www.depoles.com\/hr\/wp-json\/wp\/v2\/product_brand?post=4595"},{"taxonomy":"product_cat","embeddable":true,"href":"https:\/\/www.depoles.com\/hr\/wp-json\/wp\/v2\/product_cat?post=4595"},{"taxonomy":"product_tag","embeddable":true,"href":"https:\/\/www.depoles.com\/hr\/wp-json\/wp\/v2\/product_tag?post=4595"}],"curies":[{"name":"wp","href":"https:\/\/api.w.org\/{rel}","templated":true}]}}