{"id":4597,"date":"2019-11-22T12:51:01","date_gmt":"2019-11-22T11:51:01","guid":{"rendered":"https:\/\/nova.depoles.com\/trgovina\/tracna-zaga-bs-275-top-400v-holzmann\/"},"modified":"2026-03-03T20:15:55","modified_gmt":"2026-03-03T19:15:55","slug":"tracna-zaga-bs-275-top-400v-holzmann","status":"publish","type":"product","link":"https:\/\/www.depoles.com\/hr\/trgovina\/tracna-zaga-bs-275-top-400v-holzmann\/","title":{"rendered":"TRA\u010cNA PILA BS 275 TOP 400V HOLZMANN"},"content":{"rendered":"<p><strong>Tehni\u010dni podatki<\/strong><\/p>\n<table>\n<tbody>\n<tr>\n<th colspan=\"2\" style=\"text-align:left\">Podatki o motorju<\/th>\n<\/tr>\n<tr>\n<td>Mo\u010d motorja S1<\/td>\n<td>1,5 kW<\/td>\n<\/tr>\n<tr>\n<td>Napetost<\/td>\n<td>400V \/ 3 \/ 50Hz<\/td>\n<\/tr>\n<tr>\n<th colspan=\"2\" style=\"text-align:left\">Dimenzije<\/th>\n<\/tr>\n<tr>\n<td>Obmo\u010dje vrtenja<\/td>\n<td>0\u00b0\u201360\u00b0<\/td>\n<\/tr>\n<tr>\n<th colspan=\"2\" style=\"text-align:left\">Rezalne zmogljivosti<\/th>\n<\/tr>\n<tr>\n<td>Rezanje okroglih profilov \u00d8 90\u00b0<\/td>\n<td>225 mm<\/td>\n<\/tr>\n<tr>\n<td>Rezanje okroglih profilov \u00d8 45\u00b0<\/td>\n<td>160 mm<\/td>\n<\/tr>\n<tr>\n<td>Rezanje okroglih profilov \u00d8 60\u00b0<\/td>\n<td>100 mm<\/td>\n<\/tr>\n<tr>\n<td>Rezanje pravokotnih profilov (LxH) 90\u00b0<\/td>\n<td>200 x 200 mm<\/td>\n<\/tr>\n<tr>\n<td>Rezanje pravokotnih profilov (LxH) 45\u00b0<\/td>\n<td>160 x 160 mm<\/td>\n<\/tr>\n<tr>\n<td>Rezanje pravokotnih profilov (LxH) 60\u00b0<\/td>\n<td>100 x 100 mm<\/td>\n<\/tr>\n<tr>\n<th colspan=\"2\" style=\"text-align:left\">\u017di\u010dne \u017eage<\/th>\n<\/tr>\n<tr>\n<td>\u017daga (dimenzije)<\/td>\n<td>2480 x 27 x 0,9 mm<\/td>\n<\/tr>\n<tr>\n<td>Hitrost \u017eage<\/td>\n<td>37,5 \/ 75 m\/min<\/td>\n<\/tr>\n<tr>\n<th colspan=\"2\" style=\"text-align:left\">Te\u017ea<\/th>\n<\/tr>\n<tr>\n<td>Bruto te\u017ea<\/td>\n<td>235 kg<\/td>\n<\/tr>\n<tr>\n<td>Netto te\u017ea<\/td>\n<td>195 kg<\/td>\n<\/tr>\n<tr>\n<th colspan=\"2\" style=\"text-align:left\">Embala\u017ea<\/th>\n<\/tr>\n<tr>\n<td>\u0160irina embala\u017ee<\/td>\n<td>580 mm<\/td>\n<\/tr>\n<tr>\n<td>Vi\u0161ina embala\u017ee<\/td>\n<td>970 mm<\/td>\n<\/tr>\n<tr>\n<td>Dol\u017eina embala\u017ee<\/td>\n<td>1350 mm<\/td>\n<\/tr>\n<tr>\n<th colspan=\"2\" style=\"text-align:left\">Splo\u0161ni podatki<\/th>\n<\/tr>\n<tr>\n<td>EAN koda<\/td>\n<td>9120058374258<\/td>\n<\/tr>\n<\/tbody>\n<\/table>\n","protected":false},"excerpt":{"rendered":"<h5>uredimo pla\u010dilo na obroke TAKOJ za vse brez obiska banke<\/h5>\n<ul>\n<li>dimenzija \u017eage: 2480x27x0,9mm<\/li>\n<li>visoka natan\u010dnost \u017eaga za kovine z ro\u010dno nastavitvijo<\/li>\n<li>zmogljiv dvostopenjski gnani motor zagotavlja stalno visoke rezalne zmogljivosti<\/li>\n<li>galav stroja\/\u017eage se zasu\u010de do 60 \u00b0, za nattan\u010dno rezanje pod kotom<\/li>\n<li>nastavljiva vodila lista z 3 le\u017eaji , nqasiavljivimi po 5 to\u010dkah,\u00a0 ki zagotavlja najve\u010djo natan\u010dnost rezanja,<\/li>\n<li>samodejna kon\u010dna zaustavitev \/stop<\/li>\n<li>robusten prime\u017e iz litega \u017eeleza z ro\u010dico za hitro odpenjanje in omejitvijo obdelovanca<\/li>\n<li>automatski pomik doel\/rezanje \u017eage s pomo\u010djo hidravli\u010dnega co+ilindra , z nastavljivo hitrostjo<\/li>\n<li>masivna izvedba stroja s specialno antitorszijsko odprono nastavitvijo okviorja \u017eage , omogo\u010d \u010diste in mirne reze brez vibracij<\/li>\n<li>manometer omogo\u010da natan\u010dno nastavitev napetosti rezila<\/li>\n<\/ul>\n<div><strong>vklju\u010deno v dobavo:<\/strong> list \u017eage, stojalo,\u00a0 omejileca, avtomatskai stop, hladilna \u010drpalka z koritom, manometer<\/div>\n","protected":false},"featured_media":4598,"template":"","meta":[],"product_brand":[],"product_cat":[1043,1060],"product_tag":[237,314,442,513,555,837,918],"class_list":{"0":"post-4597","1":"product","2":"type-product","3":"status-publish","4":"has-post-thumbnail","6":"product_cat-stroji-za-kovine","7":"product_cat-tracne-zage-za-kovino","8":"product_tag-bs275","9":"product_tag-depoles","10":"product_tag-holzmnann","11":"product_tag-kovine","12":"product_tag-metal","13":"product_tag-tracna","14":"product_tag-zaga","16":"first","17":"instock","18":"shipping-taxable","19":"purchasable","20":"product-type-simple"},"_links":{"self":[{"href":"https:\/\/www.depoles.com\/hr\/wp-json\/wp\/v2\/product\/4597","targetHints":{"allow":["GET"]}}],"collection":[{"href":"https:\/\/www.depoles.com\/hr\/wp-json\/wp\/v2\/product"}],"about":[{"href":"https:\/\/www.depoles.com\/hr\/wp-json\/wp\/v2\/types\/product"}],"wp:featuredmedia":[{"embeddable":true,"href":"https:\/\/www.depoles.com\/hr\/wp-json\/wp\/v2\/media\/4598"}],"wp:attachment":[{"href":"https:\/\/www.depoles.com\/hr\/wp-json\/wp\/v2\/media?parent=4597"}],"wp:term":[{"taxonomy":"product_brand","embeddable":true,"href":"https:\/\/www.depoles.com\/hr\/wp-json\/wp\/v2\/product_brand?post=4597"},{"taxonomy":"product_cat","embeddable":true,"href":"https:\/\/www.depoles.com\/hr\/wp-json\/wp\/v2\/product_cat?post=4597"},{"taxonomy":"product_tag","embeddable":true,"href":"https:\/\/www.depoles.com\/hr\/wp-json\/wp\/v2\/product_tag?post=4597"}],"curies":[{"name":"wp","href":"https:\/\/api.w.org\/{rel}","templated":true}]}}