{"id":4604,"date":"2019-11-22T12:51:01","date_gmt":"2019-11-22T11:51:01","guid":{"rendered":"https:\/\/nova.depoles.com\/trgovina\/tracna-zaga-za-kovino-bs-128-hdr-400v\/"},"modified":"2026-02-12T13:57:48","modified_gmt":"2026-02-12T12:57:48","slug":"tracna-zaga-za-kovino-bs-128-hdr-400v","status":"publish","type":"product","link":"https:\/\/www.depoles.com\/hr\/trgovina\/tracna-zaga-za-kovino-bs-128-hdr-400v\/","title":{"rendered":"TRA\u010cNA PILA ZA METAL BS 128 HDR 400V"},"content":{"rendered":"<p><strong>Tehni\u010dni podatki<\/strong><\/p>\n<ul>\n<li><strong>Podatki o motorju:<\/strong>\n<ul>\n<li>Napetost: 400V \/ 3 \/ 50Hz<\/li>\n<li>Mo\u010d motorja S6: 825 W<\/li>\n<li>Mo\u010d motorja S1: 550 W<\/li>\n<\/ul>\n<\/li>\n<li><strong>Rezkalne zmogljivosti:<\/strong>\n<ul>\n<li>Rezanje okroglo \u00d8 45\u00b0: 95 mm<\/li>\n<li>Rezanje okroglo \u00d8 60\u00b0: 50 mm<\/li>\n<li>Rezanje pravokotno (l\u00d7\u0161) 60\u00b0: 50\u00d756 mm<\/li>\n<li>Rezanje pravokotno (l\u00d7\u0161) 45\u00b0: 95\u00d776 mm<\/li>\n<li>Rezanje pravokotno (l\u00d7\u0161) 90\u00b0: 100\u00d7150 mm<\/li>\n<li>Rezanje okroglo \u00d8 90\u00b0: 125 mm<\/li>\n<\/ul>\n<\/li>\n<li><strong>Tra\u010dne \u017eage:<\/strong>\n<ul>\n<li>Hitrost tra\u010dne \u017eage: 23\/34\/54 m\/min<\/li>\n<li>Dimenzije tra\u010dne \u017eage: 1638\u00d713\u00d70,6 mm<\/li>\n<\/ul>\n<\/li>\n<li><strong>Te\u017ea:<\/strong>\n<ul>\n<li>Bruto te\u017ea: 84 kg<\/li>\n<li>Netto te\u017ea: 76 kg<\/li>\n<\/ul>\n<\/li>\n<li><strong>Embala\u017ea:<\/strong>\n<ul>\n<li>Dol\u017eina embala\u017ee: 942 mm<\/li>\n<li>\u0160irina embala\u017ee: 442 mm<\/li>\n<li>Vi\u0161ina embala\u017ee: 548 mm<\/li>\n<\/ul>\n<\/li>\n<li><strong>Splo\u0161ni podatki:<\/strong>\n<ul>\n<li>EAN koda: 9120058372902<\/li>\n<\/ul>\n<\/li>\n<\/ul>\n","protected":false},"excerpt":{"rendered":"<h5><span style=\"color: #ff0000\">PLA\u010cILA MO\u017dNA NA DO 48 OBROKOV ZA VSE STROJE TAKOJ DO VREDNOSTI 15.000\u20ac<\/span> \/<br \/>\nUREDIMO BREZ OBISKA BANKE\/NA DALJAVO\/ POVPRA\u0160AJTE<br \/>\n<span style=\"color: #008080\">NA ZALOGI \/PONUDBA VELJA DO PRODAJE ZALOGE<\/span><\/h5>\n<ul>\n<li>dimenzija rezila: 1638x13x0,6mm<\/li>\n<li>vrtljiva rezalna glava<\/li>\n<li>ima funkcijo samodejnega izklopa<\/li>\n<li>stroj iz masivnega sivega litega \u017eeleza z vodnikom krogli\u010dnega le\u017eaja<\/li>\n<li>nastavljivi vodili rezila in valji<\/li>\n<li>spremenljivo nastavljiv dotok preko hidravli\u010dnega valja<\/li>\n<li>hitro sprostitev prime\u017ea z omejitvijo zapornega dela<\/li>\n<li>z izvle\u010dnim ro\u010dajem in kolesi, ki omogo\u010da enostavno gibanje po delavnici<\/li>\n<li>3 hitrosti omogo\u010dajo obvladovanje najrazli\u010dnej\u0161ih materialov in zagotavljajo gladko rezanje<\/li>\n<li>s stojalom za la\u017eje delo<\/li>\n<li>motor 400V<\/li>\n<\/ul>\n<p><strong>vklju\u010deno v dobavo:<\/strong> trak \u017eage HSS, premikajo\u010da se naprava, avtomatski izklop, omejitev delovnega dela<\/p>\n<p>https:\/\/www.youtube.com\/watch?v=1ozmSflYVY8&amp;t=10s<\/p>\n","protected":false},"featured_media":4605,"template":"","meta":[],"product_brand":[],"product_cat":[1043,1060],"product_tag":[206,314,417,441,510,514,555,632,651,837,840],"class_list":{"0":"post-4604","1":"product","2":"type-product","3":"status-publish","4":"has-post-thumbnail","6":"product_cat-stroji-za-kovine","7":"product_cat-tracne-zage-za-kovino","8":"product_tag-autostop","9":"product_tag-depoles","10":"product_tag-hidraulicni","11":"product_tag-holzmann","12":"product_tag-koti","13":"product_tag-kovino","14":"product_tag-metal","15":"product_tag-pila","16":"product_tag-pomik","17":"product_tag-tracna","18":"product_tag-tracna-zaga","20":"first","21":"instock","22":"shipping-taxable","23":"purchasable","24":"product-type-simple"},"_links":{"self":[{"href":"https:\/\/www.depoles.com\/hr\/wp-json\/wp\/v2\/product\/4604","targetHints":{"allow":["GET"]}}],"collection":[{"href":"https:\/\/www.depoles.com\/hr\/wp-json\/wp\/v2\/product"}],"about":[{"href":"https:\/\/www.depoles.com\/hr\/wp-json\/wp\/v2\/types\/product"}],"wp:featuredmedia":[{"embeddable":true,"href":"https:\/\/www.depoles.com\/hr\/wp-json\/wp\/v2\/media\/4605"}],"wp:attachment":[{"href":"https:\/\/www.depoles.com\/hr\/wp-json\/wp\/v2\/media?parent=4604"}],"wp:term":[{"taxonomy":"product_brand","embeddable":true,"href":"https:\/\/www.depoles.com\/hr\/wp-json\/wp\/v2\/product_brand?post=4604"},{"taxonomy":"product_cat","embeddable":true,"href":"https:\/\/www.depoles.com\/hr\/wp-json\/wp\/v2\/product_cat?post=4604"},{"taxonomy":"product_tag","embeddable":true,"href":"https:\/\/www.depoles.com\/hr\/wp-json\/wp\/v2\/product_tag?post=4604"}],"curies":[{"name":"wp","href":"https:\/\/api.w.org\/{rel}","templated":true}]}}