{"id":4609,"date":"2019-11-22T12:51:00","date_gmt":"2019-11-22T11:51:00","guid":{"rendered":"https:\/\/nova.depoles.com\/trgovina\/tracna-zaga-bs-128-hdr-230v-holzmann\/"},"modified":"2026-04-13T11:23:27","modified_gmt":"2026-04-13T09:23:27","slug":"tracna-zaga-bs-128-hdr-230v-holzmann","status":"publish","type":"product","link":"https:\/\/www.depoles.com\/hr\/trgovina\/tracna-zaga-bs-128-hdr-230v-holzmann\/","title":{"rendered":"TRA\u010cNA PILA BS 128 HDR 230V HOLZMANN"},"content":{"rendered":"<p><strong>Tehni\u010dni podatki<\/strong><\/p>\n<ul>\n<li><strong>Podatki o motorju<\/strong>\n<ul>\n<li>Mo\u010d motorja S1: 550 W<\/li>\n<li>Napetost: 230V \/ 50Hz<\/li>\n<li>Mo\u010d motorja S6: 825 W<\/li>\n<\/ul>\n<\/li>\n<li><strong>Dimenzije<\/strong>\n<ul>\n<li>Obseg vrtenja: -45\u00b0 do +60\u00b0<\/li>\n<\/ul>\n<\/li>\n<li><strong>Rezanje<\/strong>\n<ul>\n<li>Rezanje l x h pri 45\u00b0: 95 x 76 mm<\/li>\n<li>Rezanje l x h pri 60\u00b0: 50 x 56 mm<\/li>\n<li>Rezanje l x h pri 90\u00b0: 100 x 150 mm<\/li>\n<li>Rezanje okroglih predmetov \u00d8 pri 60\u00b0: 50 mm<\/li>\n<li>Rezanje okroglih predmetov \u00d8 pri 45\u00b0: 95 mm<\/li>\n<li>Rezanje okroglih predmetov \u00d8 pri 90\u00b0: 125 mm<\/li>\n<\/ul>\n<\/li>\n<li><strong>Tra\u010dne \u017eage<\/strong>\n<ul>\n<li>Dimenzije traku: 1638 x 13 x 0,6 mm<\/li>\n<li>Hitrost traku: 23 \/ 34 \/ 54 m\/min<\/li>\n<\/ul>\n<\/li>\n<li><strong>Te\u017ea<\/strong>\n<ul>\n<li>Bruto te\u017ea: 84 kg<\/li>\n<li>Netto te\u017ea: 76 kg<\/li>\n<\/ul>\n<\/li>\n<li><strong>Pakiranje<\/strong>\n<ul>\n<li>Dol\u017eina: 942 mm<\/li>\n<li>\u0160irina: 442 mm<\/li>\n<li>Vi\u0161ina: 548 mm<\/li>\n<\/ul>\n<\/li>\n<li><strong>Splo\u0161ni podatki<\/strong>\n<ul>\n<li>EAN koda: 9120058372896<\/li>\n<\/ul>\n<\/li>\n<\/ul>\n","protected":false},"excerpt":{"rendered":"<h6><strong><span style=\"color: #ff0000\">PLA\u010cILA MO\u017dNA NA DOI 48 OBROKOV ZA VSE STROJE TAKOJ DO VREDNOSTI 12000\u20ac<\/span> \/UREDIMO BREZ OBISKA BANKE\/NA DALJAVO\/ POVPRA\u0160AJTE<\/strong><br \/>\n<strong><span style=\"color: #008080\">NA ZALOGI \/PONUDBA VELJA DO PRODAJE ZALOGE<\/span><\/strong><\/h6>\n<ul>\n<li>dimenzija rezila: 1638x13x0,6mm<\/li>\n<li>vrtljiva rezalna glava<\/li>\n<li>ima funkcijo samodejnega izklopa<\/li>\n<li>stroj iz masivnega sivega litega \u017eeleza z vodnikom krogli\u010dnega le\u017eaja<\/li>\n<li>nastavljivi vodili rezila in valji<\/li>\n<li>spremenljivo nastavljiv dotok preko hidravli\u010dnega valja<\/li>\n<li>hitro sprostitev prime\u017ea z omejitvijo zapornega dela<\/li>\n<li>z izvle\u010dnim ro\u010dajem in kolesi, ki omogo\u010da enostavno gibanje po delavnici<\/li>\n<li>3 hitrosti omogo\u010dajo obvladovanje najrazli\u010dnej\u0161ih materialov in zagotavljajo gladko rezanje<\/li>\n<li>s stojalom za la\u017eje delo<\/li>\n<li>motor 230V<\/li>\n<\/ul>\n<p><strong>vklju\u010deno v dobavo:<\/strong> trak \u017eage HSS, premikajo\u010da se naprava, avtomatski izklop, omejitev delovnega dela<\/p>\n<p>https:\/\/www.youtube.com\/watch?v=1ozmSflYVY8&amp;t=10s<\/p>\n","protected":false},"featured_media":4610,"template":"","meta":[],"product_brand":[],"product_cat":[1043,1060],"product_tag":[314,439,514,555,837,918],"class_list":{"0":"post-4609","1":"product","2":"type-product","3":"status-publish","4":"has-post-thumbnail","6":"product_cat-stroji-za-kovine","7":"product_cat-tracne-zage-za-kovino","8":"product_tag-depoles","9":"product_tag-holczmann","10":"product_tag-kovino","11":"product_tag-metal","12":"product_tag-tracna","13":"product_tag-zaga","15":"first","16":"instock","17":"shipping-taxable","18":"purchasable","19":"product-type-simple"},"_links":{"self":[{"href":"https:\/\/www.depoles.com\/hr\/wp-json\/wp\/v2\/product\/4609","targetHints":{"allow":["GET"]}}],"collection":[{"href":"https:\/\/www.depoles.com\/hr\/wp-json\/wp\/v2\/product"}],"about":[{"href":"https:\/\/www.depoles.com\/hr\/wp-json\/wp\/v2\/types\/product"}],"wp:featuredmedia":[{"embeddable":true,"href":"https:\/\/www.depoles.com\/hr\/wp-json\/wp\/v2\/media\/4610"}],"wp:attachment":[{"href":"https:\/\/www.depoles.com\/hr\/wp-json\/wp\/v2\/media?parent=4609"}],"wp:term":[{"taxonomy":"product_brand","embeddable":true,"href":"https:\/\/www.depoles.com\/hr\/wp-json\/wp\/v2\/product_brand?post=4609"},{"taxonomy":"product_cat","embeddable":true,"href":"https:\/\/www.depoles.com\/hr\/wp-json\/wp\/v2\/product_cat?post=4609"},{"taxonomy":"product_tag","embeddable":true,"href":"https:\/\/www.depoles.com\/hr\/wp-json\/wp\/v2\/product_tag?post=4609"}],"curies":[{"name":"wp","href":"https:\/\/api.w.org\/{rel}","templated":true}]}}