{"id":4611,"date":"2019-11-22T12:50:57","date_gmt":"2019-11-22T11:50:57","guid":{"rendered":"https:\/\/nova.depoles.com\/trgovina\/krozna-zaga-mobilna-tren-za-kovino-mks180_230v\/"},"modified":"2026-02-12T13:56:36","modified_gmt":"2026-02-12T12:56:36","slug":"krozna-zaga-mobilna-tren-za-kovino-mks180_230v","status":"publish","type":"product","link":"https:\/\/www.depoles.com\/hr\/trgovina\/krozna-zaga-mobilna-tren-za-kovino-mks180_230v\/","title":{"rendered":"Kru\u017ena pila mobilna\/za metal HOLZMANN MKS180_230V"},"content":{"rendered":"<p><strong>Tehni\u010dne specifikacije:<\/strong><\/p>\n<ul>\n<li><strong>Motor:<\/strong>\n<ul>\n<li>Mo\u010d motorja S1: 1280 W<\/li>\n<li>Napetost: 230 V<\/li>\n<\/ul>\n<\/li>\n<li><strong>Rezanje:<\/strong>\n<ul>\n<li>Rezanje pravokotno (LxH 90\u00b0): 45 x 45 mm<\/li>\n<li>Rezanje pod kotom 45\u00b0 (LxH): 32 x 32 mm<\/li>\n<li>Rezanje okroglih profilov \u00d8 90\u00b0: 50 mm<\/li>\n<li>Rezanje okroglih profilov \u00d8 45\u00b0: 32 mm<\/li>\n<\/ul>\n<\/li>\n<li><strong>Kro\u017ene \u017eage:<\/strong>\n<ul>\n<li>Premer \u017eaginega lista: 180 mm<\/li>\n<li>Premer luknje \u017eaginega lista: 20 mm<\/li>\n<li>Hitrost \u017eaginega lista: 3800 min\u207b\u00b9<\/li>\n<\/ul>\n<\/li>\n<li><strong>Te\u017ea:<\/strong>\n<ul>\n<li>Bruto te\u017ea: 9 kg<\/li>\n<li>Netto te\u017ea: 8,5 kg<\/li>\n<\/ul>\n<\/li>\n<li><strong>Embala\u017ea:<\/strong>\n<ul>\n<li>Dol\u017eina embala\u017ee: 400 mm<\/li>\n<li>\u0160irina embala\u017ee: 280 mm<\/li>\n<li>Vi\u0161ina embala\u017ee: 300 mm<\/li>\n<\/ul>\n<\/li>\n<li><strong>Splo\u0161ni podatki:<\/strong>\n<ul>\n<li>EAN koda: 9120039909448<\/li>\n<\/ul>\n<\/li>\n<\/ul>\n","protected":false},"excerpt":{"rendered":"<h3>Izdelek izstopa po:<\/h3>\n<ul>\n<li>Brezstopenjsko nastavljiv globinski zastoj<\/li>\n<li>Odli\u010dnih rezalnih lastnostih zahvaljujo\u010d vklju\u010denemu TCT listu \u017eage<\/li>\n<li>Hitri nastavitvi prime\u017ea za u\u010dinkovite delovne cikle<\/li>\n<li>Uporabi za rezanje cevi, plo\u0161\u010datega ali okroglega materiala<\/li>\n<li>Mo\u017enosti rezanja razli\u010dnih materialov, kot so jeklo, aluminij in barvne kovine<\/li>\n<li>Zaklepanju vretena za enostavno menjavo lista \u017eage<\/li>\n<li>Prenosnosti, kar omogo\u010da uporabo pri mobilnih in\u0161talacijskih delih<\/li>\n<li>Brezstopenjski vrtljaji do 3800 vrt.\/min<\/li>\n<li>List \u017eage premera 180 mm z izvrtino 20 mm<\/li>\n<\/ul>\n","protected":false},"featured_media":758,"template":"","meta":[],"product_brand":[],"product_cat":[1055,1045,1043],"product_tag":[],"class_list":{"0":"post-4611","1":"product","2":"type-product","3":"status-publish","4":"has-post-thumbnail","6":"product_cat-krozne-zage-za-kovino","7":"product_cat-pripomocki-kovine","8":"product_cat-stroji-za-kovine","10":"first","11":"instock","12":"shipping-taxable","13":"purchasable","14":"product-type-simple"},"_links":{"self":[{"href":"https:\/\/www.depoles.com\/hr\/wp-json\/wp\/v2\/product\/4611","targetHints":{"allow":["GET"]}}],"collection":[{"href":"https:\/\/www.depoles.com\/hr\/wp-json\/wp\/v2\/product"}],"about":[{"href":"https:\/\/www.depoles.com\/hr\/wp-json\/wp\/v2\/types\/product"}],"wp:featuredmedia":[{"embeddable":true,"href":"https:\/\/www.depoles.com\/hr\/wp-json\/wp\/v2\/media\/758"}],"wp:attachment":[{"href":"https:\/\/www.depoles.com\/hr\/wp-json\/wp\/v2\/media?parent=4611"}],"wp:term":[{"taxonomy":"product_brand","embeddable":true,"href":"https:\/\/www.depoles.com\/hr\/wp-json\/wp\/v2\/product_brand?post=4611"},{"taxonomy":"product_cat","embeddable":true,"href":"https:\/\/www.depoles.com\/hr\/wp-json\/wp\/v2\/product_cat?post=4611"},{"taxonomy":"product_tag","embeddable":true,"href":"https:\/\/www.depoles.com\/hr\/wp-json\/wp\/v2\/product_tag?post=4611"}],"curies":[{"name":"wp","href":"https:\/\/api.w.org\/{rel}","templated":true}]}}