{"id":4613,"date":"2019-11-22T12:50:56","date_gmt":"2019-11-22T11:50:56","guid":{"rendered":"https:\/\/nova.depoles.com\/trgovina\/krozna-zaga-tren-za-kovino-holzmann-mks355eco_230v\/"},"modified":"2026-02-12T13:57:23","modified_gmt":"2026-02-12T12:57:23","slug":"krozna-zaga-tren-za-kovino-holzmann-mks355eco_230v","status":"publish","type":"product","link":"https:\/\/www.depoles.com\/hr\/trgovina\/krozna-zaga-tren-za-kovino-holzmann-mks355eco_230v\/","title":{"rendered":"Kru\u017ena pila\/tren za metal HOLZMANN MKS355ECO_230V"},"content":{"rendered":"<p><strong>Specifikacije izdelka:<\/strong><\/p>\n<ul>\n<li><strong>Podatki o motorju:<\/strong>\n<ul>\n<li>Mo\u010d motorja S1: 2000 W<\/li>\n<li>Napetost: 230V \/ 50Hz<\/li>\n<\/ul>\n<\/li>\n<li><strong>Dimenzije:<\/strong>\n<ul>\n<li>Skupne dimenzije (\u0160xDxV): 710 x 250 x 635 mm<\/li>\n<\/ul>\n<\/li>\n<li><strong>Rezanje:<\/strong>\n<ul>\n<li>Rezanje okroglo \u00d8 90\u00b0: 120 mm<\/li>\n<li>Rezanje okroglo \u00d8 45\u00b0: 90 mm<\/li>\n<li>Rezanje pravokotno (D x V) 90\u00b0: 190 x 90 mm<\/li>\n<li>Rezanje pravokotno (D x V) 45\u00b0: 120 x 90 mm<\/li>\n<li>Rezanje kvadratno 90\u00b0: 105 mm<\/li>\n<\/ul>\n<\/li>\n<li><strong>Kro\u017ene \u017eage:<\/strong>\n<ul>\n<li>Premer \u017eaginega lista: 355 mm<\/li>\n<li>Notranji premer \u017eaginega lista: 25,4 mm<\/li>\n<li>Hitrost \u017eaginega lista: 1700 min\u207b\u00b9<\/li>\n<\/ul>\n<\/li>\n<li><strong>Raven hrupa in vibracije:<\/strong>\n<ul>\n<li>Raven zvo\u010dne mo\u010di: 100,9 dB(A)<\/li>\n<li>Raven zvo\u010dnega tlaka: 89,9 dB(A)<\/li>\n<\/ul>\n<\/li>\n<li><strong>Te\u017ea:<\/strong>\n<ul>\n<li>Bruto te\u017ea: 20 kg<\/li>\n<li>Netto te\u017ea: 18,5 kg<\/li>\n<\/ul>\n<\/li>\n<li><strong>Embala\u017ea:<\/strong>\n<ul>\n<li>\u0160irina embala\u017ee: 340 mm<\/li>\n<li>Dol\u017eina embala\u017ee: 540 mm<\/li>\n<li>Vi\u0161ina embala\u017ee: 450 mm<\/li>\n<\/ul>\n<\/li>\n<li><strong>Splo\u0161ni podatki:<\/strong>\n<ul>\n<li>EAN koda: 9120058377648<\/li>\n<\/ul>\n<\/li>\n<\/ul>\n","protected":false},"excerpt":{"rendered":"<h3>Poudarki izdelka<\/h3>\n<ul>\n<li>Odli\u010dne rezalne lastnosti zahvaljujo\u010d vklju\u010denemu TCT listu \u017eage.<\/li>\n<li>Hitro nastavljiv prime\u017e za u\u010dinkovite delovne cikle.<\/li>\n<li>Primeren za rezanje cevi, plo\u0161\u010datega in okroglega materiala.<\/li>\n<li>Mo\u017enost rezanja razli\u010dnih materialov, kot so jeklo, aluminij in barvne kovine.<\/li>\n<li>Prenosen, idealen za mobilna in\u0161talacijska dela.<\/li>\n<li>List \u017eage: premer 355 mm, izvrtina 25,4 mm, 72 zob.<\/li>\n<\/ul>\n","protected":false},"featured_media":4614,"template":"","meta":[],"product_brand":[],"product_cat":[1055,1043],"product_tag":[],"class_list":{"0":"post-4613","1":"product","2":"type-product","3":"status-publish","4":"has-post-thumbnail","6":"product_cat-krozne-zage-za-kovino","7":"product_cat-stroji-za-kovine","9":"first","10":"instock","11":"shipping-taxable","12":"purchasable","13":"product-type-simple"},"_links":{"self":[{"href":"https:\/\/www.depoles.com\/hr\/wp-json\/wp\/v2\/product\/4613","targetHints":{"allow":["GET"]}}],"collection":[{"href":"https:\/\/www.depoles.com\/hr\/wp-json\/wp\/v2\/product"}],"about":[{"href":"https:\/\/www.depoles.com\/hr\/wp-json\/wp\/v2\/types\/product"}],"wp:featuredmedia":[{"embeddable":true,"href":"https:\/\/www.depoles.com\/hr\/wp-json\/wp\/v2\/media\/4614"}],"wp:attachment":[{"href":"https:\/\/www.depoles.com\/hr\/wp-json\/wp\/v2\/media?parent=4613"}],"wp:term":[{"taxonomy":"product_brand","embeddable":true,"href":"https:\/\/www.depoles.com\/hr\/wp-json\/wp\/v2\/product_brand?post=4613"},{"taxonomy":"product_cat","embeddable":true,"href":"https:\/\/www.depoles.com\/hr\/wp-json\/wp\/v2\/product_cat?post=4613"},{"taxonomy":"product_tag","embeddable":true,"href":"https:\/\/www.depoles.com\/hr\/wp-json\/wp\/v2\/product_tag?post=4613"}],"curies":[{"name":"wp","href":"https:\/\/api.w.org\/{rel}","templated":true}]}}