{"id":4616,"date":"2019-11-22T12:50:55","date_gmt":"2019-11-22T11:50:55","guid":{"rendered":"https:\/\/nova.depoles.com\/trgovina\/zaga-tren-za-kovino-holzmann-mks355_230v\/"},"modified":"2026-02-12T13:55:12","modified_gmt":"2026-02-12T12:55:12","slug":"zaga-tren-za-kovino-holzmann-mks355_230v","status":"publish","type":"product","link":"https:\/\/www.depoles.com\/hr\/trgovina\/zaga-tren-za-kovino-holzmann-mks355_230v\/","title":{"rendered":"Pila\/tra\u010dna pila za metal HOLZMANN MKS355_230V"},"content":{"rendered":"<p><strong>Tehni\u010dni podatki<\/strong><\/p>\n<ul>\n<li><strong>Motor:<\/strong>\n<ul>\n<li>Mo\u010d motorja S1: 2300 W<\/li>\n<li>Napetost: 230 V<\/li>\n<\/ul>\n<\/li>\n<li><strong>Rezanje:<\/strong>\n<ul>\n<li>Rezanje pravokotnik (D x V) 90\u00b0: 190 x 90 mm<\/li>\n<li>Rezanje okroglo \u00d8 90\u00b0: 130 mm<\/li>\n<li>Rezanje pravokotnik (D x V) 45\u00b0: 120 x 90 mm<\/li>\n<li>Rezanje okroglo \u00d8 45\u00b0: 90 mm<\/li>\n<li>Rezanje kvadrat 90\u00b0: 105 mm<\/li>\n<\/ul>\n<\/li>\n<li><strong>Kro\u017ene \u017eage:<\/strong>\n<ul>\n<li>Premer \u017eaginega lista: 355 mm<\/li>\n<li>Notranji premer luknje \u017eaginega lista: 25,4 mm<\/li>\n<li>Hitrost vrtenja \u017eaginega lista: 1200 min\u207b\u00b9<\/li>\n<\/ul>\n<\/li>\n<li><strong>Te\u017ea:<\/strong>\n<ul>\n<li>Bruto te\u017ea: 27,30 kg<\/li>\n<li>Netto te\u017ea: 25 kg<\/li>\n<\/ul>\n<\/li>\n<li><strong>Embal\u017ea:<\/strong>\n<ul>\n<li>Dol\u017eina embala\u017ee: 565 mm<\/li>\n<li>\u0160irina embala\u017ee: 395 mm<\/li>\n<li>Vi\u0161ina embala\u017ee: 468 mm<\/li>\n<\/ul>\n<\/li>\n<li><strong>Splo\u0161ni podatki:<\/strong>\n<ul>\n<li>EAN koda: 9120039900834<\/li>\n<\/ul>\n<\/li>\n<\/ul>\n","protected":false},"excerpt":{"rendered":"<h3>Poudarki izdelka<\/h3>\n<p>Ta \u017eaga ponuja odli\u010dne rezalne lastnosti, hitro nastavitev prime\u017ea in vsestransko uporabo za razli\u010dne materiale in oblike.<\/p>\n<ul>\n<li>Odli\u010dne rezalne lastnosti zahvaljujo\u010d vklju\u010deni TCT \u017eagi<\/li>\n<li>Hitro nastavljiv prime\u017e za u\u010dinkovite delovne cikle<\/li>\n<li>Primerna za rezanje cevi, plo\u0161\u010datega in okroglega materiala<\/li>\n<li>Primerna za razli\u010dne materiale, kot so jeklo, aluminij in barvne kovine<\/li>\n<li>Prenosna, idealna za mobilna in\u0161talacijska dela<\/li>\n<li>Hitrost vrtenja: 1200 vrt.\/min<\/li>\n<li>List \u017eage: 355 mm, izvrtina: 25,4 mm<\/li>\n<\/ul>\n","protected":false},"featured_media":4617,"template":"","meta":[],"product_brand":[],"product_cat":[1055,1043],"product_tag":[],"class_list":{"0":"post-4616","1":"product","2":"type-product","3":"status-publish","4":"has-post-thumbnail","6":"product_cat-krozne-zage-za-kovino","7":"product_cat-stroji-za-kovine","9":"first","10":"instock","11":"shipping-taxable","12":"purchasable","13":"product-type-simple"},"_links":{"self":[{"href":"https:\/\/www.depoles.com\/hr\/wp-json\/wp\/v2\/product\/4616","targetHints":{"allow":["GET"]}}],"collection":[{"href":"https:\/\/www.depoles.com\/hr\/wp-json\/wp\/v2\/product"}],"about":[{"href":"https:\/\/www.depoles.com\/hr\/wp-json\/wp\/v2\/types\/product"}],"wp:featuredmedia":[{"embeddable":true,"href":"https:\/\/www.depoles.com\/hr\/wp-json\/wp\/v2\/media\/4617"}],"wp:attachment":[{"href":"https:\/\/www.depoles.com\/hr\/wp-json\/wp\/v2\/media?parent=4616"}],"wp:term":[{"taxonomy":"product_brand","embeddable":true,"href":"https:\/\/www.depoles.com\/hr\/wp-json\/wp\/v2\/product_brand?post=4616"},{"taxonomy":"product_cat","embeddable":true,"href":"https:\/\/www.depoles.com\/hr\/wp-json\/wp\/v2\/product_cat?post=4616"},{"taxonomy":"product_tag","embeddable":true,"href":"https:\/\/www.depoles.com\/hr\/wp-json\/wp\/v2\/product_tag?post=4616"}],"curies":[{"name":"wp","href":"https:\/\/api.w.org\/{rel}","templated":true}]}}