{"id":4618,"date":"2019-11-22T12:50:53","date_gmt":"2019-11-22T11:50:53","guid":{"rendered":"https:\/\/nova.depoles.com\/trgovina\/zaga-tren-za-kovino-holzmann-mks225_230v\/"},"modified":"2026-02-12T13:55:17","modified_gmt":"2026-02-12T12:55:17","slug":"zaga-tren-za-kovino-holzmann-mks225_230v","status":"publish","type":"product","link":"https:\/\/www.depoles.com\/hr\/trgovina\/zaga-tren-za-kovino-holzmann-mks225_230v\/","title":{"rendered":"Pila\/stru\u017enica za metal HOLZMANN MKS225_230V"},"content":{"rendered":"<p><strong>Tehni\u010dni podatki<\/strong><\/p>\n<ul>\n<li><strong>Motor<\/strong>\n<ul>\n<li>Mo\u010d motorja S1: 1000 W<\/li>\n<li>Napetost: 230 V<\/li>\n<\/ul>\n<\/li>\n<li><strong>Rezanje<\/strong>\n<ul>\n<li>Rezanje okroglo \u00d8 45\u00b0: 60 mm<\/li>\n<li>Rezanje okroglo \u00d8 90\u00b0: 65 mm<\/li>\n<li>Rezanje pravokotno (l\u00d7\u0161) 45\u00b0: 60\u00d740 mm<\/li>\n<li>Rezanje pravokotno (l\u00d7\u0161) 90\u00b0: 70\u00d755 mm<\/li>\n<\/ul>\n<\/li>\n<li><strong>Kro\u017ene \u017eage<\/strong>\n<ul>\n<li>Premer \u017eaginega lista: 225 mm<\/li>\n<li>Premer nabora luknje \u017eaginega lista: 32 mm<\/li>\n<li>Hitrost \u017eaginega lista: 86 min\u207b\u00b9<\/li>\n<\/ul>\n<\/li>\n<li><strong>Te\u017ea<\/strong>\n<ul>\n<li>Netto te\u017ea: 32 kg<\/li>\n<li>Bruto te\u017ea: 33,70 kg<\/li>\n<\/ul>\n<\/li>\n<li><strong>Embala\u017ea<\/strong>\n<ul>\n<li>Vi\u0161ina embala\u017ee: 390 mm<\/li>\n<li>\u0160irina embala\u017ee: 400 mm<\/li>\n<li>Dol\u017eina embala\u017ee: 560 mm<\/li>\n<\/ul>\n<\/li>\n<li><strong>Splo\u0161ni podatki<\/strong>\n<ul>\n<li>EAN koda: 9120058371448<\/li>\n<\/ul>\n<\/li>\n<\/ul>\n","protected":false},"excerpt":{"rendered":"<h3>Poudarki izdelka<\/h3>\n<ul>\n<li>Hitro nastavljiv prime\u017e za u\u010dinkovite delovne cikle<\/li>\n<li>Primeren za rezanje cevi, plo\u0161\u010datega in okroglega materiala iz razli\u010dnih materialov, kot so jeklo, aluminij in barvne kovine<\/li>\n<li>Udoben in ergonomski ro\u010daj<\/li>\n<li>\u010crpalka s hladilnim razpr\u0161ilcem<\/li>\n<li>Prenosen, idealen za in\u0161talacijska dela<\/li>\n<li>Po\u010dasen teka\u010d z vrtilno hitrostjo 86 min-1<\/li>\n<li>Premer lista \u017eage 225 mm, premer izvrtine 32 mm<\/li>\n<li>Zaustavitev obdelovanca za natan\u010dne serijske reze<\/li>\n<\/ul>\n","protected":false},"featured_media":4619,"template":"","meta":[],"product_brand":[],"product_cat":[1055,1043],"product_tag":[],"class_list":{"0":"post-4618","1":"product","2":"type-product","3":"status-publish","4":"has-post-thumbnail","6":"product_cat-krozne-zage-za-kovino","7":"product_cat-stroji-za-kovine","9":"first","10":"instock","11":"shipping-taxable","12":"purchasable","13":"product-type-simple"},"_links":{"self":[{"href":"https:\/\/www.depoles.com\/hr\/wp-json\/wp\/v2\/product\/4618","targetHints":{"allow":["GET"]}}],"collection":[{"href":"https:\/\/www.depoles.com\/hr\/wp-json\/wp\/v2\/product"}],"about":[{"href":"https:\/\/www.depoles.com\/hr\/wp-json\/wp\/v2\/types\/product"}],"wp:featuredmedia":[{"embeddable":true,"href":"https:\/\/www.depoles.com\/hr\/wp-json\/wp\/v2\/media\/4619"}],"wp:attachment":[{"href":"https:\/\/www.depoles.com\/hr\/wp-json\/wp\/v2\/media?parent=4618"}],"wp:term":[{"taxonomy":"product_brand","embeddable":true,"href":"https:\/\/www.depoles.com\/hr\/wp-json\/wp\/v2\/product_brand?post=4618"},{"taxonomy":"product_cat","embeddable":true,"href":"https:\/\/www.depoles.com\/hr\/wp-json\/wp\/v2\/product_cat?post=4618"},{"taxonomy":"product_tag","embeddable":true,"href":"https:\/\/www.depoles.com\/hr\/wp-json\/wp\/v2\/product_tag?post=4618"}],"curies":[{"name":"wp","href":"https:\/\/api.w.org\/{rel}","templated":true}]}}