{"id":4625,"date":"2019-11-22T12:50:47","date_gmt":"2019-11-22T11:50:47","guid":{"rendered":"https:\/\/nova.depoles.com\/trgovina\/vrtalni-stroj-za-kovine-holzmann-zx50pc_400v\/"},"modified":"2026-02-12T13:38:29","modified_gmt":"2026-02-12T12:38:29","slug":"vrtalni-stroj-za-kovine-holzmann-zx50pc_400v","status":"publish","type":"product","link":"https:\/\/www.depoles.com\/hr\/trgovina\/vrtalni-stroj-za-kovine-holzmann-zx50pc_400v\/","title":{"rendered":"Bu\u0161ilica za metal HOLZMANN ZX50PC_400V"},"content":{"rendered":"<p><strong>Tehni\u010dna specifikacija<\/strong><\/p>\n<table>\n<tbody>\n<tr>\n<td><strong>Motor<\/strong><\/td>\n<td><\/td>\n<\/tr>\n<tr>\n<td>Mo\u010d motorja S1 (W)<\/td>\n<td>1100-1500<\/td>\n<\/tr>\n<tr>\n<td>Mo\u010d motorja S6 (W)<\/td>\n<td>1700-2200<\/td>\n<\/tr>\n<tr>\n<td>Napetost<\/td>\n<td>400V<\/td>\n<\/tr>\n<tr>\n<td><strong>Dimenzije<\/strong><\/td>\n<td><\/td>\n<\/tr>\n<tr>\n<td>Maksimalna vi\u0161ina (mm)<\/td>\n<td>2160<\/td>\n<\/tr>\n<tr>\n<td>Razpon (mm)<\/td>\n<td>260<\/td>\n<\/tr>\n<tr>\n<td>Velikost mize (mm)<\/td>\n<td>190 x 600<\/td>\n<\/tr>\n<tr>\n<td><strong>Tehni\u010dni podatki<\/strong><\/td>\n<td><\/td>\n<\/tr>\n<tr>\n<td>Maksimalna zmogljivost vrtanja (mm)<\/td>\n<td>\u00d840 x 130<\/td>\n<\/tr>\n<tr>\n<td>Hitrost vretena za rezkanje (min-1)<\/td>\n<td>70-3200<\/td>\n<\/tr>\n<tr>\n<td>Vpenjalni nastavek za vrtanje<\/td>\n<td>MK4 \/ MT4<\/td>\n<\/tr>\n<tr>\n<td>Hod vretena (mm)<\/td>\n<td>130<\/td>\n<\/tr>\n<tr>\n<td>Premer stebra (mm)<\/td>\n<td>115<\/td>\n<\/tr>\n<tr>\n<td>Razdalja vretena od podno\u017eja (mm)<\/td>\n<td>1180<\/td>\n<\/tr>\n<tr>\n<td>Maksimalna razdalja vretena od mize (mm)<\/td>\n<td>610<\/td>\n<\/tr>\n<tr>\n<td>Hod osi Y (mm)<\/td>\n<td>180<\/td>\n<\/tr>\n<tr>\n<td>Hod osi X (mm)<\/td>\n<td>500<\/td>\n<\/tr>\n<tr>\n<td>Maksimalna obremenitev mize (kg)<\/td>\n<td>200<\/td>\n<\/tr>\n<tr>\n<td><strong>Te\u017ea<\/strong><\/td>\n<td><\/td>\n<\/tr>\n<tr>\n<td>Bruto te\u017ea (kg)<\/td>\n<td>380<\/td>\n<\/tr>\n<tr>\n<td>Netto te\u017ea (kg)<\/td>\n<td>372<\/td>\n<\/tr>\n<tr>\n<td><strong>Embala\u017ea<\/strong><\/td>\n<td><\/td>\n<\/tr>\n<tr>\n<td>Dol\u017eina embala\u017ee (mm)<\/td>\n<td>750<\/td>\n<\/tr>\n<tr>\n<td>\u0160irina embala\u017ee (mm)<\/td>\n<td>700<\/td>\n<\/tr>\n<tr>\n<td>Vi\u0161ina embala\u017ee (mm)<\/td>\n<td>1900<\/td>\n<\/tr>\n<tr>\n<td><strong>Splo\u0161ni podatki<\/strong><\/td>\n<td><\/td>\n<\/tr>\n<tr>\n<td>EAN koda<\/td>\n<td>9120039901978<\/td>\n<\/tr>\n<\/tbody>\n<\/table>\n","protected":false},"excerpt":{"rendered":"<h3>Poudarki izdelka<\/h3>\n<p>Stroj odlikuje zmogljivost in varnost z naslednjimi lastnostmi:<\/p>\n<ul>\n<li>Dvostopenjski motor za \u0161iroko obmo\u010dje vrtljajev (70-3200 vrt\/min)<\/li>\n<li>Avtomatsko navpi\u010dno napajanje s tremi hitrostmi: 0 &#8211; 0,1 &#8211; 0,18 &#8211; 0,26 mm\/rpm<\/li>\n<li>Miza opremljena s T-mati\u010dnimi vodili (12 mm) za pritrditev naprav, kot je prime\u017e<\/li>\n<li>Vklju\u010den hladilni sistem<\/li>\n<li>Ekstra \u0161iroka zobni\u0161ka kolesa<\/li>\n<li>Masivna osnovna plo\u0161\u010da s T-re\u017eami za pritrditev obdelovancev velike velikosti<\/li>\n<li>Za\u0161\u010dita vretena z nastavljivo vi\u0161ino in mikro stikalom za ve\u010djo varnost<\/li>\n<li>Rezkalna glava z nastavljivo vi\u0161ino in nagibanjem za \u0161iroko uporabo<\/li>\n<li>Samodejna funkcija prislu\u0161kovanja in izvedba CW\/CCW<\/li>\n<li>Dovod rokav vretena prek ro\u010dice z dvema ro\u010dicama ter fino podajanje z natan\u010dnim ro\u010dnim kolesom z globino<\/li>\n<li>Trajno oljno kopel z ozemljenimi in utrjenimi zobniki<\/li>\n<\/ul>\n<p><strong>Vklju\u010deno v dobavo:<\/strong> vpenjalna glava 16 mm, redukcijski tulec MT4\/3, MT3\/2, klin, hladilni sistem, vle\u010dna mre\u017ea M16<\/p>\n","protected":false},"featured_media":4626,"template":"","meta":[],"product_brand":[],"product_cat":[1043,1061],"product_tag":[],"class_list":{"0":"post-4625","1":"product","2":"type-product","3":"status-publish","4":"has-post-thumbnail","6":"product_cat-stroji-za-kovine","7":"product_cat-vrtalni-stroji-za-kovino","9":"first","10":"instock","11":"shipping-taxable","12":"purchasable","13":"product-type-simple"},"_links":{"self":[{"href":"https:\/\/www.depoles.com\/hr\/wp-json\/wp\/v2\/product\/4625","targetHints":{"allow":["GET"]}}],"collection":[{"href":"https:\/\/www.depoles.com\/hr\/wp-json\/wp\/v2\/product"}],"about":[{"href":"https:\/\/www.depoles.com\/hr\/wp-json\/wp\/v2\/types\/product"}],"wp:featuredmedia":[{"embeddable":true,"href":"https:\/\/www.depoles.com\/hr\/wp-json\/wp\/v2\/media\/4626"}],"wp:attachment":[{"href":"https:\/\/www.depoles.com\/hr\/wp-json\/wp\/v2\/media?parent=4625"}],"wp:term":[{"taxonomy":"product_brand","embeddable":true,"href":"https:\/\/www.depoles.com\/hr\/wp-json\/wp\/v2\/product_brand?post=4625"},{"taxonomy":"product_cat","embeddable":true,"href":"https:\/\/www.depoles.com\/hr\/wp-json\/wp\/v2\/product_cat?post=4625"},{"taxonomy":"product_tag","embeddable":true,"href":"https:\/\/www.depoles.com\/hr\/wp-json\/wp\/v2\/product_tag?post=4625"}],"curies":[{"name":"wp","href":"https:\/\/api.w.org\/{rel}","templated":true}]}}