{"id":4630,"date":"2019-11-22T12:50:45","date_gmt":"2019-11-22T11:50:45","guid":{"rendered":"https:\/\/nova.depoles.com\/trgovina\/vrtalni-vrtalni-stroj-gbm25_400v\/"},"modified":"2025-12-17T16:24:03","modified_gmt":"2025-12-17T15:24:03","slug":"vrtalni-vrtalni-stroj-gbm25_400v","status":"publish","type":"product","link":"https:\/\/www.depoles.com\/hr\/trgovina\/vrtalni-vrtalni-stroj-gbm25_400v\/","title":{"rendered":"Radioni\u010dki bu\u0161ilica GBM25_400V"},"content":{"rendered":"<p><strong>Tehni\u010dna specifikacija izdelka<\/strong><\/p>\n<ul>\n<li><strong>Motor<\/strong>\n<ul>\n<li>Moc motorja S6: 900 \/ 1700 W<\/li>\n<li>Moc motorja S1: 650 \/ 1200 W<\/li>\n<li>Napetost: 400V \/ 3 \/ 50Hz<\/li>\n<\/ul>\n<\/li>\n<li><strong>Dimenzije<\/strong>\n<ul>\n<li>Razpon (outreach): 255 mm<\/li>\n<li>Velikost mize: 500 x 350 mm<\/li>\n<\/ul>\n<\/li>\n<li><strong>Tehni\u010dni podatki<\/strong>\n<ul>\n<li>Vpenjalna glava vretena: MK3\/MT3<\/li>\n<li>\u0160irina T-vrezin: 14 mm<\/li>\n<li>Hitrost vrtenja vretena: (8) 105-2900 min\u207b\u00b9<\/li>\n<li>Najve\u010dja velikost navoja: M10<\/li>\n<li>Najve\u010dja zmogljivost vrtanja: 25 mm<\/li>\n<li>Razdalja vreteno-osnova: 1235 mm<\/li>\n<li>Hod vretena (quill travel): 120 mm<\/li>\n<li>Osnova: 250 x 290 mm<\/li>\n<li>Premer stebra: 100 mm<\/li>\n<li>Najve\u010dja razdalja vreteno-miza: 820 mm<\/li>\n<\/ul>\n<\/li>\n<li><strong>Te\u017ea<\/strong>\n<ul>\n<li>Bruto te\u017ea: 215 kg<\/li>\n<li>Netto te\u017ea: 190 kg<\/li>\n<\/ul>\n<\/li>\n<li><strong>Embalaza<\/strong>\n<ul>\n<li>Dol\u017eina embala\u017ee: 1670 mm<\/li>\n<li>\u0160irina embala\u017ee: 570 mm<\/li>\n<li>Vi\u0161ina embala\u017ee: 720 mm<\/li>\n<\/ul>\n<\/li>\n<li><strong>Splo\u0161ni podatki<\/strong>\n<ul>\n<li>EAN koda: 9120058373718<\/li>\n<\/ul>\n<\/li>\n<\/ul>\n","protected":false},"excerpt":{"rendered":"<h3>Poudarki izdelka<\/h3>\n<p>Mo\u010dan vrtalni stroj z vrtalnimi stolpci, ki zagotavlja natan\u010dno in stabilno delo brez vibracij. Primeren za razli\u010dne vrste vrtanja in rezanja navojev.<\/p>\n<ul>\n<li>Brez vibracij in trden<\/li>\n<li>Vodnik s T-re\u017eo v vrtalni mizi za pritrditev napak in dodatkov<\/li>\n<li>Vrtljiva vrtalna glava (360\u00b0) in nastavljiva po vi\u0161ini<\/li>\n<li>Zavorna globina vrtanja z merilnikom v milimetrih<\/li>\n<li>Osem razli\u010dnih hitrosti z mo\u010dnim dvostopenjskim motorjem<\/li>\n<li>Vrtljivo stikalo za desni in levi pogon za rezanje navojev<\/li>\n<li>Vklju\u010dno z 16 mm vrtalno glavo<\/li>\n<\/ul>\n","protected":false},"featured_media":4631,"template":"","meta":[],"product_brand":[],"product_cat":[1043,1061],"product_tag":[],"class_list":{"0":"post-4630","1":"product","2":"type-product","3":"status-publish","4":"has-post-thumbnail","6":"product_cat-stroji-za-kovine","7":"product_cat-vrtalni-stroji-za-kovino","9":"first","10":"instock","11":"shipping-taxable","12":"purchasable","13":"product-type-simple"},"_links":{"self":[{"href":"https:\/\/www.depoles.com\/hr\/wp-json\/wp\/v2\/product\/4630","targetHints":{"allow":["GET"]}}],"collection":[{"href":"https:\/\/www.depoles.com\/hr\/wp-json\/wp\/v2\/product"}],"about":[{"href":"https:\/\/www.depoles.com\/hr\/wp-json\/wp\/v2\/types\/product"}],"wp:featuredmedia":[{"embeddable":true,"href":"https:\/\/www.depoles.com\/hr\/wp-json\/wp\/v2\/media\/4631"}],"wp:attachment":[{"href":"https:\/\/www.depoles.com\/hr\/wp-json\/wp\/v2\/media?parent=4630"}],"wp:term":[{"taxonomy":"product_brand","embeddable":true,"href":"https:\/\/www.depoles.com\/hr\/wp-json\/wp\/v2\/product_brand?post=4630"},{"taxonomy":"product_cat","embeddable":true,"href":"https:\/\/www.depoles.com\/hr\/wp-json\/wp\/v2\/product_cat?post=4630"},{"taxonomy":"product_tag","embeddable":true,"href":"https:\/\/www.depoles.com\/hr\/wp-json\/wp\/v2\/product_tag?post=4630"}],"curies":[{"name":"wp","href":"https:\/\/api.w.org\/{rel}","templated":true}]}}