{"id":4634,"date":"2019-11-22T12:50:43","date_gmt":"2019-11-22T11:50:43","guid":{"rendered":"https:\/\/nova.depoles.com\/trgovina\/magnetni-vrtalnik-mbm600lre_230v\/"},"modified":"2026-02-12T13:52:30","modified_gmt":"2026-02-12T12:52:30","slug":"magnetni-vrtalnik-mbm600lre_230v","status":"publish","type":"product","link":"https:\/\/www.depoles.com\/hr\/trgovina\/magnetni-vrtalnik-mbm600lre_230v\/","title":{"rendered":"Magnetna bu\u0161ilica MBM600LRE_230V"},"content":{"rendered":"<p><strong>Specifikacije izdelka<\/strong><\/p>\n<table>\n<tbody>\n<tr>\n<td><strong>Motor &#8211; mo\u010d S1<\/strong><\/td>\n<td>2080 W<\/td>\n<\/tr>\n<tr>\n<td><strong>Napetost<\/strong><\/td>\n<td>230 V<\/td>\n<\/tr>\n<tr>\n<td><strong>Hitrost (min-1)<\/strong><\/td>\n<td>90-225 \/ 160-405<\/td>\n<\/tr>\n<tr>\n<td><strong>Najve\u010dja globina vrtanja s spiralno svedrom<\/strong><\/td>\n<td>210 mm<\/td>\n<\/tr>\n<tr>\n<td><strong>Najve\u010dja globina vrtanja s koronko<\/strong><\/td>\n<td>50 mm<\/td>\n<\/tr>\n<tr>\n<td><strong>Najve\u010dji premer spiralnega svedra<\/strong><\/td>\n<td>23 mm<\/td>\n<\/tr>\n<tr>\n<td><strong>Weldon dr\u017ealo<\/strong><\/td>\n<td>MK3 \/ MT3<\/td>\n<\/tr>\n<tr>\n<td><strong>Magnetna sila<\/strong><\/td>\n<td>15000 N<\/td>\n<\/tr>\n<tr>\n<td><strong>Najve\u010dji premer za vgradno glavo<\/strong><\/td>\n<td>32 mm<\/td>\n<\/tr>\n<tr>\n<td><strong>Dimenzije magnetne podlage<\/strong><\/td>\n<td>205 x 107 x 68 mm<\/td>\n<\/tr>\n<tr>\n<td><strong>Najve\u010dja velikost navoja<\/strong><\/td>\n<td>M18<\/td>\n<\/tr>\n<tr>\n<td><strong>Najve\u010dji premer koronke<\/strong><\/td>\n<td>60 mm<\/td>\n<\/tr>\n<tr>\n<td><strong>Razdalja dr\u017eala orodja za hitro sprostitev do podlage<\/strong><\/td>\n<td>330 mm<\/td>\n<\/tr>\n<tr>\n<td><strong>Bruto te\u017ea<\/strong><\/td>\n<td>31 kg<\/td>\n<\/tr>\n<tr>\n<td><strong>Netto te\u017ea<\/strong><\/td>\n<td>28 kg<\/td>\n<\/tr>\n<tr>\n<td><strong>Dol\u017eina embala\u017ee<\/strong><\/td>\n<td>610 mm<\/td>\n<\/tr>\n<tr>\n<td><strong>\u0160irina embala\u017ee<\/strong><\/td>\n<td>510 mm<\/td>\n<\/tr>\n<tr>\n<td><strong>Vi\u0161ina embala\u017ee<\/strong><\/td>\n<td>200 mm<\/td>\n<\/tr>\n<tr>\n<td><strong>EAN koda<\/strong><\/td>\n<td>9120039904092<\/td>\n<\/tr>\n<\/tbody>\n<\/table>\n","protected":false},"excerpt":{"rendered":"<h3>Poudarki izdelka<\/h3>\n<p>MBM 600LRE je zmogljiv magnetni vrtalnik, namenjen vrtanju lukenj in izvrtavanju navojev, ki zagotavlja visoko mobilnost in natan\u010dnost pri obdelavi velikih jeklenih obdelovancev.<\/p>\n<ul>\n<li>Primeren za delo z velikimi jeklenimi obdelovanci, kjer obi\u010dajni vrtalni stroji niso primerni.<\/li>\n<li>Omogo\u010da enostavno uporabo tudi na navpi\u010dnih vrtalnikih, kar zmanj\u0161a delovno silo ter izbolj\u0161a natan\u010dnost in u\u010dinkovitost.<\/li>\n<li>Elektromagnet omogo\u010da pritrditev na vsak jekleni del v katerem koli polo\u017eaju brez zdrsa.<\/li>\n<li>Zagotavlja varnost tudi pri nadzemnih delih.<\/li>\n<li>\u0160iroka uporaba v gradbeni\u0161tvu, gradnji mostov in ladjedelni\u0161tvu.<\/li>\n<li>Funkcije vklju\u010dujejo levo in desno vo\u017enjo, nastavljivo hitrost, regulacijo hitrosti in funkcijo tapkanja.<\/li>\n<\/ul>\n<p><strong>Vklju\u010deno v dobavo:<\/strong> arbor MT3 B16, vpenjalna glava, klin, varnostni jermen, posoda za pritrditev in transportna \u0161katla.<\/p>\n","protected":false},"featured_media":4635,"template":"","meta":[],"product_brand":[],"product_cat":[1043,1061],"product_tag":[],"class_list":{"0":"post-4634","1":"product","2":"type-product","3":"status-publish","4":"has-post-thumbnail","6":"product_cat-stroji-za-kovine","7":"product_cat-vrtalni-stroji-za-kovino","9":"first","10":"instock","11":"shipping-taxable","12":"purchasable","13":"product-type-simple"},"_links":{"self":[{"href":"https:\/\/www.depoles.com\/hr\/wp-json\/wp\/v2\/product\/4634","targetHints":{"allow":["GET"]}}],"collection":[{"href":"https:\/\/www.depoles.com\/hr\/wp-json\/wp\/v2\/product"}],"about":[{"href":"https:\/\/www.depoles.com\/hr\/wp-json\/wp\/v2\/types\/product"}],"wp:featuredmedia":[{"embeddable":true,"href":"https:\/\/www.depoles.com\/hr\/wp-json\/wp\/v2\/media\/4635"}],"wp:attachment":[{"href":"https:\/\/www.depoles.com\/hr\/wp-json\/wp\/v2\/media?parent=4634"}],"wp:term":[{"taxonomy":"product_brand","embeddable":true,"href":"https:\/\/www.depoles.com\/hr\/wp-json\/wp\/v2\/product_brand?post=4634"},{"taxonomy":"product_cat","embeddable":true,"href":"https:\/\/www.depoles.com\/hr\/wp-json\/wp\/v2\/product_cat?post=4634"},{"taxonomy":"product_tag","embeddable":true,"href":"https:\/\/www.depoles.com\/hr\/wp-json\/wp\/v2\/product_tag?post=4634"}],"curies":[{"name":"wp","href":"https:\/\/api.w.org\/{rel}","templated":true}]}}