{"id":4641,"date":"2019-11-22T12:50:40","date_gmt":"2019-11-22T11:50:40","guid":{"rendered":"https:\/\/nova.depoles.com\/trgovina\/vrtalna-stiskalnica-sb4116hn_400v\/"},"modified":"2026-02-12T13:52:39","modified_gmt":"2026-02-12T12:52:39","slug":"vrtalna-stiskalnica-sb4116hn_400v","status":"publish","type":"product","link":"https:\/\/www.depoles.com\/hr\/trgovina\/vrtalna-stiskalnica-sb4116hn_400v\/","title":{"rendered":"Radioni\u010dki bu\u0161ilica SB4116HN_400V"},"content":{"rendered":"<p><strong>Tehni\u010dna specifikacija izdelka<\/strong><\/p>\n<table>\n<tbody>\n<tr>\n<th colspan=\"2\">Podatki o motorju<\/th>\n<\/tr>\n<tr>\n<td>Mo\u010d motorja S1<\/td>\n<td>400 W<\/td>\n<\/tr>\n<tr>\n<td>Mo\u010d motorja S6<\/td>\n<td>600 W<\/td>\n<\/tr>\n<tr>\n<td>Napon<\/td>\n<td>400 V<\/td>\n<\/tr>\n<tr>\n<th colspan=\"2\">Dimenzije<\/th>\n<\/tr>\n<tr>\n<td>Maksimalna vi\u0161ina<\/td>\n<td>1600 mm<\/td>\n<\/tr>\n<tr>\n<td>Razpon (outreach)<\/td>\n<td>170 mm<\/td>\n<\/tr>\n<tr>\n<td>Velikost mize<\/td>\n<td>250 x 250 mm<\/td>\n<\/tr>\n<tr>\n<th colspan=\"2\">Tehni\u010dni podatki<\/th>\n<\/tr>\n<tr>\n<td>Hod vretena<\/td>\n<td>80 mm<\/td>\n<\/tr>\n<tr>\n<td>Osnova<\/td>\n<td>270 x 450 mm<\/td>\n<\/tr>\n<tr>\n<td>Maksimalna zmogljivost vrtanja<\/td>\n<td>16 mm<\/td>\n<\/tr>\n<tr>\n<td>Hitrost vrtalnega vretena<\/td>\n<td>(12) 180-2740 min\u207b\u00b9<\/td>\n<\/tr>\n<tr>\n<td>Vpenjanje vretena<\/td>\n<td>MK2 \/ MT2<\/td>\n<\/tr>\n<tr>\n<td>Premer stebra<\/td>\n<td>70 mm<\/td>\n<\/tr>\n<tr>\n<td>Razdalja vreteno-osnova<\/td>\n<td>1240 mm<\/td>\n<\/tr>\n<tr>\n<td>Maksimalna razdalja vreteno-miza<\/td>\n<td>750 mm<\/td>\n<\/tr>\n<tr>\n<th colspan=\"2\">Te\u017ea<\/th>\n<\/tr>\n<tr>\n<td>Bruto te\u017ea<\/td>\n<td>55 kg<\/td>\n<\/tr>\n<tr>\n<td>Netto te\u017ea<\/td>\n<td>53 kg<\/td>\n<\/tr>\n<tr>\n<th colspan=\"2\">Embala\u017ea<\/th>\n<\/tr>\n<tr>\n<td>Dol\u017eina embala\u017ee<\/td>\n<td>1430 mm<\/td>\n<\/tr>\n<tr>\n<td>\u0160irina embala\u017ee<\/td>\n<td>510 mm<\/td>\n<\/tr>\n<tr>\n<td>Vi\u0161ina embala\u017ee<\/td>\n<td>256 mm<\/td>\n<\/tr>\n<tr>\n<th colspan=\"2\">Splo\u0161ni podatki<\/th>\n<\/tr>\n<tr>\n<td>EAN koda<\/td>\n<td>9120058371516<\/td>\n<\/tr>\n<\/tbody>\n<\/table>\n","protected":false},"excerpt":{"rendered":"<h3>Poudarki izdelka<\/h3>\n<p>Izdelek je zasnovan za zanesljivo in natan\u010dno delo, opremljen z naslednjimi zna\u010dilnostmi:<\/p>\n<ul>\n<li>trdna polirana podlaga s T-maticami<\/li>\n<li>aluminijast motor z za\u0161\u010dito IP54<\/li>\n<li>torzijsko odporen, trden in poliran jekleni steber<\/li>\n<li>delovna miza z nagibom od -45\u00b0 do +45\u00b0 ter mo\u017enostjo vrtenja za 360\u00b0 okoli sredi\u0161\u010da in stolpca<\/li>\n<li>za\u0161\u010ditni pokrov vretena<\/li>\n<li>nastavljiva globina vrtanja s skalo za natan\u010dno regulacijo<\/li>\n<\/ul>\n<p><strong>Vklju\u010deno v dobavo:<\/strong> avtomatski vpenjalni vijak 3-16 mm, B16.<\/p>\n","protected":false},"featured_media":4642,"template":"","meta":[],"product_brand":[],"product_cat":[1043,1061],"product_tag":[],"class_list":{"0":"post-4641","1":"product","2":"type-product","3":"status-publish","4":"has-post-thumbnail","6":"product_cat-stroji-za-kovine","7":"product_cat-vrtalni-stroji-za-kovino","9":"first","10":"instock","11":"shipping-taxable","12":"purchasable","13":"product-type-simple"},"_links":{"self":[{"href":"https:\/\/www.depoles.com\/hr\/wp-json\/wp\/v2\/product\/4641","targetHints":{"allow":["GET"]}}],"collection":[{"href":"https:\/\/www.depoles.com\/hr\/wp-json\/wp\/v2\/product"}],"about":[{"href":"https:\/\/www.depoles.com\/hr\/wp-json\/wp\/v2\/types\/product"}],"wp:featuredmedia":[{"embeddable":true,"href":"https:\/\/www.depoles.com\/hr\/wp-json\/wp\/v2\/media\/4642"}],"wp:attachment":[{"href":"https:\/\/www.depoles.com\/hr\/wp-json\/wp\/v2\/media?parent=4641"}],"wp:term":[{"taxonomy":"product_brand","embeddable":true,"href":"https:\/\/www.depoles.com\/hr\/wp-json\/wp\/v2\/product_brand?post=4641"},{"taxonomy":"product_cat","embeddable":true,"href":"https:\/\/www.depoles.com\/hr\/wp-json\/wp\/v2\/product_cat?post=4641"},{"taxonomy":"product_tag","embeddable":true,"href":"https:\/\/www.depoles.com\/hr\/wp-json\/wp\/v2\/product_tag?post=4641"}],"curies":[{"name":"wp","href":"https:\/\/api.w.org\/{rel}","templated":true}]}}