{"id":4645,"date":"2019-11-22T12:50:39","date_gmt":"2019-11-22T11:50:39","guid":{"rendered":"https:\/\/nova.depoles.com\/trgovina\/vrtalna-stiskalnica-sb4116hm_400v\/"},"modified":"2026-02-12T13:56:38","modified_gmt":"2026-02-12T12:56:38","slug":"vrtalna-stiskalnica-sb4116hm_400v","status":"publish","type":"product","link":"https:\/\/www.depoles.com\/hr\/trgovina\/vrtalna-stiskalnica-sb4116hm_400v\/","title":{"rendered":"Radioni\u010dki bu\u0161ilica SB4116HM_400V"},"content":{"rendered":"<p><strong>Tehni\u010dna specifikacija izdelka<\/strong><\/p>\n<ul>\n<li><strong>Motor:<\/strong>\n<ul>\n<li>Mo\u010d motorja S1: 600 W<\/li>\n<li>Mo\u010d motorja S6: 900 W<\/li>\n<li>Napetost: 400 V<\/li>\n<\/ul>\n<\/li>\n<li><strong>Dimenzije:<\/strong>\n<ul>\n<li>Maksimalna vi\u0161ina: 1060 mm<\/li>\n<li>Doseg: 170 mm<\/li>\n<li>Velikost mize: 250 x 250 mm<\/li>\n<\/ul>\n<\/li>\n<li><strong>Tehni\u010dni podatki:<\/strong>\n<ul>\n<li>Hod vretena: 80 mm<\/li>\n<li>Osnova: 270 x 450 mm<\/li>\n<li>Maksimalna zmogljivost vrtanja: 16 mm<\/li>\n<li>Hitrost vrtanja vretena: (12) 180-2740 min\u207b\u00b9<\/li>\n<li>Vreteno vrtalne glave: MK2 \/ MT2<\/li>\n<li>Premer stebra: 70 mm<\/li>\n<li>Razdalja vreteno-osnova: 695 mm<\/li>\n<li>Maksimalna razdalja vreteno-miza: 495 mm<\/li>\n<\/ul>\n<\/li>\n<li><strong>Te\u017ea:<\/strong>\n<ul>\n<li>Bruto te\u017ea: 52 kg<\/li>\n<li>Netto te\u017ea: 50 kg<\/li>\n<\/ul>\n<\/li>\n<li><strong>Embala\u017ea:<\/strong>\n<ul>\n<li>Dol\u017eina embala\u017ee: 895 mm<\/li>\n<li>\u0160irina embala\u017ee: 490 mm<\/li>\n<li>Vi\u0161ina embala\u017ee: 290 mm<\/li>\n<\/ul>\n<\/li>\n<li><strong>Splo\u0161ni podatki:<\/strong>\n<ul>\n<li>EAN koda: 9120058371547<\/li>\n<\/ul>\n<\/li>\n<\/ul>\n","protected":false},"excerpt":{"rendered":"<h3>Poudarki izdelka<\/h3>\n<ul>\n<li>Trdna polirana podlaga s T-maticami<\/li>\n<li>Aluminijast motor z za\u0161\u010dito IP54<\/li>\n<li>Torzijsko odporen, trden in poliran jekleni steber<\/li>\n<li>Delovna miza nagibna od -45\u00b0 do +45\u00b0 in vrtljiva za 360\u00b0 okoli sredi\u0161\u010da in stolpca<\/li>\n<li>Za\u0161\u010ditni pokrov vretena<\/li>\n<li>Nastavljiva globina vrtanja s skalo za natan\u010dno regulacijo<\/li>\n<\/ul>\n<p><strong>Vklju\u010deno v dobavo:<\/strong> avtomatski vpenjalni vijak 3-16 mm, B16<\/p>\n","protected":false},"featured_media":4646,"template":"","meta":[],"product_brand":[],"product_cat":[1043,1061],"product_tag":[],"class_list":{"0":"post-4645","1":"product","2":"type-product","3":"status-publish","4":"has-post-thumbnail","6":"product_cat-stroji-za-kovine","7":"product_cat-vrtalni-stroji-za-kovino","9":"first","10":"instock","11":"shipping-taxable","12":"purchasable","13":"product-type-simple"},"_links":{"self":[{"href":"https:\/\/www.depoles.com\/hr\/wp-json\/wp\/v2\/product\/4645","targetHints":{"allow":["GET"]}}],"collection":[{"href":"https:\/\/www.depoles.com\/hr\/wp-json\/wp\/v2\/product"}],"about":[{"href":"https:\/\/www.depoles.com\/hr\/wp-json\/wp\/v2\/types\/product"}],"wp:featuredmedia":[{"embeddable":true,"href":"https:\/\/www.depoles.com\/hr\/wp-json\/wp\/v2\/media\/4646"}],"wp:attachment":[{"href":"https:\/\/www.depoles.com\/hr\/wp-json\/wp\/v2\/media?parent=4645"}],"wp:term":[{"taxonomy":"product_brand","embeddable":true,"href":"https:\/\/www.depoles.com\/hr\/wp-json\/wp\/v2\/product_brand?post=4645"},{"taxonomy":"product_cat","embeddable":true,"href":"https:\/\/www.depoles.com\/hr\/wp-json\/wp\/v2\/product_cat?post=4645"},{"taxonomy":"product_tag","embeddable":true,"href":"https:\/\/www.depoles.com\/hr\/wp-json\/wp\/v2\/product_tag?post=4645"}],"curies":[{"name":"wp","href":"https:\/\/api.w.org\/{rel}","templated":true}]}}