{"id":4647,"date":"2019-11-22T12:50:38","date_gmt":"2019-11-22T11:50:38","guid":{"rendered":"https:\/\/nova.depoles.com\/trgovina\/delavniski-vrtalnik-za-kovino-holzmann-sb4116hm_230v\/"},"modified":"2026-02-12T13:54:24","modified_gmt":"2026-02-12T12:54:24","slug":"delavniski-vrtalnik-za-kovino-holzmann-sb4116hm_230v","status":"publish","type":"product","link":"https:\/\/www.depoles.com\/hr\/trgovina\/delavniski-vrtalnik-za-kovino-holzmann-sb4116hm_230v\/","title":{"rendered":"Radioni\u010dki bu\u0161ilica za metal HOLZMANN SB4116HM_230V"},"content":{"rendered":"<p><strong>Tehni\u010dna specifikacija izdelka<\/strong><\/p>\n<table>\n<tbody>\n<tr>\n<th colspan=\"2\">Motor<\/th>\n<\/tr>\n<tr>\n<td>Mo\u010d motorja S1<\/td>\n<td>600 W<\/td>\n<\/tr>\n<tr>\n<td>Mo\u010d motorja S6<\/td>\n<td>900 W<\/td>\n<\/tr>\n<tr>\n<td>Napetost<\/td>\n<td>230 V<\/td>\n<\/tr>\n<tr>\n<th colspan=\"2\">Dimenzije<\/th>\n<\/tr>\n<tr>\n<td>Maksimalna vi\u0161ina<\/td>\n<td>1060 mm<\/td>\n<\/tr>\n<tr>\n<td>Razpon<\/td>\n<td>170 mm<\/td>\n<\/tr>\n<tr>\n<td>Velikost mize<\/td>\n<td>250 x 250 mm<\/td>\n<\/tr>\n<tr>\n<th colspan=\"2\">Tehni\u010dni podatki<\/th>\n<\/tr>\n<tr>\n<td>Hod vretena<\/td>\n<td>80 mm<\/td>\n<\/tr>\n<tr>\n<td>Osnova<\/td>\n<td>270 x 450 mm<\/td>\n<\/tr>\n<tr>\n<td>Maksimalna zmogljivost vrtanja<\/td>\n<td>16 mm<\/td>\n<\/tr>\n<tr>\n<td>Hitrost vrtanja vretena<\/td>\n<td>(12) 180-2740 min\u207b\u00b9<\/td>\n<\/tr>\n<tr>\n<td>Vreteno s kle\u0161\u010dami<\/td>\n<td>MK2 \/ MT2<\/td>\n<\/tr>\n<tr>\n<td>Premer stebra<\/td>\n<td>70 mm<\/td>\n<\/tr>\n<tr>\n<td>Razdalja vretena do osnove<\/td>\n<td>695 mm<\/td>\n<\/tr>\n<tr>\n<td>Maksimalna razdalja vretena do mize<\/td>\n<td>495 mm<\/td>\n<\/tr>\n<tr>\n<th colspan=\"2\">Te\u017ea<\/th>\n<\/tr>\n<tr>\n<td>Bruto te\u017ea<\/td>\n<td>52 kg<\/td>\n<\/tr>\n<tr>\n<td>Netto te\u017ea<\/td>\n<td>50 kg<\/td>\n<\/tr>\n<tr>\n<th colspan=\"2\">Embala\u017ea<\/th>\n<\/tr>\n<tr>\n<td>Dol\u017eina embala\u017ee<\/td>\n<td>895 mm<\/td>\n<\/tr>\n<tr>\n<td>\u0160irina embala\u017ee<\/td>\n<td>490 mm<\/td>\n<\/tr>\n<tr>\n<td>Vi\u0161ina embala\u017ee<\/td>\n<td>290 mm<\/td>\n<\/tr>\n<tr>\n<th colspan=\"2\">Splo\u0161ni podatki<\/th>\n<\/tr>\n<tr>\n<td>EAN koda<\/td>\n<td>9120058371530<\/td>\n<\/tr>\n<\/tbody>\n<\/table>\n","protected":false},"excerpt":{"rendered":"<h3>Poudarki izdelka<\/h3>\n<ul>\n<li>Trdna polirana podlaga s T-maticami<\/li>\n<li>Aluminijast motor z za\u0161\u010dito IP54<\/li>\n<li>Torzijsko odporen, trden in poliran jekleni steber<\/li>\n<li>Nagibna delovna miza od -45\u00b0 do +45\u00b0 in rotacija za 360\u00b0 okoli sredi\u0161\u010da in stolpca mize<\/li>\n<li>Za\u0161\u010ditni pokrov vretena<\/li>\n<li>Nastavljiva globina vrtanja s skalo za natan\u010dno regulacijo<\/li>\n<\/ul>\n<p><strong>Vklju\u010deno v dobavo:<\/strong> avtomatski vpenjalni vijak 3-16 mm, B16<\/p>\n","protected":false},"featured_media":4648,"template":"","meta":[],"product_brand":[],"product_cat":[1043,1061],"product_tag":[],"class_list":{"0":"post-4647","1":"product","2":"type-product","3":"status-publish","4":"has-post-thumbnail","6":"product_cat-stroji-za-kovine","7":"product_cat-vrtalni-stroji-za-kovino","9":"first","10":"instock","11":"shipping-taxable","12":"purchasable","13":"product-type-simple"},"_links":{"self":[{"href":"https:\/\/www.depoles.com\/hr\/wp-json\/wp\/v2\/product\/4647","targetHints":{"allow":["GET"]}}],"collection":[{"href":"https:\/\/www.depoles.com\/hr\/wp-json\/wp\/v2\/product"}],"about":[{"href":"https:\/\/www.depoles.com\/hr\/wp-json\/wp\/v2\/types\/product"}],"wp:featuredmedia":[{"embeddable":true,"href":"https:\/\/www.depoles.com\/hr\/wp-json\/wp\/v2\/media\/4648"}],"wp:attachment":[{"href":"https:\/\/www.depoles.com\/hr\/wp-json\/wp\/v2\/media?parent=4647"}],"wp:term":[{"taxonomy":"product_brand","embeddable":true,"href":"https:\/\/www.depoles.com\/hr\/wp-json\/wp\/v2\/product_brand?post=4647"},{"taxonomy":"product_cat","embeddable":true,"href":"https:\/\/www.depoles.com\/hr\/wp-json\/wp\/v2\/product_cat?post=4647"},{"taxonomy":"product_tag","embeddable":true,"href":"https:\/\/www.depoles.com\/hr\/wp-json\/wp\/v2\/product_tag?post=4647"}],"curies":[{"name":"wp","href":"https:\/\/api.w.org\/{rel}","templated":true}]}}