{"id":4655,"date":"2019-11-22T12:50:32","date_gmt":"2019-11-22T11:50:32","guid":{"rendered":"https:\/\/nova.depoles.com\/trgovina\/radialni-vrtalni-stroj-z3032x7p_400v\/"},"modified":"2025-12-17T16:26:40","modified_gmt":"2025-12-17T15:26:40","slug":"radialni-vrtalni-stroj-z3032x7p_400v","status":"publish","type":"product","link":"https:\/\/www.depoles.com\/hr\/trgovina\/radialni-vrtalni-stroj-z3032x7p_400v\/","title":{"rendered":"Glodalica i bu\u0161ilica za metal Z3032X7P_400V"},"content":{"rendered":"<p><strong>Specifikacije izdelka<\/strong><\/p>\n<ul>\n<li><strong>Motor:<\/strong>\n<ul>\n<li>Mo\u010d motorja S6: 1400 W<\/li>\n<li>Napetost: 400 V<\/li>\n<\/ul>\n<\/li>\n<li><strong>Dimenzije:<\/strong>\n<ul>\n<li>Razpon dosega: 300-700 mm<\/li>\n<\/ul>\n<\/li>\n<li><strong>Tehni\u010dne specifikacije:<\/strong>\n<ul>\n<li>Hitrost vretena za rezkanje: 100-1600 min-1<\/li>\n<li>Vpenjalna glava za vrtanje: MK3 \/ MT3<\/li>\n<li>Maksimalna zmogljivost vrtanja: \u00d8 32 mm<\/li>\n<li>Hod vretena: 135 mm<\/li>\n<li>Premer stebra: 150 mm<\/li>\n<li>Maksimalna razdalja vretena do mize: 640 mm<\/li>\n<\/ul>\n<\/li>\n<li><strong>Te\u017ea:<\/strong>\n<ul>\n<li>Bruto te\u017ea: 420 kg<\/li>\n<li>Netto te\u017ea: 380 kg<\/li>\n<\/ul>\n<\/li>\n<li><strong>Pakiranje:<\/strong>\n<ul>\n<li>Dol\u017eina pakiranja: 1270 mm<\/li>\n<li>\u0160irina pakiranja: 690 mm<\/li>\n<li>Vi\u0161ina pakiranja: 1380 mm<\/li>\n<\/ul>\n<\/li>\n<li><strong>Splo\u0161ni podatki:<\/strong>\n<ul>\n<li>EAN koda: 9120039901046<\/li>\n<\/ul>\n<\/li>\n<\/ul>\n","protected":false},"excerpt":{"rendered":"<h3>Poudarki izdelka<\/h3>\n<ul>\n<li>Radialni vrtalni stroj z mizo kock<\/li>\n<li>Vrtalna glava, nastavljiva po vi\u0161ini, omogo\u010da \u0161irok spekter uporabe<\/li>\n<li>Nastavitev globine grla preko velikega ro\u010dnega kolesa<\/li>\n<li>Vklju\u010den hladilni sistem s \u010drpalko<\/li>\n<li>Mo\u017enost samodejnega navpi\u010dnega podajanja s tremi razli\u010dnimi hitrostmi<\/li>\n<li>Idealno za strojne in zajetne delovne kose<\/li>\n<li>Debel glavni stolpec zagotavlja visoko stabilnost<\/li>\n<\/ul>\n<p><strong>Vklju\u010deno v dobavo:<\/strong> vpenjalna glava 16 mm, reduktor MT3\/2, klin, kocka.<\/p>\n","protected":false},"featured_media":4656,"template":"","meta":[],"product_brand":[],"product_cat":[1043,1061],"product_tag":[],"class_list":{"0":"post-4655","1":"product","2":"type-product","3":"status-publish","4":"has-post-thumbnail","6":"product_cat-stroji-za-kovine","7":"product_cat-vrtalni-stroji-za-kovino","9":"first","10":"instock","11":"shipping-taxable","12":"purchasable","13":"product-type-simple"},"_links":{"self":[{"href":"https:\/\/www.depoles.com\/hr\/wp-json\/wp\/v2\/product\/4655","targetHints":{"allow":["GET"]}}],"collection":[{"href":"https:\/\/www.depoles.com\/hr\/wp-json\/wp\/v2\/product"}],"about":[{"href":"https:\/\/www.depoles.com\/hr\/wp-json\/wp\/v2\/types\/product"}],"wp:featuredmedia":[{"embeddable":true,"href":"https:\/\/www.depoles.com\/hr\/wp-json\/wp\/v2\/media\/4656"}],"wp:attachment":[{"href":"https:\/\/www.depoles.com\/hr\/wp-json\/wp\/v2\/media?parent=4655"}],"wp:term":[{"taxonomy":"product_brand","embeddable":true,"href":"https:\/\/www.depoles.com\/hr\/wp-json\/wp\/v2\/product_brand?post=4655"},{"taxonomy":"product_cat","embeddable":true,"href":"https:\/\/www.depoles.com\/hr\/wp-json\/wp\/v2\/product_cat?post=4655"},{"taxonomy":"product_tag","embeddable":true,"href":"https:\/\/www.depoles.com\/hr\/wp-json\/wp\/v2\/product_tag?post=4655"}],"curies":[{"name":"wp","href":"https:\/\/api.w.org\/{rel}","templated":true}]}}