{"id":4658,"date":"2019-11-22T12:50:31","date_gmt":"2019-11-22T11:50:31","guid":{"rendered":"https:\/\/nova.depoles.com\/trgovina\/vrtalni-stroj-zs50aps_400v\/"},"modified":"2026-02-12T13:52:02","modified_gmt":"2026-02-12T12:52:02","slug":"vrtalni-stroj-zs50aps_400v","status":"publish","type":"product","link":"https:\/\/www.depoles.com\/hr\/trgovina\/vrtalni-stroj-zs50aps_400v\/","title":{"rendered":"Glodalica i bu\u0161ilica za metal ZS50APS_400V"},"content":{"rendered":"<p><strong>Tehni\u010dna specifikacija<\/strong><\/p>\n<ul>\n<li><strong>Mo\u010d motorja S1:<\/strong> 1100 W<\/li>\n<li><strong>Mo\u010d motorja S6:<\/strong> 1500 W<\/li>\n<li><strong>Napetost:<\/strong> 400 V<\/li>\n<\/ul>\n<p><strong>Dimenzije<\/strong><\/p>\n<ul>\n<li><strong>Maksimalna vi\u0161ina:<\/strong> 2120 mm<\/li>\n<li><strong>Razpon (outreach):<\/strong> 260 mm<\/li>\n<li><strong>Velikost mize:<\/strong> 575 x 354 mm<\/li>\n<\/ul>\n<p><strong>Tehni\u010dni podatki<\/strong><\/p>\n<ul>\n<li><strong>Premer stebra:<\/strong> 115 mm<\/li>\n<li><strong>Hod vretena (quill travel):<\/strong> 110 mm<\/li>\n<li><strong>Maksimalna zmogljivost vrtanja:<\/strong> \u00d840 x 110 mm<\/li>\n<li><strong>Hitrost vretena za rezkanje:<\/strong> 50 &#8211; 2500 min\u207b\u00b9<\/li>\n<li><strong>Vreteno za vrtanje (collet):<\/strong> MK4 \/ MT4<\/li>\n<li><strong>Razdalja vreteno &#8211; baza:<\/strong> 1270 mm<\/li>\n<li><strong>Maksimalna razdalja vreteno &#8211; miza:<\/strong> 754 mm<\/li>\n<\/ul>\n<p><strong>Te\u017ea<\/strong><\/p>\n<ul>\n<li><strong>Bruto te\u017ea:<\/strong> 425 kg<\/li>\n<li><strong>Netto te\u017ea:<\/strong> 390 kg<\/li>\n<\/ul>\n<p><strong>Embala\u017ea<\/strong><\/p>\n<ul>\n<li><strong>Dol\u017eina embala\u017ee:<\/strong> 640 mm<\/li>\n<li><strong>\u0160irina embala\u017ee:<\/strong> 720 mm<\/li>\n<li><strong>Vi\u0161ina embala\u017ee:<\/strong> 1910 mm<\/li>\n<\/ul>\n<p><strong>Splo\u0161ni podatki<\/strong><\/p>\n<ul>\n<li><strong>EAN koda:<\/strong> 9120039901015<\/li>\n<\/ul>\n","protected":false},"excerpt":{"rendered":"<h3>Poudarki<\/h3>\n<p>Stroj je opremljen z zmogljivim dvostopenjskim motorjem z navpi\u010dnim napajanjem in hladilno \u010drpalko, ki omogo\u010da \u0161irok razpon hitrosti vretena, primeren tudi za tapkanje. Miza je velika, kaljena in natan\u010dno bru\u0161ena, z mo\u017enostjo nastavitve vi\u0161ine in zasuka za 360\u00b0 okoli sredi\u0161\u010da ter opremljena s T-re\u017eami za pritrditev pripomo\u010dkov. Vklju\u010deni so hladilni sistem, ekstra \u0161iroka zobni\u0161ka kolesa in samodejna funkcija prislu\u0161kovanja z mo\u017enostjo vrtenja v obe smeri.<\/p>\n<ul>\n<li>Dvostopenjski motor z navpi\u010dnim napajanjem in hladilno \u010drpalko<\/li>\n<li>\u0160irok razpon hitrosti vretena z nizko osnovno hitrostjo za tapkanje<\/li>\n<li>Miza z nastavitvijo vi\u0161ine in zasukom 360\u00b0, opremljena s T-re\u017eami<\/li>\n<li>Vklju\u010den hladilni sistem<\/li>\n<li>Ekstra \u0161iroka zobni\u0161ka kolesa<\/li>\n<li>Vi\u0161insko nastavljiva in nagibna glava zobnikov<\/li>\n<li>Samodejna funkcija prislu\u0161kovanja in mo\u017enost vrtenja CW\/CCW<\/li>\n<li>Trajna oljna kopel z ozemljenimi in utrjenimi zobniki<\/li>\n<li>Masivna osnovna plo\u0161\u010da s T-re\u017eami za pritrditev velikih obdelovancev<\/li>\n<li>Torzijsko odporen, trden stolpec z zglajeno povr\u0161ino<\/li>\n<li>Za\u0161\u010dita vretena z nastavljivo vi\u0161ino in mikro stikalom<\/li>\n<li>Fino napajanje z natan\u010dnim kolesom in oznako globine<\/li>\n<\/ul>\n<p><strong>Vklju\u010deno v dobavo:<\/strong> vpenjalna glava 16 mm, reduktor MT4\/3, MT3\/2, klin, vleka M12<\/p>\n","protected":false},"featured_media":4659,"template":"","meta":[],"product_brand":[],"product_cat":[1043,1061],"product_tag":[],"class_list":{"0":"post-4658","1":"product","2":"type-product","3":"status-publish","4":"has-post-thumbnail","6":"product_cat-stroji-za-kovine","7":"product_cat-vrtalni-stroji-za-kovino","9":"first","10":"instock","11":"shipping-taxable","12":"purchasable","13":"product-type-simple"},"_links":{"self":[{"href":"https:\/\/www.depoles.com\/hr\/wp-json\/wp\/v2\/product\/4658","targetHints":{"allow":["GET"]}}],"collection":[{"href":"https:\/\/www.depoles.com\/hr\/wp-json\/wp\/v2\/product"}],"about":[{"href":"https:\/\/www.depoles.com\/hr\/wp-json\/wp\/v2\/types\/product"}],"wp:featuredmedia":[{"embeddable":true,"href":"https:\/\/www.depoles.com\/hr\/wp-json\/wp\/v2\/media\/4659"}],"wp:attachment":[{"href":"https:\/\/www.depoles.com\/hr\/wp-json\/wp\/v2\/media?parent=4658"}],"wp:term":[{"taxonomy":"product_brand","embeddable":true,"href":"https:\/\/www.depoles.com\/hr\/wp-json\/wp\/v2\/product_brand?post=4658"},{"taxonomy":"product_cat","embeddable":true,"href":"https:\/\/www.depoles.com\/hr\/wp-json\/wp\/v2\/product_cat?post=4658"},{"taxonomy":"product_tag","embeddable":true,"href":"https:\/\/www.depoles.com\/hr\/wp-json\/wp\/v2\/product_tag?post=4658"}],"curies":[{"name":"wp","href":"https:\/\/api.w.org\/{rel}","templated":true}]}}