{"id":4661,"date":"2019-11-22T12:50:30","date_gmt":"2019-11-22T11:50:30","guid":{"rendered":"https:\/\/nova.depoles.com\/trgovina\/delavniski-vrtalnik-sb4132lr_400v\/"},"modified":"2026-02-12T13:54:12","modified_gmt":"2026-02-12T12:54:12","slug":"delavniski-vrtalnik-sb4132lr_400v","status":"publish","type":"product","link":"https:\/\/www.depoles.com\/hr\/trgovina\/delavniski-vrtalnik-sb4132lr_400v\/","title":{"rendered":"Radioni\u010dki bu\u0161ilica SB4132LR_400V"},"content":{"rendered":"<p><strong>Tehni\u010dni podatki<\/strong><\/p>\n<ul>\n<li><strong>Podatki o motorju<\/strong>\n<ul>\n<li>Mo\u010d motorja S1: 1500 W<\/li>\n<li>Mo\u010d motorja S6: 2200 W<\/li>\n<li>Napetost: 400 V<\/li>\n<\/ul>\n<\/li>\n<li><strong>Dimenzije<\/strong>\n<ul>\n<li>Maksimalna vi\u0161ina: 1710 mm<\/li>\n<li>Doseg: 257 mm<\/li>\n<li>Velikost mize: 475 x 425 mm<\/li>\n<li>Skupne dimenzije: 570 x 870 x 1710 mm<\/li>\n<\/ul>\n<\/li>\n<li><strong>Tehni\u010dne specifikacije<\/strong>\n<ul>\n<li>Hod vretena: 120 mm<\/li>\n<li>Osnova: 580 x 450 mm<\/li>\n<li>Maksimalna zmogljivost vrtanja: 32 mm<\/li>\n<li>Hitrost vrtalnega vretena: (12) 120-3480 min\u207b\u00b9<\/li>\n<li>Vreteno za vrtanje: MK4 \/ MT4<\/li>\n<li>Razdalja vreteno-osnova: 1160 mm<\/li>\n<li>Maksimalna razdalja vreteno-miza: 680 mm<\/li>\n<\/ul>\n<\/li>\n<li><strong>Te\u017ea<\/strong>\n<ul>\n<li>Bruto te\u017ea: 125 kg<\/li>\n<li> Neto te\u017ea: 120 kg<\/li>\n<\/ul>\n<\/li>\n<li><strong>Embal\u017ea<\/strong>\n<ul>\n<li>Dol\u017eina embala\u017ee: 1450 mm<\/li>\n<li>\u0160irina embala\u017ee: 653 mm<\/li>\n<li>Vi\u0161ina embala\u017ee: 333 mm<\/li>\n<\/ul>\n<\/li>\n<li><strong>Splo\u0161ni podatki<\/strong>\n<ul>\n<li>EAN koda: 9120039902302<\/li>\n<\/ul>\n<\/li>\n<\/ul>\n","protected":false},"excerpt":{"rendered":"<h3>Poudarki izdelka<\/h3>\n<ul>\n<li>Vrtenje levo in desno<\/li>\n<li>Trdna polirana podlaga s T-maticami<\/li>\n<li>Aluminijast motor s za\u0161\u010dito IP54<\/li>\n<li>Torzijsko odporen, trden in poliran jekleni steber<\/li>\n<li>Delovna miza nagibna od -45\u00b0 do +45\u00b0 ter se vrti za 360\u00b0 okoli sredi\u0161\u010da in stolpca mize<\/li>\n<li>Za\u0161\u010ditni pokrov vretena<\/li>\n<li>Nastavljiva globina vrtanja s skalo za natan\u010dno regulacijo<\/li>\n<\/ul>\n<p><strong>Vklju\u010deno v dostavo:<\/strong> avtomatski vpenjalni vijak 1-16 mm, B18<\/p>\n","protected":false},"featured_media":4662,"template":"","meta":[],"product_brand":[],"product_cat":[1043,1061],"product_tag":[],"class_list":{"0":"post-4661","1":"product","2":"type-product","3":"status-publish","4":"has-post-thumbnail","6":"product_cat-stroji-za-kovine","7":"product_cat-vrtalni-stroji-za-kovino","9":"first","10":"instock","11":"shipping-taxable","12":"purchasable","13":"product-type-simple"},"_links":{"self":[{"href":"https:\/\/www.depoles.com\/hr\/wp-json\/wp\/v2\/product\/4661","targetHints":{"allow":["GET"]}}],"collection":[{"href":"https:\/\/www.depoles.com\/hr\/wp-json\/wp\/v2\/product"}],"about":[{"href":"https:\/\/www.depoles.com\/hr\/wp-json\/wp\/v2\/types\/product"}],"wp:featuredmedia":[{"embeddable":true,"href":"https:\/\/www.depoles.com\/hr\/wp-json\/wp\/v2\/media\/4662"}],"wp:attachment":[{"href":"https:\/\/www.depoles.com\/hr\/wp-json\/wp\/v2\/media?parent=4661"}],"wp:term":[{"taxonomy":"product_brand","embeddable":true,"href":"https:\/\/www.depoles.com\/hr\/wp-json\/wp\/v2\/product_brand?post=4661"},{"taxonomy":"product_cat","embeddable":true,"href":"https:\/\/www.depoles.com\/hr\/wp-json\/wp\/v2\/product_cat?post=4661"},{"taxonomy":"product_tag","embeddable":true,"href":"https:\/\/www.depoles.com\/hr\/wp-json\/wp\/v2\/product_tag?post=4661"}],"curies":[{"name":"wp","href":"https:\/\/api.w.org\/{rel}","templated":true}]}}