{"id":4663,"date":"2019-11-22T12:50:29","date_gmt":"2019-11-22T11:50:29","guid":{"rendered":"https:\/\/nova.depoles.com\/trgovina\/vrtalnik-sb3116rmn_400v\/"},"modified":"2026-02-12T13:54:58","modified_gmt":"2026-02-12T12:54:58","slug":"vrtalnik-sb3116rmn_400v","status":"publish","type":"product","link":"https:\/\/www.depoles.com\/hr\/trgovina\/vrtalnik-sb3116rmn_400v\/","title":{"rendered":"BU\u0160ILICA SB3116RMN_400V"},"content":{"rendered":"<p><strong>Tehni\u010dna specifikacija izdelka:<\/strong><\/p>\n<table>\n<tbody>\n<tr>\n<th colspan=\"2\">Podatki o motorju<\/th>\n<\/tr>\n<tr>\n<td>Mo\u010d motorja S1 (W)<\/td>\n<td>600<\/td>\n<\/tr>\n<tr>\n<td>Mo\u010d motorja S6 (W)<\/td>\n<td>900<\/td>\n<\/tr>\n<tr>\n<td>Napetost<\/td>\n<td>400V<\/td>\n<\/tr>\n<tr>\n<th colspan=\"2\">Dimenzije<\/th>\n<\/tr>\n<tr>\n<td>Doseg (mm)<\/td>\n<td>130-420<\/td>\n<\/tr>\n<tr>\n<td>Velikost mize (mm)<\/td>\n<td>220 x 220<\/td>\n<\/tr>\n<tr>\n<td>Maksimalna vi\u0161ina (mm)<\/td>\n<td>805<\/td>\n<\/tr>\n<tr>\n<th colspan=\"2\">Tehni\u010dni podatki<\/th>\n<\/tr>\n<tr>\n<td>Osnova (mm)<\/td>\n<td>210 x 350<\/td>\n<\/tr>\n<tr>\n<td>Maksimalna zmogljivost vrtanja (mm)<\/td>\n<td>16<\/td>\n<\/tr>\n<tr>\n<td>Hitrost vrtalne vretena (min<sup>-1<\/sup>)<\/td>\n<td>(5) 500-2500<\/td>\n<\/tr>\n<tr>\n<td>Vpenjanje vrtalne vretena<\/td>\n<td>MK2 \/ MT2<\/td>\n<\/tr>\n<tr>\n<td>Hod vretena (mm)<\/td>\n<td>80<\/td>\n<\/tr>\n<tr>\n<td>Razdalja vreteno-osnova (mm)<\/td>\n<td>470<\/td>\n<\/tr>\n<tr>\n<td>Maksimalna razdalja vreteno-miza (mm)<\/td>\n<td>355<\/td>\n<\/tr>\n<tr>\n<td>Premer stebra (mm)<\/td>\n<td>60<\/td>\n<\/tr>\n<tr>\n<th colspan=\"2\">Te\u017ea<\/th>\n<\/tr>\n<tr>\n<td>Bruto te\u017ea (kg)<\/td>\n<td>44<\/td>\n<\/tr>\n<tr>\n<td>Netto te\u017ea (kg)<\/td>\n<td>40<\/td>\n<\/tr>\n<tr>\n<th colspan=\"2\">Embalaza<\/th>\n<\/tr>\n<tr>\n<td>Dol\u017eina embala\u017ee (mm)<\/td>\n<td>910<\/td>\n<\/tr>\n<tr>\n<td>\u0160irina embala\u017ee (mm)<\/td>\n<td>360<\/td>\n<\/tr>\n<tr>\n<td>Vi\u0161ina embala\u017ee (mm)<\/td>\n<td>320<\/td>\n<\/tr>\n<tr>\n<th colspan=\"2\">Splo\u0161ni podatki<\/th>\n<\/tr>\n<tr>\n<td>EAN koda<\/td>\n<td>9120039904078<\/td>\n<\/tr>\n<\/tbody>\n<\/table>\n","protected":false},"excerpt":{"rendered":"<h3>Opis izdelka<\/h3>\n<p>&lt;pTa delovna miza je zasnovana za natan\u010dno in vsestransko uporabo. Pona\u0161a se z robustno in polirano podlago, aluminijastim motorjem, ki ustreza za\u0161\u010ditnemu razredu IP54, ter trdnim, torzijsko odporenim jeklenim stebrom. Miza omogo\u010da nagib od -45\u00b0 do +45\u00b0 ter vrtenje za 360\u00b0 okoli sredi\u0161\u010da in stolpca. Vrtanje je varno in natan\u010dno z za\u0161\u010ditnim pokrovom vretena ter nastavljivo globino vrtanja s skalo.<\/p>\n<ul>\n<li>Trdna polirana podlaga s T-maticami<\/li>\n<li>Aluminijast motor po IP54<\/li>\n<li>Torzijsko odporen, trden in poliran jekleni steber<\/li>\n<li>Nagibna delovna miza od -45\u00b0 do +45\u00b0 in vrtenje za 360\u00b0<\/li>\n<li>Za\u0161\u010ditni pokrov vretena<\/li>\n<li>Nastavljiva globina vrtanja s skalo za natan\u010dno regulacijo<\/li>\n<\/ul>\n<p><strong>Vklju\u010deno v dobavo:<\/strong> avtomatski vpenjalni vijak 3-16 mm, B16<\/p>\n","protected":false},"featured_media":4664,"template":"","meta":[],"product_brand":[],"product_cat":[1043,1061],"product_tag":[],"class_list":{"0":"post-4663","1":"product","2":"type-product","3":"status-publish","4":"has-post-thumbnail","6":"product_cat-stroji-za-kovine","7":"product_cat-vrtalni-stroji-za-kovino","9":"first","10":"instock","11":"shipping-taxable","12":"purchasable","13":"product-type-simple"},"_links":{"self":[{"href":"https:\/\/www.depoles.com\/hr\/wp-json\/wp\/v2\/product\/4663","targetHints":{"allow":["GET"]}}],"collection":[{"href":"https:\/\/www.depoles.com\/hr\/wp-json\/wp\/v2\/product"}],"about":[{"href":"https:\/\/www.depoles.com\/hr\/wp-json\/wp\/v2\/types\/product"}],"wp:featuredmedia":[{"embeddable":true,"href":"https:\/\/www.depoles.com\/hr\/wp-json\/wp\/v2\/media\/4664"}],"wp:attachment":[{"href":"https:\/\/www.depoles.com\/hr\/wp-json\/wp\/v2\/media?parent=4663"}],"wp:term":[{"taxonomy":"product_brand","embeddable":true,"href":"https:\/\/www.depoles.com\/hr\/wp-json\/wp\/v2\/product_brand?post=4663"},{"taxonomy":"product_cat","embeddable":true,"href":"https:\/\/www.depoles.com\/hr\/wp-json\/wp\/v2\/product_cat?post=4663"},{"taxonomy":"product_tag","embeddable":true,"href":"https:\/\/www.depoles.com\/hr\/wp-json\/wp\/v2\/product_tag?post=4663"}],"curies":[{"name":"wp","href":"https:\/\/api.w.org\/{rel}","templated":true}]}}