{"id":4667,"date":"2019-11-22T12:50:27","date_gmt":"2019-11-22T11:50:27","guid":{"rendered":"https:\/\/nova.depoles.com\/trgovina\/delavniski-vrtalnik-za-kovino-holzmann-sb163vh_230v\/"},"modified":"2026-02-12T13:54:02","modified_gmt":"2026-02-12T12:54:02","slug":"delavniski-vrtalnik-za-kovino-holzmann-sb163vh_230v","status":"publish","type":"product","link":"https:\/\/www.depoles.com\/hr\/trgovina\/delavniski-vrtalnik-za-kovino-holzmann-sb163vh_230v\/","title":{"rendered":"Radioni\u010dki bu\u0161a\u0107i stroj za metal HOLZMANN SB163VH_230V"},"content":{"rendered":"<p><strong>Tehni\u010dna specifikacija izdelka<\/strong><\/p>\n<ul>\n<li><strong>Motor:<\/strong>\n<ul>\n<li>Moc motorja S1: 1100 W<\/li>\n<li>Napetost: 230V \/ 50Hz<\/li>\n<\/ul>\n<\/li>\n<li><strong>Dimenzije:<\/strong>\n<ul>\n<li>Doseg (outreach): 430 mm<\/li>\n<li>Velikost mize: 356 x 356 mm<\/li>\n<li>Skupne dimenzije: 740 x 470 x 1710 mm<\/li>\n<\/ul>\n<\/li>\n<li><strong>Tehni\u010dni podatki:<\/strong>\n<ul>\n<li>Maksimalna vrtalna zmogljivost v jeklu: 16 mm<\/li>\n<li>Vreteno za vrtanje: MK3\/MT3<\/li>\n<li>Hitrost vrtenja vretena: 460-2100 min\u207b\u00b9<\/li>\n<li>Premer stebra: 80 mm<\/li>\n<li>Hod vretena: 150 mm<\/li>\n<li>Osnova: 580 x 420 mm<\/li>\n<\/ul>\n<\/li>\n<li><strong>Raven hrupa in vibracije:<\/strong>\n<ul>\n<li>Raven mo\u010di zvoka: 88,5 dB(A)<\/li>\n<li>Raven tlaka zvoka: 73,1 dB(A)<\/li>\n<\/ul>\n<\/li>\n<li><strong>Te\u017ea:<\/strong>\n<ul>\n<li>Bruto te\u017ea: 98,50 kg<\/li>\n<li>Netto te\u017ea: 88,50 kg<\/li>\n<\/ul>\n<\/li>\n<li><strong>Embalaza:<\/strong>\n<ul>\n<li>\u0160irina embala\u017ee: 280 mm<\/li>\n<li>Dol\u017eina embala\u017ee: 700 mm<\/li>\n<li>Vi\u0161ina embala\u017ee: 1530 mm<\/li>\n<\/ul>\n<\/li>\n<li><strong>Splo\u0161ni podatki:<\/strong>\n<ul>\n<li>EAN koda: 9120058377518<\/li>\n<\/ul>\n<\/li>\n<\/ul>\n","protected":false},"excerpt":{"rendered":"<h3>Poudarki izdelka<\/h3>\n<ul>\n<li>Spremenljiva nastavljiva hitrost vretena z LCD zaslonom<\/li>\n<li>LED osvetlitev<\/li>\n<li>Trdna polirana podlaga s T-maticami<\/li>\n<li>Torzijsko odporen, trden in poliran jekleni steber<\/li>\n<li>Delovna miza nastavljiva od -45\u00b0 do +45\u00b0<\/li>\n<li>Za\u0161\u010ditni pokrov vretena<\/li>\n<li>Nastavljiva globina vrtanja s skalo za natan\u010dno regulacijo<\/li>\n<\/ul>\n<p>Vklju\u010deno v dobavo: vpenjalnik brez klju\u010da 1-16 mm B16.<\/p>\n","protected":false},"featured_media":4668,"template":"","meta":[],"product_brand":[],"product_cat":[1043,1061],"product_tag":[],"class_list":{"0":"post-4667","1":"product","2":"type-product","3":"status-publish","4":"has-post-thumbnail","6":"product_cat-stroji-za-kovine","7":"product_cat-vrtalni-stroji-za-kovino","9":"first","10":"instock","11":"shipping-taxable","12":"purchasable","13":"product-type-simple"},"_links":{"self":[{"href":"https:\/\/www.depoles.com\/hr\/wp-json\/wp\/v2\/product\/4667","targetHints":{"allow":["GET"]}}],"collection":[{"href":"https:\/\/www.depoles.com\/hr\/wp-json\/wp\/v2\/product"}],"about":[{"href":"https:\/\/www.depoles.com\/hr\/wp-json\/wp\/v2\/types\/product"}],"wp:featuredmedia":[{"embeddable":true,"href":"https:\/\/www.depoles.com\/hr\/wp-json\/wp\/v2\/media\/4668"}],"wp:attachment":[{"href":"https:\/\/www.depoles.com\/hr\/wp-json\/wp\/v2\/media?parent=4667"}],"wp:term":[{"taxonomy":"product_brand","embeddable":true,"href":"https:\/\/www.depoles.com\/hr\/wp-json\/wp\/v2\/product_brand?post=4667"},{"taxonomy":"product_cat","embeddable":true,"href":"https:\/\/www.depoles.com\/hr\/wp-json\/wp\/v2\/product_cat?post=4667"},{"taxonomy":"product_tag","embeddable":true,"href":"https:\/\/www.depoles.com\/hr\/wp-json\/wp\/v2\/product_tag?post=4667"}],"curies":[{"name":"wp","href":"https:\/\/api.w.org\/{rel}","templated":true}]}}