{"id":4670,"date":"2019-11-22T12:50:26","date_gmt":"2019-11-22T11:50:26","guid":{"rendered":"https:\/\/nova.depoles.com\/trgovina\/vrtalna-stiskalnica-gbm25t_400v\/"},"modified":"2025-12-17T16:28:41","modified_gmt":"2025-12-17T15:28:41","slug":"vrtalna-stiskalnica-gbm25t_400v","status":"publish","type":"product","link":"https:\/\/www.depoles.com\/hr\/trgovina\/vrtalna-stiskalnica-gbm25t_400v\/","title":{"rendered":"Bu\u0161ilica-frezarka GBM25T_400V"},"content":{"rendered":"<p><strong>Tehni\u010dna specifikacija izdelka<\/strong><\/p>\n<table>\n<tbody>\n<tr>\n<th colspan=\"2\">Motor<\/th>\n<\/tr>\n<tr>\n<td>Mo\u010d motorja S1 (W)<\/td>\n<td>650 \/ 1200<\/td>\n<\/tr>\n<tr>\n<td>Napetost<\/td>\n<td>400V \/ 3 \/ 50Hz<\/td>\n<\/tr>\n<tr>\n<td>Mo\u010d motorja S6 (W)<\/td>\n<td>900 \/ 1700<\/td>\n<\/tr>\n<tr>\n<th colspan=\"2\">Dimenzije<\/th>\n<\/tr>\n<tr>\n<td>Razpon (mm)<\/td>\n<td>255<\/td>\n<\/tr>\n<tr>\n<td>Velikost mize (mm)<\/td>\n<td>250 x 290<\/td>\n<\/tr>\n<tr>\n<th colspan=\"2\">Tehni\u010dni podatki<\/th>\n<\/tr>\n<tr>\n<td>Najve\u010dja zmogljivost vrtanja (mm)<\/td>\n<td>25<\/td>\n<\/tr>\n<tr>\n<td>Hitrost vrtalne gredi (min<sup>-1<\/sup>)<\/td>\n<td>(8) 105-2900<\/td>\n<\/tr>\n<tr>\n<td>T-re\u017ee (mm)<\/td>\n<td>14<\/td>\n<\/tr>\n<tr>\n<td>Vrtalni tulec<\/td>\n<td>MK3\/MT3<\/td>\n<\/tr>\n<tr>\n<td>Najve\u010dja velikost navoja<\/td>\n<td>M10<\/td>\n<\/tr>\n<tr>\n<td>Osnova (mm)<\/td>\n<td>250 x 290<\/td>\n<\/tr>\n<tr>\n<td>Premer stebra (mm)<\/td>\n<td>100<\/td>\n<\/tr>\n<tr>\n<td>Razdalja med vretenom in osnovo (mm)<\/td>\n<td>535<\/td>\n<\/tr>\n<tr>\n<td>Hod vretena (mm)<\/td>\n<td>120<\/td>\n<\/tr>\n<tr>\n<th colspan=\"2\">Te\u017ea<\/th>\n<\/tr>\n<tr>\n<td>Bruto te\u017ea (kg)<\/td>\n<td>158<\/td>\n<\/tr>\n<tr>\n<td>Net te\u017ea (kg)<\/td>\n<td>130<\/td>\n<\/tr>\n<tr>\n<th colspan=\"2\">Pakiranje<\/th>\n<\/tr>\n<tr>\n<td>Dol\u017eina pakiranja (mm)<\/td>\n<td>940<\/td>\n<\/tr>\n<tr>\n<td>\u0160irina pakiranja (mm)<\/td>\n<td>460<\/td>\n<\/tr>\n<tr>\n<td>Vi\u0161ina pakiranja (mm)<\/td>\n<td>730<\/td>\n<\/tr>\n<tr>\n<th colspan=\"2\">Splo\u0161ni podatki<\/th>\n<\/tr>\n<tr>\n<td>EAN koda<\/td>\n<td>9120058373725<\/td>\n<\/tr>\n<\/tbody>\n<\/table>\n","protected":false},"excerpt":{"rendered":"<h3>Poudarki izdelka<\/h3>\n<p>Mo\u010dan vrtalni stroj z vrtalnimi stolpci, ki zagotavlja natan\u010dno in stabilno delo. Primeren je za razli\u010dna vrtalna opravila, saj omogo\u010da prilagajanje hitrosti in smeri vrtanja.<\/p>\n<ul>\n<li>Brez vibracij in trden<\/li>\n<li>Vrtalna glava vrtljiva za 360\u00b0 ter nastavljiva po vi\u0161ini<\/li>\n<li>Zavorna globina vrtanja z merilnikom v milimetrih<\/li>\n<li>8 razli\u010dnih hitrosti in mo\u010dan dvostopenjski motor<\/li>\n<li>Vrtljivo stikalo za desni in levi pogon za rezanje navojev<\/li>\n<li>Vklju\u010dno z 16 mm vrtalno glavo<\/li>\n<\/ul>\n","protected":false},"featured_media":4671,"template":"","meta":[],"product_brand":[],"product_cat":[1043,1061],"product_tag":[],"class_list":{"0":"post-4670","1":"product","2":"type-product","3":"status-publish","4":"has-post-thumbnail","6":"product_cat-stroji-za-kovine","7":"product_cat-vrtalni-stroji-za-kovino","9":"first","10":"instock","11":"shipping-taxable","12":"purchasable","13":"product-type-simple"},"_links":{"self":[{"href":"https:\/\/www.depoles.com\/hr\/wp-json\/wp\/v2\/product\/4670","targetHints":{"allow":["GET"]}}],"collection":[{"href":"https:\/\/www.depoles.com\/hr\/wp-json\/wp\/v2\/product"}],"about":[{"href":"https:\/\/www.depoles.com\/hr\/wp-json\/wp\/v2\/types\/product"}],"wp:featuredmedia":[{"embeddable":true,"href":"https:\/\/www.depoles.com\/hr\/wp-json\/wp\/v2\/media\/4671"}],"wp:attachment":[{"href":"https:\/\/www.depoles.com\/hr\/wp-json\/wp\/v2\/media?parent=4670"}],"wp:term":[{"taxonomy":"product_brand","embeddable":true,"href":"https:\/\/www.depoles.com\/hr\/wp-json\/wp\/v2\/product_brand?post=4670"},{"taxonomy":"product_cat","embeddable":true,"href":"https:\/\/www.depoles.com\/hr\/wp-json\/wp\/v2\/product_cat?post=4670"},{"taxonomy":"product_tag","embeddable":true,"href":"https:\/\/www.depoles.com\/hr\/wp-json\/wp\/v2\/product_tag?post=4670"}],"curies":[{"name":"wp","href":"https:\/\/api.w.org\/{rel}","templated":true}]}}