{"id":4672,"date":"2019-11-22T12:50:24","date_gmt":"2019-11-22T11:50:24","guid":{"rendered":"https:\/\/nova.depoles.com\/trgovina\/vrtalni-stroj-s-xl-mizo-zs40hs_400v\/"},"modified":"2025-12-17T23:52:22","modified_gmt":"2025-12-17T22:52:22","slug":"vrtalni-stroj-s-xl-mizo-zs40hs_400v","status":"publish","type":"product","link":"https:\/\/www.depoles.com\/hr\/trgovina\/vrtalni-stroj-s-xl-mizo-zs40hs_400v\/","title":{"rendered":"Bu\u0161ilica s XL stolom ZS40HS_400V"},"content":{"rendered":"<p><strong>Tehni\u010dne specifikacije:<\/strong><\/p>\n<ul>\n<li><strong>Motor:<\/strong>\n<ul>\n<li>Mo\u010d motorja S1: 1100 W<\/li>\n<li>Mo\u010d motorja S6: 1500 W<\/li>\n<li>Napetost: 400 V<\/li>\n<\/ul>\n<\/li>\n<li><strong>Dimenzije:<\/strong>\n<ul>\n<li>Maksimalna vi\u0161ina: 2120 mm<\/li>\n<li>Doseg: 272,5 mm<\/li>\n<li>Velikost mize: 575 x 354 mm<\/li>\n<\/ul>\n<\/li>\n<li><strong>Tehni\u010dni podatki:<\/strong>\n<ul>\n<li>Razdalja vreteno-baza: 1230 mm<\/li>\n<li>Premer stebra: 115 mm<\/li>\n<li>Hod vretena: 120 mm<\/li>\n<li>Maksimalna zmogljivost vrtanja: 40 mm<\/li>\n<li>Hitrost vretena za rezkanje: 95 &#8211; 1600 min\u207b\u00b9<\/li>\n<li>Vpenjalni sistem vretena za vrtanje: MK4 \/ MT4<\/li>\n<li>Maksimalna razdalja vretena do mize: 380 mm<\/li>\n<\/ul>\n<\/li>\n<li><strong>Te\u017ea:<\/strong>\n<ul>\n<li>Bruto te\u017ea: 365 kg<\/li>\n<li>Netto te\u017ea: 320 kg<\/li>\n<\/ul>\n<\/li>\n<li><strong>Embal\u017ea:<\/strong>\n<ul>\n<li>Dol\u017eina embala\u017ee: 640 mm<\/li>\n<li>\u0160irina embala\u017ee: 720 mm<\/li>\n<li>Vi\u0161ina embala\u017ee: 1910 mm<\/li>\n<\/ul>\n<\/li>\n<li><strong>Splo\u0161ni podatki:<\/strong>\n<ul>\n<li>EAN koda: 9120039900995<\/li>\n<\/ul>\n<\/li>\n<\/ul>\n","protected":false},"excerpt":{"rendered":"<h3> poudarja <\/h3>\n<ul>\n<li> mo\u010dno dimenzionirana, po vi\u0161ini nastavljena kaljena in natan\u010dno bru\u0161ena miza iz litega \u017eeleza z mo\u017enostjo vrtenja za 360 \u00b0 okoli sredi\u0161\u010da in stebra <\/li>\n<li> miza je opremljena s t-maticnimi vodili (14 mm) za pritrditev naprav kot prime\u017ea <\/li>\n<li> Vi\u0161insko nastavljiva in nagibna glava zobnikov ponuja \u0161iroko obmo\u010dje uporabe <\/li>\n<li> samodejna funkcija prislu\u0161kovanja in CW \/ CCW te\u010de kot standard <\/li>\n<li> rokav vretena spu\u0161\u010den preko ro\u010dnega kolesa s tremi kraki <\/li>\n<li> trajno oljno kopel, podmazano z ozemljenimi in utrjenimi zobniki <\/li>\n<li> masivna osnovna plo\u0161\u010da s T-re\u017eami omogo\u010da pritrditev obdelovancev velike velikosti <\/li>\n<li> mo\u010dan motor zagotavlja max. zmogljivost vrtanja pri neprekinjeni uporabi <\/li>\n<li> torzijsko odporen steber z zglajeno povr\u0161ino <\/li>\n<li> Za\u0161\u010dita vretena z nastavljivo vi\u0161ino z mikro stikalom za va\u0161o varnost <\/li>\n<li> fino napajanje s preciznim kolesom, name\u0161\u010denim na sprednji strani stroja, z oznako globine <\/li>\n<\/ul>\n<p> <strong>vklju\u010deno v dobavo:<\/strong> vpenjalna glava 16 mm, reduktor MT4 \/ 3, MT3 \/ 2, klin, vleka M12 <\/p><\/p>\n","protected":false},"featured_media":4673,"template":"","meta":[],"product_brand":[],"product_cat":[1043,1061],"product_tag":[],"class_list":{"0":"post-4672","1":"product","2":"type-product","3":"status-publish","4":"has-post-thumbnail","6":"product_cat-stroji-za-kovine","7":"product_cat-vrtalni-stroji-za-kovino","9":"first","10":"instock","11":"shipping-taxable","12":"purchasable","13":"product-type-simple"},"_links":{"self":[{"href":"https:\/\/www.depoles.com\/hr\/wp-json\/wp\/v2\/product\/4672","targetHints":{"allow":["GET"]}}],"collection":[{"href":"https:\/\/www.depoles.com\/hr\/wp-json\/wp\/v2\/product"}],"about":[{"href":"https:\/\/www.depoles.com\/hr\/wp-json\/wp\/v2\/types\/product"}],"wp:featuredmedia":[{"embeddable":true,"href":"https:\/\/www.depoles.com\/hr\/wp-json\/wp\/v2\/media\/4673"}],"wp:attachment":[{"href":"https:\/\/www.depoles.com\/hr\/wp-json\/wp\/v2\/media?parent=4672"}],"wp:term":[{"taxonomy":"product_brand","embeddable":true,"href":"https:\/\/www.depoles.com\/hr\/wp-json\/wp\/v2\/product_brand?post=4672"},{"taxonomy":"product_cat","embeddable":true,"href":"https:\/\/www.depoles.com\/hr\/wp-json\/wp\/v2\/product_cat?post=4672"},{"taxonomy":"product_tag","embeddable":true,"href":"https:\/\/www.depoles.com\/hr\/wp-json\/wp\/v2\/product_tag?post=4672"}],"curies":[{"name":"wp","href":"https:\/\/api.w.org\/{rel}","templated":true}]}}