{"id":4675,"date":"2019-11-22T12:50:23","date_gmt":"2019-11-22T11:50:23","guid":{"rendered":"https:\/\/nova.depoles.com\/trgovina\/vrtalni-stroj-zx40pc_400v\/"},"modified":"2025-12-17T23:52:32","modified_gmt":"2025-12-17T22:52:32","slug":"vrtalni-stroj-zx40pc_400v","status":"publish","type":"product","link":"https:\/\/www.depoles.com\/hr\/trgovina\/vrtalni-stroj-zx40pc_400v\/","title":{"rendered":"Bu\u0161ilica ZX40PC_400V"},"content":{"rendered":"<p><strong>Tehni\u010dna specifikacija<\/strong><\/p>\n<table>\n<tbody>\n<tr>\n<th colspan=\"2\">Podatki o motorju<\/th>\n<\/tr>\n<tr>\n<td>Mo\u010d motorja S1<\/td>\n<td>1100 W<\/td>\n<\/tr>\n<tr>\n<td>Mo\u010d motorja S6<\/td>\n<td>1500 W<\/td>\n<\/tr>\n<tr>\n<td>Napetost<\/td>\n<td>400 V<\/td>\n<\/tr>\n<tr>\n<th colspan=\"2\">Dimenzije<\/th>\n<\/tr>\n<tr>\n<td>Razpon (outreach)<\/td>\n<td>272,5 mm<\/td>\n<\/tr>\n<tr>\n<td>Maksimalna vi\u0161ina<\/td>\n<td>2160 mm<\/td>\n<\/tr>\n<tr>\n<td>Velikost mize<\/td>\n<td>190 x 585 mm<\/td>\n<\/tr>\n<tr>\n<th colspan=\"2\">Tehni\u010dne specifikacije<\/th>\n<\/tr>\n<tr>\n<td>Razdalja vreteno-osnova<\/td>\n<td>1270 mm<\/td>\n<\/tr>\n<tr>\n<td>Premer stebra<\/td>\n<td>115 mm<\/td>\n<\/tr>\n<tr>\n<td>Hod vretena<\/td>\n<td>120 mm<\/td>\n<\/tr>\n<tr>\n<td>Maksimalna zmogljivost vrtanja<\/td>\n<td>40 mm<\/td>\n<\/tr>\n<tr>\n<td>Hitrost vretena za rezkanje<\/td>\n<td>95-1600 min\u207b\u00b9<\/td>\n<\/tr>\n<tr>\n<td>Vreteno za vrtanje<\/td>\n<td>MK4 \/ MT4<\/td>\n<\/tr>\n<tr>\n<td>Maksimalna razdalja vreteno-miza<\/td>\n<td>754 mm<\/td>\n<\/tr>\n<tr>\n<th colspan=\"2\">Te\u017ea<\/th>\n<\/tr>\n<tr>\n<td>Bruto te\u017ea<\/td>\n<td>410 kg<\/td>\n<\/tr>\n<tr>\n<td>Netto te\u017ea<\/td>\n<td>375 kg<\/td>\n<\/tr>\n<tr>\n<th colspan=\"2\">Pakiranje<\/th>\n<\/tr>\n<tr>\n<td>Dol\u017eina pakiranja<\/td>\n<td>720 mm<\/td>\n<\/tr>\n<tr>\n<td>\u0160irina pakiranja<\/td>\n<td>740 mm<\/td>\n<\/tr>\n<tr>\n<td>Vi\u0161ina pakiranja<\/td>\n<td>1910 mm<\/td>\n<\/tr>\n<tr>\n<th colspan=\"2\">Splo\u0161ni podatki<\/th>\n<\/tr>\n<tr>\n<td>EAN koda<\/td>\n<td>9120039901008<\/td>\n<\/tr>\n<\/tbody>\n<\/table>\n","protected":false},"excerpt":{"rendered":"<h3> poudarja <\/h3>\n<ul>\n<li> s pre\u010dno mizo s hladilno \u010drpalko <\/li>\n<li> masivna osnovna plo\u0161\u010da s T-re\u017eami omogo\u010da pritrditev obdelovancev velike velikosti <\/li>\n<li> kri\u017ena miza je opremljena s t-maticnimi vodili (14 mm) za pritrditev naprav kot prime\u017ea <\/li>\n<li> dovod rokav vretena preko ro\u010dice s tremi ro\u010dicami <\/li>\n<li> Za\u0161\u010dita vretena z nastavljivo vi\u0161ino z mikro stikalom za va\u0161o varnost <\/li>\n<li> hladilni sistem vklju\u010den v dobavo <\/li>\n<li> Vi\u0161insko nastavljiva in nagibna glava zobnikov ponuja \u0161iroko obmo\u010dje uporabe <\/li>\n<li> samodejna funkcija prislu\u0161kovanja in izvedba CW \/ CCW sta vklju\u010dena v dobavo <\/li>\n<li> fino napajanje s preciznim kolesom, name\u0161\u010denim na sprednji strani stroja, z oznako globine <\/li>\n<li> trajno oljno kopel, podmazano z ozemljenimi in utrjenimi zobniki <\/li>\n<li> mo\u010dan motor zagotavlja max. zmogljivost tudi pri te\u017ejih te\u017eavah <\/li>\n<\/ul>\n<p> <strong>vklju\u010deno v dobavo:<\/strong> vpenjalna vpenjalna glava 16 mm, redukcijski tulec MT4 \/ 3, MT3 \/ 2, klin, vleka M12 <\/p><\/p>\n","protected":false},"featured_media":5215,"template":"","meta":[],"product_brand":[],"product_cat":[1043,1061],"product_tag":[],"class_list":{"0":"post-4675","1":"product","2":"type-product","3":"status-publish","4":"has-post-thumbnail","6":"product_cat-stroji-za-kovine","7":"product_cat-vrtalni-stroji-za-kovino","9":"first","10":"instock","11":"shipping-taxable","12":"purchasable","13":"product-type-simple"},"_links":{"self":[{"href":"https:\/\/www.depoles.com\/hr\/wp-json\/wp\/v2\/product\/4675","targetHints":{"allow":["GET"]}}],"collection":[{"href":"https:\/\/www.depoles.com\/hr\/wp-json\/wp\/v2\/product"}],"about":[{"href":"https:\/\/www.depoles.com\/hr\/wp-json\/wp\/v2\/types\/product"}],"wp:featuredmedia":[{"embeddable":true,"href":"https:\/\/www.depoles.com\/hr\/wp-json\/wp\/v2\/media\/5215"}],"wp:attachment":[{"href":"https:\/\/www.depoles.com\/hr\/wp-json\/wp\/v2\/media?parent=4675"}],"wp:term":[{"taxonomy":"product_brand","embeddable":true,"href":"https:\/\/www.depoles.com\/hr\/wp-json\/wp\/v2\/product_brand?post=4675"},{"taxonomy":"product_cat","embeddable":true,"href":"https:\/\/www.depoles.com\/hr\/wp-json\/wp\/v2\/product_cat?post=4675"},{"taxonomy":"product_tag","embeddable":true,"href":"https:\/\/www.depoles.com\/hr\/wp-json\/wp\/v2\/product_tag?post=4675"}],"curies":[{"name":"wp","href":"https:\/\/api.w.org\/{rel}","templated":true}]}}