{"id":4679,"date":"2019-11-22T12:50:20","date_gmt":"2019-11-22T11:50:20","guid":{"rendered":"https:\/\/nova.depoles.com\/trgovina\/napajalna-enota-bf2025avx\/"},"modified":"2025-12-17T23:52:43","modified_gmt":"2025-12-17T22:52:43","slug":"napajalna-enota-bf2025avx","status":"publish","type":"product","link":"https:\/\/www.depoles.com\/hr\/trgovina\/napajalna-enota-bf2025avx\/","title":{"rendered":"Napajanje BF2025AVX"},"content":{"rendered":"<p><strong>Tehni\u010dni podatki<\/strong><\/p>\n<ul>\n<li><strong>Te\u017ea<\/strong>\n<ul>\n<li>Bruto te\u017ea: 10 kg<\/li>\n<li>Netto te\u017ea: 9 kg<\/li>\n<\/ul>\n<\/li>\n<li><strong>Embala\u017ea<\/strong>\n<ul>\n<li>Dol\u017eina embala\u017ee: 350 mm<\/li>\n<li>\u0160irina embala\u017ee: 350 mm<\/li>\n<li>Vi\u0161ina embala\u017ee: 180 mm<\/li>\n<\/ul>\n<\/li>\n<li><strong>Splo\u0161ni podatki<\/strong>\n<ul>\n<li>EAN koda: 9120039909288<\/li>\n<\/ul>\n<\/li>\n<\/ul>\n","protected":false},"excerpt":{"rendered":"<h3> poudarja <\/h3>\n<ul>\n<li> kompaktna natan\u010dna zasnova z visoko natan\u010dnostjo vrtenja vretena <\/li>\n<li> hitrost nastavljiva s prestavljanjem klinastega jermena <\/li>\n<li> natan\u010dno ro\u010dno podajanje zaradi fino nastavljivih ro\u010dnih koles <\/li>\n<li> gladko teko\u010da miza zaradi nastavljivih vodilnih gibov <\/li>\n<li> svetilka in centralno mazanje kot standard <\/li>\n<li> na voljo neobvezno, samodejno podajanje in stojalo stroja <\/li>\n<\/ul>\n","protected":false},"featured_media":4680,"template":"","meta":[],"product_brand":[],"product_cat":[1056,1043],"product_tag":[],"class_list":{"0":"post-4679","1":"product","2":"type-product","3":"status-publish","4":"has-post-thumbnail","6":"product_cat-rezkalni-stroji-za-kovino","7":"product_cat-stroji-za-kovine","9":"first","10":"instock","11":"shipping-taxable","12":"purchasable","13":"product-type-simple"},"_links":{"self":[{"href":"https:\/\/www.depoles.com\/hr\/wp-json\/wp\/v2\/product\/4679","targetHints":{"allow":["GET"]}}],"collection":[{"href":"https:\/\/www.depoles.com\/hr\/wp-json\/wp\/v2\/product"}],"about":[{"href":"https:\/\/www.depoles.com\/hr\/wp-json\/wp\/v2\/types\/product"}],"wp:featuredmedia":[{"embeddable":true,"href":"https:\/\/www.depoles.com\/hr\/wp-json\/wp\/v2\/media\/4680"}],"wp:attachment":[{"href":"https:\/\/www.depoles.com\/hr\/wp-json\/wp\/v2\/media?parent=4679"}],"wp:term":[{"taxonomy":"product_brand","embeddable":true,"href":"https:\/\/www.depoles.com\/hr\/wp-json\/wp\/v2\/product_brand?post=4679"},{"taxonomy":"product_cat","embeddable":true,"href":"https:\/\/www.depoles.com\/hr\/wp-json\/wp\/v2\/product_cat?post=4679"},{"taxonomy":"product_tag","embeddable":true,"href":"https:\/\/www.depoles.com\/hr\/wp-json\/wp\/v2\/product_tag?post=4679"}],"curies":[{"name":"wp","href":"https:\/\/api.w.org\/{rel}","templated":true}]}}