{"id":4688,"date":"2019-11-22T12:50:17","date_gmt":"2019-11-22T11:50:17","guid":{"rendered":"https:\/\/nova.depoles.com\/trgovina\/rezkalni-stroj-bf50mini_400v\/"},"modified":"2025-12-17T23:53:04","modified_gmt":"2025-12-17T22:53:04","slug":"rezkalni-stroj-bf50mini_400v","status":"publish","type":"product","link":"https:\/\/www.depoles.com\/hr\/trgovina\/rezkalni-stroj-bf50mini_400v\/","title":{"rendered":"Glodalica BF50MINI_400V"},"content":{"rendered":"<p><strong>Tehni\u010dna specifikacija izdelka<\/strong><\/p>\n<table>\n<tbody>\n<tr>\n<th colspan=\"2\">Motor<\/th>\n<\/tr>\n<tr>\n<td>Mo\u010d motorja S1<\/td>\n<td>1,1 kW<\/td>\n<\/tr>\n<tr>\n<td>Napetost<\/td>\n<td>400V \/ 3 \/ 50Hz<\/td>\n<\/tr>\n<tr>\n<th colspan=\"2\">Dimenzije<\/th>\n<\/tr>\n<tr>\n<td>Iztegnjenost (outreach)<\/td>\n<td>155 mm<\/td>\n<\/tr>\n<tr>\n<td>Velikost mize<\/td>\n<td>600 x 152 mm<\/td>\n<\/tr>\n<tr>\n<th colspan=\"2\">Tehni\u010dna specifikacija<\/th>\n<\/tr>\n<tr>\n<td>Adapter za rezkanje<\/td>\n<td>MK\/MT3<\/td>\n<\/tr>\n<tr>\n<td>Hitrost vretena (rezkanje)<\/td>\n<td>200-2500 min\u207b\u00b9<\/td>\n<\/tr>\n<tr>\n<td>Max. razdalja vreteno-miza<\/td>\n<td>343 mm<\/td>\n<\/tr>\n<tr>\n<td>Hod X-osi<\/td>\n<td>370 mm<\/td>\n<\/tr>\n<tr>\n<td>Hod Y-osi<\/td>\n<td>150 mm<\/td>\n<\/tr>\n<tr>\n<td>Hod Z-osi<\/td>\n<td>195 mm<\/td>\n<\/tr>\n<tr>\n<td>Hod vretena<\/td>\n<td>80 mm<\/td>\n<\/tr>\n<tr>\n<td>Nagib glave<\/td>\n<td>90\u00b0<\/td>\n<\/tr>\n<tr>\n<th colspan=\"2\">Te\u017ea<\/th>\n<\/tr>\n<tr>\n<td>Bruto te\u017ea<\/td>\n<td>400 kg<\/td>\n<\/tr>\n<tr>\n<td>Netto te\u017ea<\/td>\n<td>350 kg<\/td>\n<\/tr>\n<tr>\n<th colspan=\"2\">Embala\u017ea<\/th>\n<\/tr>\n<tr>\n<td>\u0160irina embala\u017ee<\/td>\n<td>0,820 m<\/td>\n<\/tr>\n<tr>\n<td>Vi\u0161ina embala\u017ee<\/td>\n<td>1,620 m<\/td>\n<\/tr>\n<tr>\n<td>Dol\u017eina embala\u017ee<\/td>\n<td>0,970 m<\/td>\n<\/tr>\n<tr>\n<th colspan=\"2\">Splo\u0161ni podatki<\/th>\n<\/tr>\n<tr>\n<td>EAN koda<\/td>\n<td>9120058373213<\/td>\n<\/tr>\n<\/tbody>\n<\/table>\n","protected":false},"excerpt":{"rendered":"<h3> poudarja <\/h3>\n<ul>\n<li> kompaktna natan\u010dna zasnova z visoko natan\u010dnostjo vrtenja vretena <\/li>\n<li> hitrost nastavljiva s prestavljanjem klinastega jermena <\/li>\n<li> natan\u010dno ro\u010dno podajanje zaradi fino nastavljivih ro\u010dnih koles <\/li>\n<li> gladko teko\u010da miza zaradi nastavljivih vodilnih gibov <\/li>\n<li> svetilka in centralno mazanje kot standard <\/li>\n<li> na voljo neobvezno, samodejno podajanje in stojalo stroja <\/li>\n<\/ul>\n","protected":false},"featured_media":759,"template":"","meta":[],"product_brand":[],"product_cat":[1056,1043],"product_tag":[],"class_list":{"0":"post-4688","1":"product","2":"type-product","3":"status-publish","4":"has-post-thumbnail","6":"product_cat-rezkalni-stroji-za-kovino","7":"product_cat-stroji-za-kovine","9":"first","10":"instock","11":"shipping-taxable","12":"purchasable","13":"product-type-simple"},"_links":{"self":[{"href":"https:\/\/www.depoles.com\/hr\/wp-json\/wp\/v2\/product\/4688","targetHints":{"allow":["GET"]}}],"collection":[{"href":"https:\/\/www.depoles.com\/hr\/wp-json\/wp\/v2\/product"}],"about":[{"href":"https:\/\/www.depoles.com\/hr\/wp-json\/wp\/v2\/types\/product"}],"wp:featuredmedia":[{"embeddable":true,"href":"https:\/\/www.depoles.com\/hr\/wp-json\/wp\/v2\/media\/759"}],"wp:attachment":[{"href":"https:\/\/www.depoles.com\/hr\/wp-json\/wp\/v2\/media?parent=4688"}],"wp:term":[{"taxonomy":"product_brand","embeddable":true,"href":"https:\/\/www.depoles.com\/hr\/wp-json\/wp\/v2\/product_brand?post=4688"},{"taxonomy":"product_cat","embeddable":true,"href":"https:\/\/www.depoles.com\/hr\/wp-json\/wp\/v2\/product_cat?post=4688"},{"taxonomy":"product_tag","embeddable":true,"href":"https:\/\/www.depoles.com\/hr\/wp-json\/wp\/v2\/product_tag?post=4688"}],"curies":[{"name":"wp","href":"https:\/\/api.w.org\/{rel}","templated":true}]}}