{"id":4691,"date":"2019-11-22T12:50:13","date_gmt":"2019-11-22T11:50:13","guid":{"rendered":"https:\/\/nova.depoles.com\/trgovina\/tezek-rezkalni-stroj-bf500_400v\/"},"modified":"2025-12-17T16:29:30","modified_gmt":"2025-12-17T15:29:30","slug":"tezek-rezkalni-stroj-bf500_400v","status":"publish","type":"product","link":"https:\/\/www.depoles.com\/hr\/trgovina\/tezek-rezkalni-stroj-bf500_400v\/","title":{"rendered":"Te\u0161ki glodalni stroj za metal BF500_400V"},"content":{"rendered":"<p><strong>Tehni\u010dna specifikacija izdelka<\/strong><\/p>\n<ul>\n<li><strong>Motor:<\/strong>\n<ul>\n<li>Mo\u010d motorja S1: 800-1500 W<\/li>\n<li>Mo\u010d motorja S6: 1400-2400 W<\/li>\n<li>Napetost: 400 V<\/li>\n<\/ul>\n<\/li>\n<li><strong>Dimenzije:<\/strong>\n<ul>\n<li>Razpon dosega: 170-640 mm<\/li>\n<li>Velikost mize: 1000 x 240 mm<\/li>\n<\/ul>\n<\/li>\n<li><strong>Tehni\u010dne specifikacije:<\/strong>\n<ul>\n<li>Maksimalna zmogljivost vrtanja: \u00d850 x 125 mm<\/li>\n<li>Hitrost vretena za rezkanje: (8) 115-1760 min\u207b\u00b9<\/li>\n<li>Vpenjalna glava za vrtanje: B18 \/ MK3 \/ MK2<\/li>\n<li>Adapter za rezkanje: ISO40<\/li>\n<li>Vrtenje glave: +\/- 45\u00b0<\/li>\n<li>Hod osi Z: 400 mm<\/li>\n<li>Hod osi Y: 230 mm<\/li>\n<li>Hod osi X: 600 mm<\/li>\n<li>Maksimalna razdalja vretena do mize: 440 mm<\/li>\n<\/ul>\n<\/li>\n<li><strong>Te\u017ea:<\/strong>\n<ul>\n<li>Bruto te\u017ea: 980 kg<\/li>\n<li>Netto te\u017ea: 800 kg<\/li>\n<\/ul>\n<\/li>\n<li><strong>Embala\u017ea:<\/strong>\n<ul>\n<li>Dol\u017eina embala\u017ee: 1120 mm<\/li>\n<li>\u0160irina embala\u017ee: 1320 mm<\/li>\n<li>Vi\u0161ina embala\u017ee: 2220 mm<\/li>\n<\/ul>\n<\/li>\n<li><strong>Splo\u0161ni podatki:<\/strong>\n<ul>\n<li>EAN koda: 9120039905419<\/li>\n<\/ul>\n<\/li>\n<\/ul>\n","protected":false},"excerpt":{"rendered":"<h3>Poudarki izdelka<\/h3>\n<ul>\n<li>Stroj iz litega \u017eeleza, ki absorbira te\u017eke vibracije<\/li>\n<li>Trdna in vrtljiva navpi\u010dna zobni\u0161ka rezkalna glava z vrtljivostjo od +90\u00b0 do -90\u00b0<\/li>\n<li>Oljna kopel z zmletimi in utrjenimi zobniki<\/li>\n<li>Standardno delovanje v smeri CW-CCW<\/li>\n<li>Quill downfeed s tremi ro\u010dicami in natan\u010dnim kolesom<\/li>\n<li>Mo\u017enost nastavitve globine<\/li>\n<li>Te\u017eka in velika kri\u017ena miza z 14 mm T-re\u017eami za pritrditev na primer prime\u017ea<\/li>\n<li>Avtomatsko dovajanje po osi X<\/li>\n<li>Samodejne in nastavljive omejitve osi X<\/li>\n<li>Vodila lastovke mize, nastavljiva preko V-polic<\/li>\n<li>Maksimalna velikost pipe M16<\/li>\n<li>Vklju\u010dena hladilna naprava in halogenska \u017earnica<\/li>\n<\/ul>\n<p><strong>Vklju\u010deno v dobavo:<\/strong> dovod po osi X, hladilni sistem, komplet osmih vpenjalnih nastavkov (4, 5, 6, 8, 10, 12, 14, 16 mm), vpenjalni vijak 1-16 mm (B18), adapterji 1x MT2, 1x MT3, 1x B18, profesionalna vilica \u0161irine 160 mm ter halogenska \u017earnica.<\/p>\n","protected":false},"featured_media":4692,"template":"","meta":[],"product_brand":[],"product_cat":[1056,1043],"product_tag":[],"class_list":{"0":"post-4691","1":"product","2":"type-product","3":"status-publish","4":"has-post-thumbnail","6":"product_cat-rezkalni-stroji-za-kovino","7":"product_cat-stroji-za-kovine","9":"first","10":"instock","11":"shipping-taxable","12":"purchasable","13":"product-type-simple"},"_links":{"self":[{"href":"https:\/\/www.depoles.com\/hr\/wp-json\/wp\/v2\/product\/4691","targetHints":{"allow":["GET"]}}],"collection":[{"href":"https:\/\/www.depoles.com\/hr\/wp-json\/wp\/v2\/product"}],"about":[{"href":"https:\/\/www.depoles.com\/hr\/wp-json\/wp\/v2\/types\/product"}],"wp:featuredmedia":[{"embeddable":true,"href":"https:\/\/www.depoles.com\/hr\/wp-json\/wp\/v2\/media\/4692"}],"wp:attachment":[{"href":"https:\/\/www.depoles.com\/hr\/wp-json\/wp\/v2\/media?parent=4691"}],"wp:term":[{"taxonomy":"product_brand","embeddable":true,"href":"https:\/\/www.depoles.com\/hr\/wp-json\/wp\/v2\/product_brand?post=4691"},{"taxonomy":"product_cat","embeddable":true,"href":"https:\/\/www.depoles.com\/hr\/wp-json\/wp\/v2\/product_cat?post=4691"},{"taxonomy":"product_tag","embeddable":true,"href":"https:\/\/www.depoles.com\/hr\/wp-json\/wp\/v2\/product_tag?post=4691"}],"curies":[{"name":"wp","href":"https:\/\/api.w.org\/{rel}","templated":true}]}}