{"id":4696,"date":"2019-11-22T12:50:12","date_gmt":"2019-11-22T11:50:12","guid":{"rendered":"https:\/\/nova.depoles.com\/trgovina\/rezkalni-stroj-zx7050_400v\/"},"modified":"2025-12-17T23:53:22","modified_gmt":"2025-12-17T22:53:22","slug":"rezkalni-stroj-zx7050_400v","status":"publish","type":"product","link":"https:\/\/www.depoles.com\/hr\/trgovina\/rezkalni-stroj-zx7050_400v\/","title":{"rendered":"Glodalica ZX7050_400V"},"content":{"rendered":"<p><strong>Tehni\u010dna specifikacija izdelka<\/strong><\/p>\n<ul>\n<li><strong>Motor:<\/strong>\n<ul>\n<li>Mo\u010d motorja S1: 1100 W<\/li>\n<li>Mo\u010d motorja S6: 1500 W<\/li>\n<li>Napetost: 400 V<\/li>\n<\/ul>\n<\/li>\n<li><strong>Dimenzije:<\/strong>\n<ul>\n<li>Razpon (outreach): 260 mm<\/li>\n<li>Velikost mize: 240 x 820 mm<\/li>\n<\/ul>\n<\/li>\n<li><strong>Tehni\u010dni podatki:<\/strong>\n<ul>\n<li>Maksimalni premer konji\u010dnega rezkarja: 25 mm<\/li>\n<li>Maksimalni premer \u010delnega rezkarja: 80 mm<\/li>\n<li>Maksimalna zmogljivost vrtanja: \u00d845 x 110 mm<\/li>\n<li>Hitrost vretena za rezkanje: 95 &#8211; 3200 min\u207b\u00b9<\/li>\n<li>Vreteno za vrtanje (kolut): MK4 \/ MT4<\/li>\n<li>Hod po Y osi: 170 mm<\/li>\n<li>Hod po X osi: 540 mm<\/li>\n<li>Maksimalna razdalja med vretenom in mizo: 475 mm<\/li>\n<\/ul>\n<\/li>\n<li><strong>Te\u017ea:<\/strong>\n<ul>\n<li>Bruto te\u017ea: 375 kg<\/li>\n<li>Netto te\u017ea: 330 kg<\/li>\n<\/ul>\n<\/li>\n<li><strong>Embala\u017ea:<\/strong>\n<ul>\n<li>Dol\u017eina embala\u017ee: 1040 mm<\/li>\n<li>\u0160irina embala\u017ee: 770 mm<\/li>\n<li>Vi\u0161ina embala\u017ee: 1160 mm<\/li>\n<\/ul>\n<\/li>\n<li><strong>Splo\u0161ni podatki:<\/strong>\n<ul>\n<li>EAN koda: 9120039901701<\/li>\n<\/ul>\n<\/li>\n<\/ul>\n","protected":false},"excerpt":{"rendered":"<h3> poudarja <\/h3>\n<ul>\n<li> Dvostopenjski motor za \u0161iroko obmo\u010dje vrtljajev <\/li>\n<li> XL-kri\u017ena miza 820x240mm <\/li>\n<li> mlinska glava s 360 \u00b0 nagibom za kotno vrtanje, rezkanje po\u0161evnih plo\u0161\u010d <\/li>\n<li> vodenje glave mlinca in pre\u010dni kri\u017e za maks. natan\u010dnost, nastavljiva s pomo\u010djo gibs <\/li>\n<li> kri\u017ena miza je opremljena s 14-milimetrskimi vodili t-matic za pritrditev naprav, kot je prime\u017e <\/li>\n<li> quill downfeed s tri-goni\u010dnim ro\u010dnim kolesom in drobnim finim dovajanjem prek preciznega kolesa s prikazom globine <\/li>\n<li> Za\u0161\u010dita vretena z nastavljivo vi\u0161ino z mikro stikalom za va\u0161o varnost <\/li>\n<li> s funkcijo tapkanja <\/li>\n<li> izbirno stojalo vklju\u010duje pladenj za orodje <\/li>\n<li> stojalo neobvezno <\/li>\n<\/ul>\n<p> <strong>vklju\u010deno v dobavo:<\/strong> vpenjalna glava 16 mm, reduktor MT4 \/ 3, MT3 \/ 2, klin, hladilni sistem, vle\u010dna palica M12 <\/p><\/p>\n","protected":false},"featured_media":4697,"template":"","meta":[],"product_brand":[],"product_cat":[1056,1043],"product_tag":[],"class_list":{"0":"post-4696","1":"product","2":"type-product","3":"status-publish","4":"has-post-thumbnail","6":"product_cat-rezkalni-stroji-za-kovino","7":"product_cat-stroji-za-kovine","9":"first","10":"instock","11":"shipping-taxable","12":"purchasable","13":"product-type-simple"},"_links":{"self":[{"href":"https:\/\/www.depoles.com\/hr\/wp-json\/wp\/v2\/product\/4696","targetHints":{"allow":["GET"]}}],"collection":[{"href":"https:\/\/www.depoles.com\/hr\/wp-json\/wp\/v2\/product"}],"about":[{"href":"https:\/\/www.depoles.com\/hr\/wp-json\/wp\/v2\/types\/product"}],"wp:featuredmedia":[{"embeddable":true,"href":"https:\/\/www.depoles.com\/hr\/wp-json\/wp\/v2\/media\/4697"}],"wp:attachment":[{"href":"https:\/\/www.depoles.com\/hr\/wp-json\/wp\/v2\/media?parent=4696"}],"wp:term":[{"taxonomy":"product_brand","embeddable":true,"href":"https:\/\/www.depoles.com\/hr\/wp-json\/wp\/v2\/product_brand?post=4696"},{"taxonomy":"product_cat","embeddable":true,"href":"https:\/\/www.depoles.com\/hr\/wp-json\/wp\/v2\/product_cat?post=4696"},{"taxonomy":"product_tag","embeddable":true,"href":"https:\/\/www.depoles.com\/hr\/wp-json\/wp\/v2\/product_tag?post=4696"}],"curies":[{"name":"wp","href":"https:\/\/api.w.org\/{rel}","templated":true}]}}