{"id":4701,"date":"2019-11-22T12:50:03","date_gmt":"2019-11-22T11:50:03","guid":{"rendered":"https:\/\/nova.depoles.com\/trgovina\/tezek-rezkalni-stroj-bf500d_400v\/"},"modified":"2025-12-17T16:30:25","modified_gmt":"2025-12-17T15:30:25","slug":"tezek-rezkalni-stroj-bf500d_400v","status":"publish","type":"product","link":"https:\/\/www.depoles.com\/hr\/trgovina\/tezek-rezkalni-stroj-bf500d_400v\/","title":{"rendered":"Te\u0161ki glodalni stroj za metal BF500D_400V"},"content":{"rendered":"<p><strong>Tehni\u010dna specifikacija izdelka<\/strong><\/p>\n<ul>\n<li><strong>Motor<\/strong>\n<ul>\n<li>Moc motorja S1: 850 \/ 1500 W<\/li>\n<li>Napetost: 400 V<\/li>\n<li>Moc motorja horizontalne gredi: 1,5 kW<\/li>\n<\/ul>\n<\/li>\n<li><strong>Dimenzije<\/strong>\n<ul>\n<li>Razpon dosega: 260-695 mm<\/li>\n<li>Velikost mize: 1000 x 240 mm<\/li>\n<li>Potovanje Z-osi: 400 (250) mm<\/li>\n<li>Potovanje Y-osi: 220 mm<\/li>\n<li>Potovanje X-osi: 560 mm<\/li>\n<li>Najve\u010dja razdalja med vretenom in mizo: 355 mm<\/li>\n<li>Potovanje vretena (quill travel): 120 mm<\/li>\n<\/ul>\n<\/li>\n<li><strong>Tehni\u010dni podatki<\/strong>\n<ul>\n<li>Obrat glave: 90\u00b0<\/li>\n<li>Maksimalna zmogljivost vrtanja: \u00f830 mm<\/li>\n<li>Hitrost vretena za rezkanje vertikalno: 115-1760 min\u207b\u00b9 (8 stopenj)<\/li>\n<li>Hitrost vretena za rezkanje horizontalno: 60-1350 min\u207b\u00b9 (9 stopenj)<\/li>\n<li>Vpenjalni sistem vretena za vrtanje: MK\/MT4<\/li>\n<li>Adapter za rezkanje: ISO40<\/li>\n<\/ul>\n<\/li>\n<li><strong>Te\u017ea<\/strong>\n<ul>\n<li>Bruto te\u017ea: 1.060 kg<\/li>\n<li>Netto te\u017ea: 950 kg<\/li>\n<\/ul>\n<\/li>\n<li><strong>Embalaza<\/strong>\n<ul>\n<li>Dol\u017eina embala\u017ee: 1.120 mm<\/li>\n<li>\u0160irina embala\u017ee: 1.320 mm<\/li>\n<li>Vi\u0161ina embala\u017ee: 2.150 mm<\/li>\n<\/ul>\n<\/li>\n<li><strong>Splo\u0161ni podatki<\/strong>\n<ul>\n<li>EAN koda: 9120039905426<\/li>\n<\/ul>\n<\/li>\n<\/ul>\n","protected":false},"excerpt":{"rendered":"<h3>Poudarki<\/h3>\n<ul>\n<li><strong>POZOR: BREZ DIGITALNEGA PRIKAZA!<\/strong><\/li>\n<li>Stroj iz litega \u017eeleza, ki absorbira te\u017eke vibracije<\/li>\n<li>Trdna in vrtljiva navpi\u010dna zobni\u0161ka rezkalna glava (+90\u00b0 do -90\u00b0)<\/li>\n<li>Oljna kopel z zmletimi in utrjenimi zobniki<\/li>\n<li>Delovanje v smeri CW-CCW kot standard<\/li>\n<li>Navpi\u010dni pomik s tremi ro\u010dicami in natan\u010dnim kolesom za globino<\/li>\n<li>Te\u017eka in velika kri\u017ena miza z 14 mm T-re\u017eami za pritrditev, na primer prime\u017ea<\/li>\n<li>Avtomatsko dovajanje po osi X z nastavljivimi omejitvami<\/li>\n<li>Vodila lastovke mize, nastavljiva prek V-polic<\/li>\n<li>Maksimalna velikost pipe M16<\/li>\n<li>Vklju\u010den hladilni sistem in halogenska \u017earnica<\/li>\n<li>Funkcija horizontalnega rezkanja s hitro in enostavno preobrazbo<\/li>\n<\/ul>\n<p><strong>Vklju\u010deno v dobavo:<\/strong> hladilni sistem, podajalni drog osi X 22 mm, rezkalna palica 27 mm, komplet osmih vpenjalnih nastavkov (4, 5, 6, 8, 10, 12, 14, 16 mm), vpenjalna glava 1-16 mm (B18), adapterji 1x MT3, 1x MT2, 1x B18, profesionalni prime\u017e s \u0161irino \u010deljusti 160 mm ter halogenska \u017earnica.<\/p>\n","protected":false},"featured_media":4702,"template":"","meta":[],"product_brand":[],"product_cat":[1056,1043],"product_tag":[],"class_list":{"0":"post-4701","1":"product","2":"type-product","3":"status-publish","4":"has-post-thumbnail","6":"product_cat-rezkalni-stroji-za-kovino","7":"product_cat-stroji-za-kovine","9":"first","10":"instock","11":"shipping-taxable","12":"purchasable","13":"product-type-simple"},"_links":{"self":[{"href":"https:\/\/www.depoles.com\/hr\/wp-json\/wp\/v2\/product\/4701","targetHints":{"allow":["GET"]}}],"collection":[{"href":"https:\/\/www.depoles.com\/hr\/wp-json\/wp\/v2\/product"}],"about":[{"href":"https:\/\/www.depoles.com\/hr\/wp-json\/wp\/v2\/types\/product"}],"wp:featuredmedia":[{"embeddable":true,"href":"https:\/\/www.depoles.com\/hr\/wp-json\/wp\/v2\/media\/4702"}],"wp:attachment":[{"href":"https:\/\/www.depoles.com\/hr\/wp-json\/wp\/v2\/media?parent=4701"}],"wp:term":[{"taxonomy":"product_brand","embeddable":true,"href":"https:\/\/www.depoles.com\/hr\/wp-json\/wp\/v2\/product_brand?post=4701"},{"taxonomy":"product_cat","embeddable":true,"href":"https:\/\/www.depoles.com\/hr\/wp-json\/wp\/v2\/product_cat?post=4701"},{"taxonomy":"product_tag","embeddable":true,"href":"https:\/\/www.depoles.com\/hr\/wp-json\/wp\/v2\/product_tag?post=4701"}],"curies":[{"name":"wp","href":"https:\/\/api.w.org\/{rel}","templated":true}]}}